{"id":2271,"date":"2020-01-27T09:53:00","date_gmt":"2020-01-27T08:53:00","guid":{"rendered":"https:\/\/www.md-elektronik.de\/?page_id=2271"},"modified":"2024-07-10T09:24:31","modified_gmt":"2024-07-10T07:24:31","slug":"pie-de-imprenta","status":"publish","type":"page","link":"https:\/\/www.md-elektronik.com\/es\/pie-de-imprenta\/","title":{"rendered":"Pie de imprenta"},"content":{"rendered":"\n<div class=\"row\"  id=\"row-812659283\">\n\n\n\t<div id=\"col-1986983637\" class=\"col small-12 large-12\"  >\n\t\t\t\t<div class=\"col-inner\"  >\n\t\t\t\n\t\t\t\n\n<h1>Aviso legal<\/h1>\n<p><strong>Direcci\u00f3n de la empresa<\/strong><br \/>MD ELEKTRONIK GmbH<br \/>Neutraublinger Stra\u00dfe 4<br \/>84478 Waldkraiburg<br \/>Alemania<\/p>\n<p>t.: +49 8638 \/ 604 \u2013 0<br \/>f.: +49 8638 \/ 604 \u2013 169<\/p>\n<p>e.: info@md-elektronik.com<\/p>\n<p>Internet:\u00a0<a  href=\"http:\/\/www.md-elektronik.de\/\"  dpc-external=\"true\"  target=\"_blank\"  rel=\"nofollow\" >https:\/\/www.md-elektronik.com<\/a><\/p>\n<p><strong>Gerencia de la empresa<\/strong><br \/>Robert Hofmann<br \/>Ctibor \u017di\u017eka<br \/>Ralf Eckert<br \/>Matthias Borkowski<\/p>\n<p><strong>N.I.F Intracomunitario<\/strong><br \/>DE 129 263 719<\/p>\n<p><strong>Tribunal de registro<\/strong><br \/>Traunstein (Alemania) HRB 1514<\/p>\n<p>Todos los contenidos de este sitio web han sido elaborados con el mayor cuidado posible. Sin embargo, MD ELEKTRONIK GmbH no puede garantizar la ausencia de errores, exactitud e integridad de toda la informaci\u00f3n y contenidos incluidos. Queda excluida cualquier garant\u00eda y\/o responsabilidad.<\/p>\n<p>Reservados todos los derechos.<\/p>\n<p><a href=\"mailto:incident@md-elektronik.de\">Denuncia:<\/a><a href=\"mailto:incident@md-elektronik.de\"> Si desea notificar un suceso cr\u00edtico, p\u00f3ngase en contacto con nosotros por v\u00eda electr\u00f3nica en incident@md-elektronik.de o por correo, indicando \u00abconfidential\u00bb, a MD ELEKTRONIK GmbH, Legal &amp; Risk, Postfach 13 53, D-84466 Waldkraiburg.<\/a><a href=\"mailto:incident@md-elektronik.de\">Tambi\u00e9n puede dejar un mensaje de voz llamando al +49 8638 \/ 604 -324. Su notificaci\u00f3n ser\u00e1 tratada de forma confidencial.<\/a><\/p>\n\n\t\t<\/div>\n\t\t\t\t\t<\/div>\n\n\t\n\n<\/div>\n\n","protected":false},"excerpt":{"rendered":"","protected":false},"author":2,"featured_media":0,"parent":0,"menu_order":200,"comment_status":"closed","ping_status":"closed","template":"","meta":{"footnotes":""},"class_list":["post-2271","page","type-page","status-publish","hentry"],"_links":{"self":[{"href":"https:\/\/www.md-elektronik.com\/es\/wp-json\/wp\/v2\/pages\/2271","targetHints":{"allow":["GET"]}}],"collection":[{"href":"https:\/\/www.md-elektronik.com\/es\/wp-json\/wp\/v2\/pages"}],"about":[{"href":"https:\/\/www.md-elektronik.com\/es\/wp-json\/wp\/v2\/types\/page"}],"author":[{"embeddable":true,"href":"https:\/\/www.md-elektronik.com\/es\/wp-json\/wp\/v2\/users\/2"}],"replies":[{"embeddable":true,"href":"https:\/\/www.md-elektronik.com\/es\/wp-json\/wp\/v2\/comments?post=2271"}],"version-history":[{"count":9,"href":"https:\/\/www.md-elektronik.com\/es\/wp-json\/wp\/v2\/pages\/2271\/revisions"}],"predecessor-version":[{"id":23103,"href":"https:\/\/www.md-elektronik.com\/es\/wp-json\/wp\/v2\/pages\/2271\/revisions\/23103"}],"wp:attachment":[{"href":"https:\/\/www.md-elektronik.com\/es\/wp-json\/wp\/v2\/media?parent=2271"}],"curies":[{"name":"wp","href":"https:\/\/api.w.org\/{rel}","templated":true}]}}