{"id":22954,"date":"2024-06-27T13:15:23","date_gmt":"2024-06-27T11:15:23","guid":{"rendered":"https:\/\/www.md-elektronik.com\/?page_id=22954"},"modified":"2024-06-27T13:48:00","modified_gmt":"2024-06-27T11:48:00","slug":"glosario","status":"publish","type":"page","link":"https:\/\/www.md-elektronik.com\/es\/glosario\/","title":{"rendered":"Glosario"},"content":{"rendered":"\n\n\t<section class=\"section\" id=\"section_1057443955\">\n\t\t<div class=\"section-bg fill\" >\n\t\t\t\t\t\t\t\t\t\n\t\t\t\n\n\t\t<\/div>\n\n\t\t\n\n\t\t<div class=\"section-content relative\">\n\t\t\t\n\n<div class=\"row row-collapse row-full-width align-middle\"  id=\"row-1802982884\">\n\n\n\t<div id=\"col-442822024\" class=\"col medium-6 small-12 large-6\"  >\n\t\t\t\t<div class=\"col-inner text-center\"  >\n\t\t\t\n\t\t\t\n\n<h1><span style=\"font-size: 120%;\">Diccionario de automoci\u00f3n: <\/span><br \/><span style=\"font-size: 120%;\">el glosario de MD<\/span><\/h1>\n<p><span style=\"font-size: 150%;\">En nuestro glosario le explicamos t\u00e9rminos y denominaciones relacionados con la red de a bordo, la transmisi\u00f3n de datos en el veh\u00edculo y el sector automovil\u00edstico en general. \u00a1Aproveche nuestra experiencia para sus b\u00fasquedas!<\/span><\/p>\n\n\t\t<\/div>\n\t\t\t\t\n<style>\n#col-442822024 > .col-inner {\n  padding: 30px 30px 30px 30px;\n}\n@media (min-width:550px) {\n  #col-442822024 > .col-inner {\n    padding: 60px 60px 60px 60px;\n  }\n}\n<\/style>\n\t<\/div>\n\n\t\n\n\t<div id=\"col-148894197\" class=\"col hide-for-small medium-6 small-12 large-6\"  data-animate=\"fadeInUp\">\n\t\t\t\t<div class=\"col-inner\"  >\n\t\t\t\n\t\t\t\n\n\t<div class=\"img has-hover x md-x lg-x y md-y lg-y\" id=\"image_1358208808\">\n\t\t\t\t\t\t\t\t<div class=\"img-inner image-zoom image-cover dark\" style=\"padding-top:56.25%;\">\n\t\t\t<img decoding=\"async\" width=\"822\" height=\"469\" src=\"https:\/\/www.md-elektronik.com\/wp-content\/uploads\/2023\/10\/glossar-title-image.jpg\" class=\"attachment-original size-original\" alt=\"\" srcset=\"https:\/\/www.md-elektronik.com\/wp-content\/uploads\/2023\/10\/glossar-title-image.jpg 822w, https:\/\/www.md-elektronik.com\/wp-content\/uploads\/2023\/10\/glossar-title-image-300x171.jpg 300w, https:\/\/www.md-elektronik.com\/wp-content\/uploads\/2023\/10\/glossar-title-image-768x438.jpg 768w\" sizes=\"(max-width: 822px) 100vw, 822px\" \/>\t\t\t\t\t\t\n\t\t\t\t\t<\/div>\n\t\t\t\t\t\t\t\t\n<style>\n#image_1358208808 {\n  width: 100%;\n}\n<\/style>\n\t<\/div>\n\t\n\n\n\t\t<\/div>\n\t\t\t\t\t<\/div>\n\n\t\n\n\n<style>\n#row-1802982884 > .col > .col-inner {\n  background-color: rgb(255, 255, 255);\n}\n<\/style>\n<\/div>\n\n\t\t<\/div>\n\n\t\t\n<style>\n#section_1057443955 {\n  padding-top: 0px;\n  padding-bottom: 0px;\n  background-color: rgb(255,255,255);\n}\n<\/style>\n\t<\/section>\n\t\n\n\t<section class=\"section\" id=\"section_1374355731\">\n\t\t<div class=\"section-bg fill\" >\n\t\t\t\t\t\t\t\t\t\n\t\t\t\n\n\t\t<\/div>\n\n\t\t\n\n\t\t<div class=\"section-content relative\">\n\t\t\t\n\n<div class=\"row align-middle\"  id=\"row-42188916\">\n\n\n\t<div id=\"col-826031504\" class=\"col small-12 large-12\"  >\n\t\t\t\t<div class=\"col-inner\"  >\n\t\t\t\n\t\t\t\n\n<div class=\"posts-buttons-container\"><a href=\"https:\/\/www.md-elektronik.com\/es\/a%c2%b2b-automotive-audio-bus\/\" class=\"post-button\">A\u00b2B (Automotive Audio Bus)\u00a0<\/a><a href=\"https:\/\/www.md-elektronik.com\/es\/adas\/\" class=\"post-button\">ADAS<\/a><a href=\"https:\/\/www.md-elektronik.com\/es\/amec\/\" class=\"post-button\">AMEC<\/a><a href=\"https:\/\/www.md-elektronik.com\/es\/apantallamiento\/\" class=\"post-button\">Apantallamiento<\/a><a href=\"https:\/\/www.md-elektronik.com\/es\/apix\/\" class=\"post-button\">APIX<\/a><a href=\"https:\/\/www.md-elektronik.com\/es\/automotive-ethernet\/\" class=\"post-button\">Automotive Ethernet<\/a><a href=\"https:\/\/www.md-elektronik.com\/es\/c-a-s-e\/\" class=\"post-button\">C.A.S.E<\/a><a href=\"https:\/\/www.md-elektronik.com\/es\/coax\/\" class=\"post-button\">Coax<\/a><a href=\"https:\/\/www.md-elektronik.com\/es\/conduccion-autonoma\/\" class=\"post-button\">Conducci\u00f3n aut\u00f3noma<\/a><a href=\"https:\/\/www.md-elektronik.com\/es\/conexiones-backbone\/\" class=\"post-button\">Conexiones Backbone<\/a><a href=\"https:\/\/www.md-elektronik.com\/es\/confeccion-de-cables\/\" class=\"post-button\">Confecci\u00f3n de cables<\/a><a href=\"https:\/\/www.md-elektronik.com\/es\/fpd-link\/\" class=\"post-button\">FPD-Link<\/a><a href=\"https:\/\/www.md-elektronik.com\/es\/gmsl\/\" class=\"post-button\">GMSL<\/a><a href=\"https:\/\/www.md-elektronik.com\/es\/h-mtd\/\" class=\"post-button\">H-MTD<\/a><a href=\"https:\/\/www.md-elektronik.com\/es\/hsd\/\" class=\"post-button\">HSD<\/a><a href=\"https:\/\/www.md-elektronik.com\/es\/latencia\/\" class=\"post-button\">Latencia<\/a><a href=\"https:\/\/www.md-elektronik.com\/es\/lidar\/\" class=\"post-button\">LiDAR<\/a><a href=\"https:\/\/www.md-elektronik.com\/es\/lvds\/\" class=\"post-button\">LVDS<\/a><a href=\"https:\/\/www.md-elektronik.com\/es\/multi-gig-ethernet-multi-gigabit-ethernet\/\" class=\"post-button\">Multi-Gig Ethernet (Multi-Gigabit Ethernet)<\/a><a href=\"https:\/\/www.md-elektronik.com\/es\/on-board-diagnostics-obd\/\" class=\"post-button\">On-board diagnostics (OBD)<\/a><a href=\"https:\/\/www.md-elektronik.com\/es\/pof\/\" class=\"post-button\">POF<\/a><a href=\"https:\/\/www.md-elektronik.com\/es\/radar\/\" class=\"post-button\">Radar<\/a><a href=\"https:\/\/www.md-elektronik.com\/es\/sistemas-de-sensores\/\" class=\"post-button\">Sistemas de sensores<\/a><a href=\"https:\/\/www.md-elektronik.com\/es\/v2x\/\" class=\"post-button\">V2X<\/a><a href=\"https:\/\/www.md-elektronik.com\/es\/wigig\/\" class=\"post-button\">WiGig<\/a><\/div>\n\n\t\t<\/div>\n\t\t\t\t\n<style>\n#col-826031504 > .col-inner {\n  padding: 45px 0px 0px 0px;\n}\n<\/style>\n\t<\/div>\n\n\t\n\n<\/div>\n\n\t\t<\/div>\n\n\t\t\n<style>\n#section_1374355731 {\n  padding-top: 30px;\n  padding-bottom: 30px;\n}\n<\/style>\n\t<\/section>\n\t\n\n\t<section class=\"section mb-20\" id=\"section_767343389\">\n\t\t<div class=\"section-bg fill\" >\n\t\t\t\t\t\t\t\t\t\n\t\t\t\n\n\t\t<\/div>\n\n\t\t\n\n\t\t<div class=\"section-content relative\">\n\t\t\t\n\n<div class=\"row\"  id=\"row-554540951\">\n\n\n\t<div id=\"col-1897719104\" class=\"col small-12 large-12\"  >\n\t\t\t\t<div class=\"col-inner text-center\"  >\n\t\t\t\n\t\t\t\n\n<p><strong><span style=\"font-size: 110%;\">Estaremos encantados de asesorarle en todo momento.<\/p>\n<p><\/span> <\/strong><\/p>\n\n\t\t<\/div>\n\t\t\t\t\n<style>\n#col-1897719104 > .col-inner {\n  padding: 30px 30px 30px 30px;\n}\n@media (min-width:550px) {\n  #col-1897719104 > .col-inner {\n    padding: 60px 60px 0px 60px;\n  }\n}\n<\/style>\n\t<\/div>\n\n\t\n\n<\/div>\n<div class=\"row\"  id=\"row-1778480554\">\n\n\n\t<div id=\"col-46056450\" class=\"col small-12 large-12\"  >\n\t\t\t\t<div class=\"col-inner text-center\"  >\n\t\t\t\n\t\t\t\n\n<a href=\"https:\/\/www.md-elektronik.com\/es\/contacto\/\" class=\"button primary is-outline\"  style=\"border-radius:99px;\">\n\t\t<span>P\u00f3ngase en contacto con nosotros<\/span>\n\t<i class=\"icon-angle-right\" aria-hidden=\"true\" ><\/i><\/a>\n\n\n\n\t\t<\/div>\n\t\t\t\t\n<style>\n#col-46056450 > .col-inner {\n  padding: 0px 0px 0px 0px;\n}\n<\/style>\n\t<\/div>\n\n\t\n\n<\/div>\n\n\t\t<\/div>\n\n\t\t\n<style>\n#section_767343389 {\n  padding-top: 0px;\n  padding-bottom: 0px;\n  background-color: rgb(255, 255, 255);\n}\n<\/style>\n\t<\/section>\n\t\n\n","protected":false},"excerpt":{"rendered":"","protected":false},"author":1,"featured_media":0,"parent":0,"menu_order":0,"comment_status":"closed","ping_status":"closed","template":"page-blank.php","meta":{"footnotes":""},"class_list":["post-22954","page","type-page","status-publish","hentry"],"_links":{"self":[{"href":"https:\/\/www.md-elektronik.com\/es\/wp-json\/wp\/v2\/pages\/22954","targetHints":{"allow":["GET"]}}],"collection":[{"href":"https:\/\/www.md-elektronik.com\/es\/wp-json\/wp\/v2\/pages"}],"about":[{"href":"https:\/\/www.md-elektronik.com\/es\/wp-json\/wp\/v2\/types\/page"}],"author":[{"embeddable":true,"href":"https:\/\/www.md-elektronik.com\/es\/wp-json\/wp\/v2\/users\/1"}],"replies":[{"embeddable":true,"href":"https:\/\/www.md-elektronik.com\/es\/wp-json\/wp\/v2\/comments?post=22954"}],"version-history":[{"count":4,"href":"https:\/\/www.md-elektronik.com\/es\/wp-json\/wp\/v2\/pages\/22954\/revisions"}],"predecessor-version":[{"id":23018,"href":"https:\/\/www.md-elektronik.com\/es\/wp-json\/wp\/v2\/pages\/22954\/revisions\/23018"}],"wp:attachment":[{"href":"https:\/\/www.md-elektronik.com\/es\/wp-json\/wp\/v2\/media?parent=22954"}],"curies":[{"name":"wp","href":"https:\/\/api.w.org\/{rel}","templated":true}]}}