{"id":23124,"date":"2024-07-10T14:27:03","date_gmt":"2024-07-10T12:27:03","guid":{"rendered":"https:\/\/www.md-elektronik.com\/gerd-mittermaier\/"},"modified":"2024-07-10T14:35:52","modified_gmt":"2024-07-10T12:35:52","slug":"gerd-mittermaier","status":"publish","type":"page","link":"https:\/\/www.md-elektronik.com\/es\/gerd-mittermaier\/","title":{"rendered":"Gerd Mittermaier"},"content":{"rendered":"\n<div class=\"message-box relative\" style=\"padding-top:30px;padding-bottom:30px;\"><div class=\"message-box-bg-image bg-fill fill\" ><\/div><div class=\"message-box-bg-overlay bg-fill fill\" style=\"background-color:rgb(245, 245, 247);\"><\/div><div class=\"container relative\"><div class=\"inner last-reset\">\n\n<div class=\"row align-equal align-center\"  id=\"row-853227140\">\n\n\n\t<div id=\"col-2125932990\" class=\"col medium-3 small-12 large-3\"  >\n\t\t\t\t<div class=\"col-inner\"  >\n\t\t\t\n\t\t\t\n\n\t<div id=\"gap-1112025243\" class=\"gap-element clearfix\" style=\"display:block; height:auto;\">\n\t\t\n<style>\n#gap-1112025243 {\n  padding-top: 10px;\n}\n<\/style>\n\t<\/div>\n\t\n\n\t<div class=\"img has-hover x md-x lg-x y md-y lg-y\" id=\"image_1561555864\">\n\t\t\t\t\t\t\t\t<div class=\"img-inner dark\" >\n\t\t\t<img decoding=\"async\" width=\"789\" height=\"789\" src=\"https:\/\/www.md-elektronik.com\/wp-content\/uploads\/2024\/07\/gerd-mittermeier_quadr.png\" class=\"attachment-large size-large\" alt=\"\" srcset=\"https:\/\/www.md-elektronik.com\/wp-content\/uploads\/2024\/07\/gerd-mittermeier_quadr.png 789w, https:\/\/www.md-elektronik.com\/wp-content\/uploads\/2024\/07\/gerd-mittermeier_quadr-300x300.png 300w, https:\/\/www.md-elektronik.com\/wp-content\/uploads\/2024\/07\/gerd-mittermeier_quadr-150x150.png 150w, https:\/\/www.md-elektronik.com\/wp-content\/uploads\/2024\/07\/gerd-mittermeier_quadr-768x768.png 768w\" sizes=\"(max-width: 789px) 100vw, 789px\" \/>\t\t\t\t\t\t\n\t\t\t\t\t<\/div>\n\t\t\t\t\t\t\t\t\n<style>\n#image_1561555864 {\n  width: 99%;\n}\n<\/style>\n\t<\/div>\n\t\n\n\n\t\t<\/div>\n\t\t\t\t\t<\/div>\n\n\t\n\n\t<div id=\"col-2122896312\" class=\"col medium-9 small-12 large-9\"  >\n\t\t\t\t<div class=\"col-inner\"  >\n\t\t\t\n\t\t\t\n\n<p><span style=\"font-size: 130%;\"><strong>Gerd Mittermaier<\/strong><\/span><\/p>\n<p>Gerd Mittermaier, Global Vice President Product Management \u2013 Markets \u2013 R&D, es el responsable de desarrollo de producto, Innovation Management, Product Management y patentes dentro del Grupo MD. Le entusiasman las tecnolog\u00edas m\u00e1s recientes de la comunicaci\u00f3n y la conducci\u00f3n interconectada en la industria automovil\u00edstica. Su experiencia de m\u00e1s de 15 a\u00f1os en el sector y sus 12 a\u00f1os de responsabilidad directiva en las \u00e1reas de asistencia t\u00e9cnica al cliente, distribuci\u00f3n e I+D lo convierten en todo un experto en la materia. Adem\u00e1s de su estrecho contacto con los fabricantes de automoci\u00f3n, de su antigua actividad como desarrollador de semiconductores conserva una comunicaci\u00f3n frecuente con los fabricantes de semiconductores.<br \/>\nA trav\u00e9s de las oficinas MD Tech Offices que ha establecido en San Jos\u00e9 (California, EE. UU.) y Shenzhen (China), el grupo MD puede mantener un intenso contacto con los centros de tecnolog\u00eda globales.<\/p>\n\n\t\t<\/div>\n\t\t\t\t\t<\/div>\n\n\t\n\n\n<style>\n#row-853227140 > .col > .col-inner {\n  padding: 0 0px 0px 0px;\n}\n<\/style>\n<\/div>\n\n<\/div><\/div><\/div>\n\n\n","protected":false},"excerpt":{"rendered":"","protected":false},"author":2,"featured_media":0,"parent":0,"menu_order":0,"comment_status":"closed","ping_status":"closed","template":"","meta":{"footnotes":""},"class_list":["post-23124","page","type-page","status-publish","hentry"],"_links":{"self":[{"href":"https:\/\/www.md-elektronik.com\/es\/wp-json\/wp\/v2\/pages\/23124","targetHints":{"allow":["GET"]}}],"collection":[{"href":"https:\/\/www.md-elektronik.com\/es\/wp-json\/wp\/v2\/pages"}],"about":[{"href":"https:\/\/www.md-elektronik.com\/es\/wp-json\/wp\/v2\/types\/page"}],"author":[{"embeddable":true,"href":"https:\/\/www.md-elektronik.com\/es\/wp-json\/wp\/v2\/users\/2"}],"replies":[{"embeddable":true,"href":"https:\/\/www.md-elektronik.com\/es\/wp-json\/wp\/v2\/comments?post=23124"}],"version-history":[{"count":1,"href":"https:\/\/www.md-elektronik.com\/es\/wp-json\/wp\/v2\/pages\/23124\/revisions"}],"predecessor-version":[{"id":23129,"href":"https:\/\/www.md-elektronik.com\/es\/wp-json\/wp\/v2\/pages\/23124\/revisions\/23129"}],"wp:attachment":[{"href":"https:\/\/www.md-elektronik.com\/es\/wp-json\/wp\/v2\/media?parent=23124"}],"curies":[{"name":"wp","href":"https:\/\/api.w.org\/{rel}","templated":true}]}}