{"id":23985,"date":"2024-09-11T08:29:08","date_gmt":"2024-09-11T06:29:08","guid":{"rendered":"https:\/\/www.md-elektronik.com\/autor-oscar-vega\/"},"modified":"2024-09-11T08:29:42","modified_gmt":"2024-09-11T06:29:42","slug":"autor-oscar-vega","status":"publish","type":"page","link":"https:\/\/www.md-elektronik.com\/es\/autor-oscar-vega\/","title":{"rendered":"Autor Oscar Vega"},"content":{"rendered":"\n<div class=\"message-box relative\" style=\"padding-top:30px;padding-bottom:30px;\"><div class=\"message-box-bg-image bg-fill fill\" ><\/div><div class=\"message-box-bg-overlay bg-fill fill\" style=\"background-color:rgb(245, 245, 247);\"><\/div><div class=\"container relative\"><div class=\"inner last-reset\">\r\n\r\n<div class=\"row align-equal align-center\"  id=\"row-910106587\">\r\n\r\n\n\t<div id=\"col-1939647664\" class=\"col medium-3 small-12 large-3\"  >\n\t\t\t\t<div class=\"col-inner\"  >\n\t\t\t\n\t\t\t\r\n\r\n\t<div id=\"gap-1493148886\" class=\"gap-element clearfix\" style=\"display:block; height:auto;\">\n\t\t\n<style>\n#gap-1493148886 {\n  padding-top: 10px;\n}\n<\/style>\n\t<\/div>\n\t\r\n\r\n\t<div class=\"img has-hover x md-x lg-x y md-y lg-y\" id=\"image_1640250613\">\n\t\t\t\t\t\t\t\t<div class=\"img-inner dark\" >\n\t\t\t<img decoding=\"async\" width=\"800\" height=\"800\" src=\"https:\/\/www.md-elektronik.com\/wp-content\/uploads\/2024\/09\/DSC02239-Vega-Oscar-high.jpg\" class=\"attachment-large size-large\" alt=\"\" srcset=\"https:\/\/www.md-elektronik.com\/wp-content\/uploads\/2024\/09\/DSC02239-Vega-Oscar-high.jpg 800w, https:\/\/www.md-elektronik.com\/wp-content\/uploads\/2024\/09\/DSC02239-Vega-Oscar-high-300x300.jpg 300w, https:\/\/www.md-elektronik.com\/wp-content\/uploads\/2024\/09\/DSC02239-Vega-Oscar-high-150x150.jpg 150w, https:\/\/www.md-elektronik.com\/wp-content\/uploads\/2024\/09\/DSC02239-Vega-Oscar-high-768x768.jpg 768w\" sizes=\"(max-width: 800px) 100vw, 800px\" \/>\t\t\t\t\t\t\n\t\t\t\t\t<\/div>\n\t\t\t\t\t\t\t\t\n<style>\n#image_1640250613 {\n  width: 99%;\n}\n<\/style>\n\t<\/div>\n\t\r\n\r\n\t\t<\/div>\n\t\t\t\t\t<\/div>\n\n\t\r\n\n\t<div id=\"col-1528778092\" class=\"col medium-9 small-12 large-9\"  >\n\t\t\t\t<div class=\"col-inner\"  >\n\t\t\t\n\t\t\t\r\n\r\n<span style=\"font-size: 130%;\"><strong>Oscar Vega<\/strong><\/span>\r\n\r\nOscar Vega es Project &amp; Application Engineering Manager en la planta de producci\u00f3n de MD ELEKTRONIK en Le\u00f3n, Gto, M\u00e9xico. Con m\u00e1s de una d\u00e9cada de experiencia en la industria automovil\u00edstica, el viaje de Oscar lo ha llevado a diferentes pa\u00edses, incluyendo EE.\u00a0UU., China, Jap\u00f3n, Alemania y M\u00e9xico.\r\n\r\nCon su especializaci\u00f3n en gesti\u00f3n de programas, investigaci\u00f3n y desarrollo y aseguramiento de la calidad, Oscar aporta una experiencia muy valiosa a MD, fomentando la innovaci\u00f3n y la excelencia en la ingenier\u00eda de la automoci\u00f3n.\r\n\r\n\u00bfCu\u00e1l es la misi\u00f3n de Oscar? Se centra en el trabajo en equipo y la resoluci\u00f3n creativa de problemas. Le encanta colaborar con los clientes y socios para afrontar los desaf\u00edos en constante evoluci\u00f3n de nuestro panorama tecnol\u00f3gico.\r\n\r\nLa prioridad de Oscar es crear un entorno de apoyo donde todo el mundo pueda progresar. Cree en el fomento del crecimiento y la motivaci\u00f3n entre los miembros de su equipo para alcanzar juntos los objetivos de MD.\r\n\r\nMediante la comunicaci\u00f3n abierta y el empoderamiento, Oscar se asegura de que cada uno de los miembros de su equipo se sienta valorado y motivado para dar lo mejor de s\u00ed mismo, porque sabe que el \u00e9xito individual es el \u00e9xito de toda la empresa.\r\n\r\n\t\t<\/div>\n\t\t\t\t\t<\/div>\n\n\t\r\n\r\n\n<style>\n#row-910106587 > .col > .col-inner {\n  padding: 0 0px 0px 0px;\n}\n<\/style>\n<\/div>\r\n\r\n<\/div><\/div><\/div>\n\n\n","protected":false},"excerpt":{"rendered":"","protected":false},"author":1,"featured_media":0,"parent":0,"menu_order":0,"comment_status":"closed","ping_status":"closed","template":"","meta":{"footnotes":""},"class_list":["post-23985","page","type-page","status-publish","hentry"],"_links":{"self":[{"href":"https:\/\/www.md-elektronik.com\/es\/wp-json\/wp\/v2\/pages\/23985","targetHints":{"allow":["GET"]}}],"collection":[{"href":"https:\/\/www.md-elektronik.com\/es\/wp-json\/wp\/v2\/pages"}],"about":[{"href":"https:\/\/www.md-elektronik.com\/es\/wp-json\/wp\/v2\/types\/page"}],"author":[{"embeddable":true,"href":"https:\/\/www.md-elektronik.com\/es\/wp-json\/wp\/v2\/users\/1"}],"replies":[{"embeddable":true,"href":"https:\/\/www.md-elektronik.com\/es\/wp-json\/wp\/v2\/comments?post=23985"}],"version-history":[{"count":1,"href":"https:\/\/www.md-elektronik.com\/es\/wp-json\/wp\/v2\/pages\/23985\/revisions"}],"predecessor-version":[{"id":23990,"href":"https:\/\/www.md-elektronik.com\/es\/wp-json\/wp\/v2\/pages\/23985\/revisions\/23990"}],"wp:attachment":[{"href":"https:\/\/www.md-elektronik.com\/es\/wp-json\/wp\/v2\/media?parent=23985"}],"curies":[{"name":"wp","href":"https:\/\/api.w.org\/{rel}","templated":true}]}}