{"id":24527,"date":"2024-10-15T12:46:34","date_gmt":"2024-10-15T10:46:34","guid":{"rendered":"https:\/\/www.md-elektronik.com\/teddy-ishida\/"},"modified":"2024-10-15T12:47:30","modified_gmt":"2024-10-15T10:47:30","slug":"teddy-ishida","status":"publish","type":"page","link":"https:\/\/www.md-elektronik.com\/es\/teddy-ishida\/","title":{"rendered":"Teddy Ishida"},"content":{"rendered":"\n<div class=\"message-box relative\" style=\"padding-top:30px;padding-bottom:30px;\"><div class=\"message-box-bg-image bg-fill fill\" ><\/div><div class=\"message-box-bg-overlay bg-fill fill\" style=\"background-color:rgb(245, 245, 247);\"><\/div><div class=\"container relative\"><div class=\"inner last-reset\">\n\n<div class=\"row align-equal align-center\"  id=\"row-173559\">\n\n\n\t<div id=\"col-1511940926\" class=\"col medium-3 small-12 large-3\"  >\n\t\t\t\t<div class=\"col-inner\"  >\n\t\t\t\n\t\t\t\n\n\t<div id=\"gap-916711544\" class=\"gap-element clearfix\" style=\"display:block; height:auto;\">\n\t\t\n<style>\n#gap-916711544 {\n  padding-top: 10px;\n}\n<\/style>\n\t<\/div>\n\t\n\n\t<div class=\"img has-hover x md-x lg-x y md-y lg-y\" id=\"image_1388856774\">\n\t\t\t\t\t\t\t\t<div class=\"img-inner dark\" >\n\t\t\t<img decoding=\"async\" width=\"800\" height=\"800\" src=\"https:\/\/www.md-elektronik.com\/wp-content\/uploads\/2024\/10\/teddy-ishida.png\" class=\"attachment-large size-large\" alt=\"\" srcset=\"https:\/\/www.md-elektronik.com\/wp-content\/uploads\/2024\/10\/teddy-ishida.png 800w, https:\/\/www.md-elektronik.com\/wp-content\/uploads\/2024\/10\/teddy-ishida-300x300.png 300w, https:\/\/www.md-elektronik.com\/wp-content\/uploads\/2024\/10\/teddy-ishida-150x150.png 150w, https:\/\/www.md-elektronik.com\/wp-content\/uploads\/2024\/10\/teddy-ishida-768x768.png 768w\" sizes=\"(max-width: 800px) 100vw, 800px\" \/>\t\t\t\t\t\t\n\t\t\t\t\t<\/div>\n\t\t\t\t\t\t\t\t\n<style>\n#image_1388856774 {\n  width: 99%;\n}\n<\/style>\n\t<\/div>\n\t\n\n\n\t\t<\/div>\n\t\t\t\t\t<\/div>\n\n\t\n\n\t<div id=\"col-1325468039\" class=\"col medium-9 small-12 large-9\"  >\n\t\t\t\t<div class=\"col-inner\"  >\n\t\t\t\n\t\t\t\n\n<p><span style=\"font-size: 130%;\"><strong>Teddy (Tetsuro) Ishida<\/strong><\/span><\/p>\n<p>Teddy Ishida es un experto en ingenier\u00eda y gesti\u00f3n de proyectos con m\u00e1s de tres d\u00e9cadas de experiencia en la electr\u00f3nica de consumo y la industria automovil\u00edstica. Teddy vive muy feliz en Tokyo (Jap\u00f3n) con su esposa y su hija. En su tiempo libre, disfruta dando largos paseos y yendo al campo con su mujer. Cree que el equilibrio lo es todo, y se esfuerza por alcanzarlo tanto en su vida privada con en la profesional.<\/p>\n\n\t\t<\/div>\n\t\t\t\t\t<\/div>\n\n\t\n\n\n<style>\n#row-173559 > .col > .col-inner {\n  padding: 0 0px 0px 0px;\n}\n<\/style>\n<\/div>\n\n<\/div><\/div><\/div>\n\n\n","protected":false},"excerpt":{"rendered":"","protected":false},"author":2,"featured_media":0,"parent":0,"menu_order":0,"comment_status":"closed","ping_status":"closed","template":"","meta":{"footnotes":""},"class_list":["post-24527","page","type-page","status-publish","hentry"],"_links":{"self":[{"href":"https:\/\/www.md-elektronik.com\/es\/wp-json\/wp\/v2\/pages\/24527","targetHints":{"allow":["GET"]}}],"collection":[{"href":"https:\/\/www.md-elektronik.com\/es\/wp-json\/wp\/v2\/pages"}],"about":[{"href":"https:\/\/www.md-elektronik.com\/es\/wp-json\/wp\/v2\/types\/page"}],"author":[{"embeddable":true,"href":"https:\/\/www.md-elektronik.com\/es\/wp-json\/wp\/v2\/users\/2"}],"replies":[{"embeddable":true,"href":"https:\/\/www.md-elektronik.com\/es\/wp-json\/wp\/v2\/comments?post=24527"}],"version-history":[{"count":1,"href":"https:\/\/www.md-elektronik.com\/es\/wp-json\/wp\/v2\/pages\/24527\/revisions"}],"predecessor-version":[{"id":24532,"href":"https:\/\/www.md-elektronik.com\/es\/wp-json\/wp\/v2\/pages\/24527\/revisions\/24532"}],"wp:attachment":[{"href":"https:\/\/www.md-elektronik.com\/es\/wp-json\/wp\/v2\/media?parent=24527"}],"curies":[{"name":"wp","href":"https:\/\/api.w.org\/{rel}","templated":true}]}}