{"id":24842,"date":"2024-11-05T09:00:14","date_gmt":"2024-11-05T08:00:14","guid":{"rendered":"https:\/\/www.md-elektronik.com\/tobias-hartl-klaus-bramhofer\/"},"modified":"2024-11-06T08:03:03","modified_gmt":"2024-11-06T07:03:03","slug":"tobias-hartl-klaus-bramhofer","status":"publish","type":"page","link":"https:\/\/www.md-elektronik.com\/es\/tobias-hartl-klaus-bramhofer\/","title":{"rendered":"Tobias Hartl \u2013 Klaus Bramhofer"},"content":{"rendered":"\n<div class=\"message-box relative\" style=\"padding-top:30px;padding-bottom:30px;\"><div class=\"message-box-bg-image bg-fill fill\" ><\/div><div class=\"message-box-bg-overlay bg-fill fill\" style=\"background-color:rgb(245, 245, 247);\"><\/div><div class=\"container relative\"><div class=\"inner last-reset\">\n\n<div class=\"row align-equal align-center\"  id=\"row-1439494979\">\n\n\n\t<div id=\"col-1997037343\" class=\"col medium-3 small-12 large-3\"  >\n\t\t\t\t<div class=\"col-inner\"  >\n\t\t\t\n\t\t\t\n\n\t<div id=\"gap-574420406\" class=\"gap-element clearfix\" style=\"display:block; height:auto;\">\n\t\t\n<style>\n#gap-574420406 {\n  padding-top: 10px;\n}\n<\/style>\n\t<\/div>\n\t\n\n\t<div class=\"img has-hover x md-x lg-x y md-y lg-y\" id=\"image_1157541576\">\n\t\t\t\t\t\t\t\t<div class=\"img-inner dark\" >\n\t\t\t<img decoding=\"async\" width=\"1020\" height=\"1020\" src=\"https:\/\/www.md-elektronik.com\/wp-content\/uploads\/2023\/02\/DSC00539-Hartl-Tobias-high_qudr-1024x1024.jpg\" class=\"attachment-large size-large\" alt=\"\" srcset=\"https:\/\/www.md-elektronik.com\/wp-content\/uploads\/2023\/02\/DSC00539-Hartl-Tobias-high_qudr-1024x1024.jpg 1024w, https:\/\/www.md-elektronik.com\/wp-content\/uploads\/2023\/02\/DSC00539-Hartl-Tobias-high_qudr-300x300.jpg 300w, https:\/\/www.md-elektronik.com\/wp-content\/uploads\/2023\/02\/DSC00539-Hartl-Tobias-high_qudr-150x150.jpg 150w, https:\/\/www.md-elektronik.com\/wp-content\/uploads\/2023\/02\/DSC00539-Hartl-Tobias-high_qudr-768x768.jpg 768w, https:\/\/www.md-elektronik.com\/wp-content\/uploads\/2023\/02\/DSC00539-Hartl-Tobias-high_qudr.jpg 1440w\" sizes=\"(max-width: 1020px) 100vw, 1020px\" \/>\t\t\t\t\t\t\n\t\t\t\t\t<\/div>\n\t\t\t\t\t\t\t\t\n<style>\n#image_1157541576 {\n  width: 99%;\n}\n<\/style>\n\t<\/div>\n\t\n\n\n\t\t<\/div>\n\t\t\t\t\t<\/div>\n\n\t\n\n\t<div id=\"col-1694304087\" class=\"col medium-9 small-12 large-9\"  >\n\t\t\t\t<div class=\"col-inner\"  >\n\t\t\t\n\t\t\t\n\n<p><span style=\"font-size: 130%;\"><strong>Tobias Hartl<\/strong><\/span><\/p>\n<p>Tobias Hartl forma parte del departamento de Technical Product Management en el \u00e1rea de Multi Core Cables y trabaja en MD desde 2019. Sus inicios en la empresa fueron como ingeniero de aplicaciones para clientes internacionales. Antes de comenzar su andadura en MD, acumul\u00f3 6 a\u00f1os de valiosa experiencia en el \u00e1mbito de Mobile Media Headunits, una experiencia que puede aplicar con \u00e9xito en su trabajo diario. A Tobias le motiva especialmente el contacto con los clientes globales y la implementaci\u00f3n de nuevas tecnolog\u00edas en colaboraci\u00f3n con un equipo internacional.<\/p>\n\n\t\t<\/div>\n\t\t\t\t\t<\/div>\n\n\t\n\n\n<style>\n#row-1439494979 > .col > .col-inner {\n  padding: 0 0px 0px 0px;\n}\n<\/style>\n<\/div>\n\n<\/div><\/div><\/div>\r\n\r\n<div class=\"message-box relative\" style=\"padding-top:30px;padding-bottom:30px;\"><div class=\"message-box-bg-image bg-fill fill\" ><\/div><div class=\"message-box-bg-overlay bg-fill fill\" style=\"background-color:rgb(245, 245, 247);\"><\/div><div class=\"container relative\"><div class=\"inner last-reset\">\n\n<div class=\"row align-equal align-center\"  id=\"row-1218174241\">\n\n\n\t<div id=\"col-1431391254\" class=\"col medium-3 small-12 large-3\"  >\n\t\t\t\t<div class=\"col-inner\"  >\n\t\t\t\n\t\t\t\n\n\t<div id=\"gap-1579092530\" class=\"gap-element clearfix\" style=\"display:block; height:auto;\">\n\t\t\n<style>\n#gap-1579092530 {\n  padding-top: 10px;\n}\n<\/style>\n\t<\/div>\n\t\n\n\t<div class=\"img has-hover x md-x lg-x y md-y lg-y\" id=\"image_1363588356\">\n\t\t\t\t\t\t\t\t<div class=\"img-inner dark\" >\n\t\t\t<img decoding=\"async\" width=\"1020\" height=\"1020\" src=\"https:\/\/www.md-elektronik.com\/wp-content\/uploads\/2021\/12\/klaus_ladenburger_md_quadrat-1024x1024.jpg\" class=\"attachment-large size-large\" alt=\"\" srcset=\"https:\/\/www.md-elektronik.com\/wp-content\/uploads\/2021\/12\/klaus_ladenburger_md_quadrat.jpg 1024w, https:\/\/www.md-elektronik.com\/wp-content\/uploads\/2021\/12\/klaus_ladenburger_md_quadrat-300x300.jpg 300w, https:\/\/www.md-elektronik.com\/wp-content\/uploads\/2021\/12\/klaus_ladenburger_md_quadrat-150x150.jpg 150w, https:\/\/www.md-elektronik.com\/wp-content\/uploads\/2021\/12\/klaus_ladenburger_md_quadrat-768x768.jpg 768w\" sizes=\"(max-width: 1020px) 100vw, 1020px\" \/>\t\t\t\t\t\t\n\t\t\t\t\t<\/div>\n\t\t\t\t\t\t\t\t\n<style>\n#image_1363588356 {\n  width: 99%;\n}\n<\/style>\n\t<\/div>\n\t\n\n\n\t\t<\/div>\n\t\t\t\t\t<\/div>\n\n\t\n\n\t<div id=\"col-1789880776\" class=\"col medium-9 small-12 large-9\"  >\n\t\t\t\t<div class=\"col-inner\"  >\n\t\t\t\n\t\t\t\n\n<p><span style=\"font-size: 130%;\"><strong>Klaus Bramhofer<\/strong><\/span><\/p>\n<p>Klaus Bramhofer es el director del departamento Technical Product Management en MD. Su misi\u00f3n es establecer a MD no tan s\u00f3lo como proveedor sino tambi\u00e9n como colaborador en el desarrollo de nuevos componentes de connectores en el sector automotriz. Con m\u00e1s de 15 a\u00f1os de experiencia en el sector, es todo un experto en este campo. Tras sus inicios como Application Engineer, en su puesto de Manager Development Sensor Cables cre\u00f3 y dirigi\u00f3 un departamento de I+D en MD. Adem\u00e1s del contacto estrecho con los clientes y de trabajar en un equipo global, de su trabajo valora especialmente las experiencias interculturales que este conlleva.<\/p>\n\n\t\t<\/div>\n\t\t\t\t\t<\/div>\n\n\t\n\n\n<style>\n#row-1218174241 > .col > .col-inner {\n  padding: 0 0px 0px 0px;\n}\n<\/style>\n<\/div>\n\n<\/div><\/div><\/div>\n\n\n","protected":false},"excerpt":{"rendered":"","protected":false},"author":2,"featured_media":0,"parent":0,"menu_order":0,"comment_status":"closed","ping_status":"closed","template":"","meta":{"footnotes":""},"class_list":["post-24842","page","type-page","status-publish","hentry"],"_links":{"self":[{"href":"https:\/\/www.md-elektronik.com\/es\/wp-json\/wp\/v2\/pages\/24842","targetHints":{"allow":["GET"]}}],"collection":[{"href":"https:\/\/www.md-elektronik.com\/es\/wp-json\/wp\/v2\/pages"}],"about":[{"href":"https:\/\/www.md-elektronik.com\/es\/wp-json\/wp\/v2\/types\/page"}],"author":[{"embeddable":true,"href":"https:\/\/www.md-elektronik.com\/es\/wp-json\/wp\/v2\/users\/2"}],"replies":[{"embeddable":true,"href":"https:\/\/www.md-elektronik.com\/es\/wp-json\/wp\/v2\/comments?post=24842"}],"version-history":[{"count":1,"href":"https:\/\/www.md-elektronik.com\/es\/wp-json\/wp\/v2\/pages\/24842\/revisions"}],"predecessor-version":[{"id":24847,"href":"https:\/\/www.md-elektronik.com\/es\/wp-json\/wp\/v2\/pages\/24842\/revisions\/24847"}],"wp:attachment":[{"href":"https:\/\/www.md-elektronik.com\/es\/wp-json\/wp\/v2\/media?parent=24842"}],"curies":[{"name":"wp","href":"https:\/\/api.w.org\/{rel}","templated":true}]}}