{"id":25110,"date":"2024-11-26T09:31:19","date_gmt":"2024-11-26T08:31:19","guid":{"rendered":"https:\/\/www.md-elektronik.com\/rudolf-engl-johann-geier\/"},"modified":"2024-11-26T09:32:57","modified_gmt":"2024-11-26T08:32:57","slug":"rudolf-engl-johann-geier","status":"publish","type":"page","link":"https:\/\/www.md-elektronik.com\/es\/rudolf-engl-johann-geier\/","title":{"rendered":"Rudolf Engl &#8211; Johann Geier"},"content":{"rendered":"\n<div class=\"message-box relative\" style=\"padding-top:30px;padding-bottom:30px;\"><div class=\"message-box-bg-image bg-fill fill\" ><\/div><div class=\"message-box-bg-overlay bg-fill fill\" style=\"background-color:rgb(245, 245, 247);\"><\/div><div class=\"container relative\"><div class=\"inner last-reset\">\r\n\r\n<div class=\"row align-equal align-center\"  id=\"row-1130172650\">\r\n\r\n\n\t<div id=\"col-524100391\" class=\"col medium-3 small-12 large-3\"  >\n\t\t\t\t<div class=\"col-inner\"  >\n\t\t\t\n\t\t\t\r\n\r\n\t<div id=\"gap-927312720\" class=\"gap-element clearfix\" style=\"display:block; height:auto;\">\n\t\t\n<style>\n#gap-927312720 {\n  padding-top: 10px;\n}\n<\/style>\n\t<\/div>\n\t\r\n\r\n\t<div class=\"img has-hover x md-x lg-x y md-y lg-y\" id=\"image_1561731442\">\n\t\t\t\t\t\t\t\t<div class=\"img-inner dark\" >\n\t\t\t<img decoding=\"async\" width=\"1020\" height=\"1020\" src=\"https:\/\/www.md-elektronik.com\/wp-content\/uploads\/2024\/11\/rudolf-engl-1024x1024.jpg\" class=\"attachment-large size-large\" alt=\"\" srcset=\"https:\/\/www.md-elektronik.com\/wp-content\/uploads\/2024\/11\/rudolf-engl-1024x1024.jpg 1024w, https:\/\/www.md-elektronik.com\/wp-content\/uploads\/2024\/11\/rudolf-engl-300x300.jpg 300w, https:\/\/www.md-elektronik.com\/wp-content\/uploads\/2024\/11\/rudolf-engl-150x150.jpg 150w, https:\/\/www.md-elektronik.com\/wp-content\/uploads\/2024\/11\/rudolf-engl-768x768.jpg 768w, https:\/\/www.md-elektronik.com\/wp-content\/uploads\/2024\/11\/rudolf-engl-400x400.jpg 400w, https:\/\/www.md-elektronik.com\/wp-content\/uploads\/2024\/11\/rudolf-engl-600x600.jpg 600w, https:\/\/www.md-elektronik.com\/wp-content\/uploads\/2024\/11\/rudolf-engl.jpg 1240w\" sizes=\"(max-width: 1020px) 100vw, 1020px\" \/>\t\t\t\t\t\t\n\t\t\t\t\t<\/div>\n\t\t\t\t\t\t\t\t\n<style>\n#image_1561731442 {\n  width: 99%;\n}\n<\/style>\n\t<\/div>\n\t\r\n\r\n\t\t<\/div>\n\t\t\t\t\t<\/div>\n\n\t\r\n\n\t<div id=\"col-1540313743\" class=\"col medium-9 small-12 large-9\"  >\n\t\t\t\t<div class=\"col-inner\"  >\n\t\t\t\n\t\t\t\r\n\r\n<span style=\"font-size: 130%;\"><strong>Rudolf Engl<\/strong><\/span>\r\n\r\nTras sus estudios de Electrotecnia especializ\u00e1ndose en tecnolog\u00eda de alta frecuencia, Rudolf Engl comenz\u00f3 su trayectoria profesional como ingeniero de desarrollo electr\u00f3nico en Eurocopter (actualmente Airbus Helicopters). A continuaci\u00f3n, tuvo ocasi\u00f3n de profundizar sus conocimientos de electrotecnia en el desarrollo de diferentes sistemas electr\u00f3nicos para veh\u00edculos en las empresas Webasto, Beissbarth o Atron, y adem\u00e1s de su trabajo de desarrollo, generalmente se encarg\u00f3 tambi\u00e9n de la direcci\u00f3n de proyectos de componentes de hardware, como por ejemplo, el sistema de gesti\u00f3n de billetes para el transporte p\u00fablico AFR4 de Atron electronic GmbH. Cuando lleg\u00f3 a MD ELEKTRONIK en el a\u00f1o 2013, estaba familiarizado con el desarrollo de diferentes conjuntos electr\u00f3nicos USB para automoci\u00f3n y en 2018 asumi\u00f3 la direcci\u00f3n del departamento de Desarrollo electr\u00f3nico. Paralelamente a esto, adem\u00e1s del desarrollo electr\u00f3nico, su \u00e1rea de responsabilidad se complet\u00f3 con distintas tareas en proyectos de desarrollo de conectores. Desde principios de 2020 se ocupa cada vez m\u00e1s intensamente de la transmisi\u00f3n de datos \u00f3ptica en el veh\u00edculo.\r\n\r\n\t\t<\/div>\n\t\t\t\t\t<\/div>\n\n\t\r\n\r\n\n<style>\n#row-1130172650 > .col > .col-inner {\n  padding: 0 0px 0px 0px;\n}\n<\/style>\n<\/div>\r\n\r\n<\/div><\/div><\/div>\n\n\n","protected":false},"excerpt":{"rendered":"","protected":false},"author":2,"featured_media":0,"parent":0,"menu_order":0,"comment_status":"closed","ping_status":"closed","template":"","meta":{"footnotes":""},"class_list":["post-25110","page","type-page","status-publish","hentry"],"_links":{"self":[{"href":"https:\/\/www.md-elektronik.com\/es\/wp-json\/wp\/v2\/pages\/25110","targetHints":{"allow":["GET"]}}],"collection":[{"href":"https:\/\/www.md-elektronik.com\/es\/wp-json\/wp\/v2\/pages"}],"about":[{"href":"https:\/\/www.md-elektronik.com\/es\/wp-json\/wp\/v2\/types\/page"}],"author":[{"embeddable":true,"href":"https:\/\/www.md-elektronik.com\/es\/wp-json\/wp\/v2\/users\/2"}],"replies":[{"embeddable":true,"href":"https:\/\/www.md-elektronik.com\/es\/wp-json\/wp\/v2\/comments?post=25110"}],"version-history":[{"count":1,"href":"https:\/\/www.md-elektronik.com\/es\/wp-json\/wp\/v2\/pages\/25110\/revisions"}],"predecessor-version":[{"id":25115,"href":"https:\/\/www.md-elektronik.com\/es\/wp-json\/wp\/v2\/pages\/25110\/revisions\/25115"}],"wp:attachment":[{"href":"https:\/\/www.md-elektronik.com\/es\/wp-json\/wp\/v2\/media?parent=25110"}],"curies":[{"name":"wp","href":"https:\/\/api.w.org\/{rel}","templated":true}]}}