{"id":28464,"date":"2025-06-11T08:33:03","date_gmt":"2025-06-11T06:33:03","guid":{"rendered":"https:\/\/www.md-elektronik.com\/sladjan-ivanovic\/"},"modified":"2025-06-11T08:33:22","modified_gmt":"2025-06-11T06:33:22","slug":"sladjan-ivanovic","status":"publish","type":"page","link":"https:\/\/www.md-elektronik.com\/es\/sladjan-ivanovic\/","title":{"rendered":"Sladjan Ivanovic"},"content":{"rendered":"\n<div class=\"message-box relative\" style=\"padding-top:30px;padding-bottom:30px;\"><div class=\"message-box-bg-image bg-fill fill\" ><\/div><div class=\"message-box-bg-overlay bg-fill fill\" style=\"background-color:rgb(245, 245, 247);\"><\/div><div class=\"container relative\"><div class=\"inner last-reset\">\n\n<div class=\"row align-equal align-center\"  id=\"row-1254393785\">\n\n\n\t<div id=\"col-1794113516\" class=\"col medium-3 small-12 large-3\"  >\n\t\t\t\t<div class=\"col-inner\"  >\n\t\t\t\n\t\t\t\n\n\t<div id=\"gap-1446179473\" class=\"gap-element clearfix\" style=\"display:block; height:auto;\">\n\t\t\n<style>\n#gap-1446179473 {\n  padding-top: 10px;\n}\n<\/style>\n\t<\/div>\n\t\n\n\t<div class=\"img has-hover x md-x lg-x y md-y lg-y\" id=\"image_605775932\">\n\t\t\t\t\t\t\t\t<div class=\"img-inner dark\" >\n\t\t\t<img decoding=\"async\" width=\"800\" height=\"800\" src=\"https:\/\/www.md-elektronik.com\/wp-content\/uploads\/2025\/06\/DSC00155-Ivanovic-Sladjan-high.jpg\" class=\"attachment-large size-large\" alt=\"\" srcset=\"https:\/\/www.md-elektronik.com\/wp-content\/uploads\/2025\/06\/DSC00155-Ivanovic-Sladjan-high.jpg 800w, https:\/\/www.md-elektronik.com\/wp-content\/uploads\/2025\/06\/DSC00155-Ivanovic-Sladjan-high-300x300.jpg 300w, https:\/\/www.md-elektronik.com\/wp-content\/uploads\/2025\/06\/DSC00155-Ivanovic-Sladjan-high-150x150.jpg 150w, https:\/\/www.md-elektronik.com\/wp-content\/uploads\/2025\/06\/DSC00155-Ivanovic-Sladjan-high-768x768.jpg 768w\" sizes=\"(max-width: 800px) 100vw, 800px\" \/>\t\t\t\t\t\t\n\t\t\t\t\t<\/div>\n\t\t\t\t\t\t\t\t\n<style>\n#image_605775932 {\n  width: 99%;\n}\n<\/style>\n\t<\/div>\n\t\n\n\n\t\t<\/div>\n\t\t\t\t\t<\/div>\n\n\t\n\n\t<div id=\"col-1191949474\" class=\"col medium-9 small-12 large-9\"  >\n\t\t\t\t<div class=\"col-inner\"  >\n\t\t\t\n\t\t\t\n\n<p><span style=\"font-size: 130%;\"><strong>Sladjan Ivanovic<\/strong><\/span><\/p>\n<p>Sladjan es un profesional con una amplia experiencia en ventas y gesti\u00f3n de proyectos, y una carrera de m\u00e1s de 30 a\u00f1os en la industria automovil\u00edstica. Ha desarrollado una extensa red de contactos tanto con empresas OEM como con clientes Tier 1, y de forma directa ha impulsado el negocio y el aumento de la rentabilidad a nivel global. Su titulaci\u00f3n en ingenier\u00eda y sus aptitudes ling\u00fc\u00edsticas (habla con fluidez 4 idiomas) le han granjeado una profunda comprensi\u00f3n de la gesti\u00f3n internacional, y su contexto multicultural le permite interactuar con clientes y proveedores de todo el mundo con soltura y respeto.<\/p>\n<p>Sladjan est\u00e1 comprometido en ayudar al grupo MD a aumentar su cuota de mercado en Francia, fiel a su lema: Always go ahead, never give up.<\/p>\n\n\t\t<\/div>\n\t\t\t\t\t<\/div>\n\n\t\n\n\n<style>\n#row-1254393785 > .col > .col-inner {\n  padding: 0 0px 0px 0px;\n}\n<\/style>\n<\/div>\n\n<\/div><\/div><\/div>\n","protected":false},"excerpt":{"rendered":"","protected":false},"author":2,"featured_media":0,"parent":0,"menu_order":0,"comment_status":"closed","ping_status":"closed","template":"","meta":{"footnotes":""},"class_list":["post-28464","page","type-page","status-publish","hentry"],"_links":{"self":[{"href":"https:\/\/www.md-elektronik.com\/es\/wp-json\/wp\/v2\/pages\/28464","targetHints":{"allow":["GET"]}}],"collection":[{"href":"https:\/\/www.md-elektronik.com\/es\/wp-json\/wp\/v2\/pages"}],"about":[{"href":"https:\/\/www.md-elektronik.com\/es\/wp-json\/wp\/v2\/types\/page"}],"author":[{"embeddable":true,"href":"https:\/\/www.md-elektronik.com\/es\/wp-json\/wp\/v2\/users\/2"}],"replies":[{"embeddable":true,"href":"https:\/\/www.md-elektronik.com\/es\/wp-json\/wp\/v2\/comments?post=28464"}],"version-history":[{"count":1,"href":"https:\/\/www.md-elektronik.com\/es\/wp-json\/wp\/v2\/pages\/28464\/revisions"}],"predecessor-version":[{"id":28469,"href":"https:\/\/www.md-elektronik.com\/es\/wp-json\/wp\/v2\/pages\/28464\/revisions\/28469"}],"wp:attachment":[{"href":"https:\/\/www.md-elektronik.com\/es\/wp-json\/wp\/v2\/media?parent=28464"}],"curies":[{"name":"wp","href":"https:\/\/api.w.org\/{rel}","templated":true}]}}