{"id":29215,"date":"2025-06-25T08:28:39","date_gmt":"2025-06-25T06:28:39","guid":{"rendered":"https:\/\/www.md-elektronik.com\/johannes-trae\/"},"modified":"2025-06-25T08:29:29","modified_gmt":"2025-06-25T06:29:29","slug":"johannes-trae","status":"publish","type":"page","link":"https:\/\/www.md-elektronik.com\/es\/johannes-trae\/","title":{"rendered":"Johannes Trae"},"content":{"rendered":"\n<div class=\"message-box relative\" style=\"padding-top:30px;padding-bottom:30px;\"><div class=\"message-box-bg-image bg-fill fill\" ><\/div><div class=\"message-box-bg-overlay bg-fill fill\" style=\"background-color:rgb(245, 245, 247);\"><\/div><div class=\"container relative\"><div class=\"inner last-reset\">\n\n<div class=\"row align-equal align-center\"  id=\"row-965497003\">\n\n\n\t<div id=\"col-1912264754\" class=\"col medium-3 small-12 large-3\"  >\n\t\t\t\t<div class=\"col-inner\"  >\n\t\t\t\n\t\t\t\n\n\t<div id=\"gap-405446175\" class=\"gap-element clearfix\" style=\"display:block; height:auto;\">\n\t\t\n<style>\n#gap-405446175 {\n  padding-top: 10px;\n}\n<\/style>\n\t<\/div>\n\t\n\n\t<div class=\"img has-hover x md-x lg-x y md-y lg-y\" id=\"image_1122712609\">\n\t\t\t\t\t\t\t\t<div class=\"img-inner dark\" >\n\t\t\t<img decoding=\"async\" width=\"800\" height=\"800\" src=\"https:\/\/www.md-elektronik.com\/wp-content\/uploads\/2025\/06\/DSC2557.jpg\" class=\"attachment-large size-large\" alt=\"\" srcset=\"https:\/\/www.md-elektronik.com\/wp-content\/uploads\/2025\/06\/DSC2557.jpg 800w, https:\/\/www.md-elektronik.com\/wp-content\/uploads\/2025\/06\/DSC2557-300x300.jpg 300w, https:\/\/www.md-elektronik.com\/wp-content\/uploads\/2025\/06\/DSC2557-150x150.jpg 150w, https:\/\/www.md-elektronik.com\/wp-content\/uploads\/2025\/06\/DSC2557-768x768.jpg 768w\" sizes=\"(max-width: 800px) 100vw, 800px\" \/>\t\t\t\t\t\t\n\t\t\t\t\t<\/div>\n\t\t\t\t\t\t\t\t\n<style>\n#image_1122712609 {\n  width: 99%;\n}\n<\/style>\n\t<\/div>\n\t\n\n\n\t\t<\/div>\n\t\t\t\t\t<\/div>\n\n\t\n\n\t<div id=\"col-1729985253\" class=\"col medium-9 small-12 large-9\"  >\n\t\t\t\t<div class=\"col-inner\"  >\n\t\t\t\n\t\t\t\n\n<br><p><span style=\"font-size: 130%;\"><strong>Johannes Tr\u00e4<\/strong><\/span><\/p><br><p>Como director de desarrollo, Johannes Tr\u00e4 es responsable de los departamentos de desarrollo en las \u00e1reas de dise\u00f1o de producto, alta frecuencia, electr\u00f3nica, sensores y tecnolog\u00eda \u00f3ptica en la sede central del grupo MD. Adem\u00e1s, su \u00e1mbito de responsabilidad tambi\u00e9n comprende el departamento de simulaci\u00f3n, el Centro de prototipado r\u00e1pido y el Centro de pruebas de ingenier\u00eda, que act\u00faa como laboratorio para realizar las pruebas que acompa\u00f1an al desarrollo.\r\nSus m\u00e1s de 22 a\u00f1os de experiencia en el sector del autom\u00f3vil, de los cuales 17 de responsabilidad directiva en Application Engineering, abarcando desde la direcci\u00f3n del desarrollo de Infotainment hasta la direcci\u00f3n de todos los departamentos de desarrollo, lo convierten en todo un experto en esta \u00e1rea. Como las \u00faltimas tecnolog\u00edas se desarrollan en el mercado global, la configuraci\u00f3n internacional del departamento de I+D es para \u00e9l una prioridad clave. La creaci\u00f3n de centros de dise\u00f1o de I+D en el \u00e1rea asi\u00e1tica y norteamericana tambi\u00e9n form\u00f3 parte de sus tareas, al igual que la implementaci\u00f3n y la formaci\u00f3n de equipos de desarrollo interculturales, que desarrollan conjuntamente soluciones que abarcan distintos clientes y pa\u00edses. Tambi\u00e9n mantiene un estrecho contacto con una red internacional de proveedores y prestadores de servicios para trabajar continuamente con sus equipos globales de I+D en ampliar las fronteras de lo t\u00e9cnicamente posible en pos de un desarrollo de producto r\u00e1pido, \u00e1gil e innovador. \r\n<\/p><br><br>\n\n\t\t<\/div>\n\t\t\t\t\t<\/div>\n\n\t\n\n\n<style>\n#row-965497003 > .col > .col-inner {\n  padding: 0 0px 0px 0px;\n}\n<\/style>\n<\/div>\n\n<\/div><\/div><\/div>\n\n\n","protected":false},"excerpt":{"rendered":"","protected":false},"author":2,"featured_media":0,"parent":0,"menu_order":0,"comment_status":"closed","ping_status":"closed","template":"","meta":{"footnotes":""},"class_list":["post-29215","page","type-page","status-publish","hentry"],"_links":{"self":[{"href":"https:\/\/www.md-elektronik.com\/es\/wp-json\/wp\/v2\/pages\/29215","targetHints":{"allow":["GET"]}}],"collection":[{"href":"https:\/\/www.md-elektronik.com\/es\/wp-json\/wp\/v2\/pages"}],"about":[{"href":"https:\/\/www.md-elektronik.com\/es\/wp-json\/wp\/v2\/types\/page"}],"author":[{"embeddable":true,"href":"https:\/\/www.md-elektronik.com\/es\/wp-json\/wp\/v2\/users\/2"}],"replies":[{"embeddable":true,"href":"https:\/\/www.md-elektronik.com\/es\/wp-json\/wp\/v2\/comments?post=29215"}],"version-history":[{"count":1,"href":"https:\/\/www.md-elektronik.com\/es\/wp-json\/wp\/v2\/pages\/29215\/revisions"}],"predecessor-version":[{"id":29220,"href":"https:\/\/www.md-elektronik.com\/es\/wp-json\/wp\/v2\/pages\/29215\/revisions\/29220"}],"wp:attachment":[{"href":"https:\/\/www.md-elektronik.com\/es\/wp-json\/wp\/v2\/media?parent=29215"}],"curies":[{"name":"wp","href":"https:\/\/api.w.org\/{rel}","templated":true}]}}