{"id":31203,"date":"2025-12-18T09:48:21","date_gmt":"2025-12-18T08:48:21","guid":{"rendered":"https:\/\/www.md-elektronik.com\/ichiro-yamamoto\/"},"modified":"2025-12-18T09:49:16","modified_gmt":"2025-12-18T08:49:16","slug":"ichiro-yamamoto","status":"publish","type":"page","link":"https:\/\/www.md-elektronik.com\/es\/ichiro-yamamoto\/","title":{"rendered":"Ichiro Yamamoto"},"content":{"rendered":"\n<div class=\"message-box relative ml-author-box\" style=\"padding-top:30px;padding-bottom:30px;\"><div class=\"message-box-bg-image bg-fill fill\" ><\/div><div class=\"message-box-bg-overlay bg-fill fill\" style=\"background-color:rgb(245, 245, 247);\"><\/div><div class=\"container relative\"><div class=\"inner last-reset\">\r\n\r\n<div class=\"row align-equal align-center\"  id=\"row-1400315636\">\r\n\r\n\n\t<div id=\"col-1093229930\" class=\"col medium-3 small-12 large-3\"  >\n\t\t\t\t<div class=\"col-inner\"  >\n\t\t\t\n\t\t\t\r\n\r\n\t<div id=\"gap-233086744\" class=\"gap-element clearfix\" style=\"display:block; height:auto;\">\n\t\t\n<style>\n#gap-233086744 {\n  padding-top: 10px;\n}\n<\/style>\n\t<\/div>\n\t\r\n\r\n\t<div class=\"img has-hover x md-x lg-x y md-y lg-y\" id=\"image_483300134\">\n\t\t\t\t\t\t\t\t<div class=\"img-inner dark\" >\n\t\t\t<img decoding=\"async\" width=\"486\" height=\"486\" src=\"https:\/\/www.md-elektronik.com\/wp-content\/uploads\/2025\/12\/md_ichiro.jpg\" class=\"attachment-large size-large\" alt=\"\" srcset=\"https:\/\/www.md-elektronik.com\/wp-content\/uploads\/2025\/12\/md_ichiro.jpg 486w, https:\/\/www.md-elektronik.com\/wp-content\/uploads\/2025\/12\/md_ichiro-300x300.jpg 300w, https:\/\/www.md-elektronik.com\/wp-content\/uploads\/2025\/12\/md_ichiro-150x150.jpg 150w\" sizes=\"(max-width: 486px) 100vw, 486px\" \/>\t\t\t\t\t\t\n\t\t\t\t\t<\/div>\n\t\t\t\t\t\t\t\t\n<style>\n#image_483300134 {\n  width: 99%;\n}\n<\/style>\n\t<\/div>\n\t\r\n\r\n\r\n\t\t<\/div>\n\t\t\t\t\t<\/div>\n\n\t\r\n\n\t<div id=\"col-85285625\" class=\"col medium-9 small-12 large-9\"  >\n\t\t\t\t<div class=\"col-inner\"  >\n\t\t\t\n\t\t\t\r\n\r\n<p><span style=\"font-size: 130%;\"><strong>Ichiro Yamamoto<\/strong><\/span><\/p>\r\n<p>Ichiro Yamamoto aporta m\u00e1s de 30 a\u00f1os de experiencia en ventas dentro de la industria automovil\u00edstica japonesa a su funci\u00f3n en MD ELECTRONICS Japan G.K. Combina conocimientos t\u00e9cnicos con s\u00f3lidas relaciones con los clientes y colabora estrechamente con los OEM y proveedores de todo Jap\u00f3n. Residente en Tokio, valora un estilo de vida equilibrado y disfruta de viajar, leer y ver pel\u00edculas con su esposa. Como poseedor de un cintur\u00f3n negro en aikido, espera retomar pronto su entrenamiento. Yamamoto percibe un gran potencial para el Grupo MD en Jap\u00f3n, respaldado por la creciente demanda de soluciones especializadas de sistemas de cableado y por las fortalezas tecnol\u00f3gicas de la empresa.<\/p>\r\n\r\n\t\t<\/div>\n\t\t\t\t\t<\/div>\n\n\t\r\n\r\n\n<style>\n#row-1400315636 > .col > .col-inner {\n  padding: 0 0px 0px 0px;\n}\n<\/style>\n<\/div>\r\n\r\n<\/div><\/div><\/div>\n\n\n","protected":false},"excerpt":{"rendered":"","protected":false},"author":2,"featured_media":0,"parent":0,"menu_order":0,"comment_status":"closed","ping_status":"closed","template":"","meta":{"footnotes":""},"class_list":["post-31203","page","type-page","status-publish","hentry"],"_links":{"self":[{"href":"https:\/\/www.md-elektronik.com\/es\/wp-json\/wp\/v2\/pages\/31203","targetHints":{"allow":["GET"]}}],"collection":[{"href":"https:\/\/www.md-elektronik.com\/es\/wp-json\/wp\/v2\/pages"}],"about":[{"href":"https:\/\/www.md-elektronik.com\/es\/wp-json\/wp\/v2\/types\/page"}],"author":[{"embeddable":true,"href":"https:\/\/www.md-elektronik.com\/es\/wp-json\/wp\/v2\/users\/2"}],"replies":[{"embeddable":true,"href":"https:\/\/www.md-elektronik.com\/es\/wp-json\/wp\/v2\/comments?post=31203"}],"version-history":[{"count":1,"href":"https:\/\/www.md-elektronik.com\/es\/wp-json\/wp\/v2\/pages\/31203\/revisions"}],"predecessor-version":[{"id":31208,"href":"https:\/\/www.md-elektronik.com\/es\/wp-json\/wp\/v2\/pages\/31203\/revisions\/31208"}],"wp:attachment":[{"href":"https:\/\/www.md-elektronik.com\/es\/wp-json\/wp\/v2\/media?parent=31203"}],"curies":[{"name":"wp","href":"https:\/\/api.w.org\/{rel}","templated":true}]}}