{"id":3617,"date":"2020-02-03T11:36:31","date_gmt":"2020-02-03T10:36:31","guid":{"rendered":"https:\/\/www.md-elektronik.de\/?page_id=3617"},"modified":"2026-03-30T10:10:42","modified_gmt":"2026-03-30T08:10:42","slug":"contacto","status":"publish","type":"page","link":"https:\/\/www.md-elektronik.com\/es\/contacto\/","title":{"rendered":"Contacto"},"content":{"rendered":"\n\n\t<section class=\"section\" id=\"section_462944826\">\n\t\t<div class=\"section-bg fill\" >\n\t\t\t\t\t\t\t\t\t\n\t\t\t\n\n\t\t<\/div>\n\n\t\t\n\n\t\t<div class=\"section-content relative\">\n\t\t\t\n\n<div class=\"row row-collapse row-full-width\"  id=\"row-1882865552\">\n\n\n\t<div id=\"col-667211697\" class=\"col medium-6 small-12 large-6\"  data-animate=\"fadeInUp\">\n\t\t\t\t<div class=\"col-inner text-center\"  >\n\t\t\t\n\t\t\t\n\n\t<div id=\"text-703780716\" class=\"text\">\n\t\t\n\n\n\t\t\n<style>\n#text-703780716 {\n  text-align: center;\n}\n<\/style>\n\t<\/div>\n\t\n\n\t\t<\/div>\n\t\t\t\t\n<style>\n#col-667211697 > .col-inner {\n  padding: 60px 20px 60px 20px;\n}\n@media (min-width:550px) {\n  #col-667211697 > .col-inner {\n    padding: 30px 60px 30px 110px;\n  }\n}\n<\/style>\n\t<\/div>\n\n\t\n\n\t<div id=\"col-374471607\" class=\"col medium-6 small-12 large-6\"  >\n\t\t\t\t<div class=\"col-inner text-center\"  >\n\t\t\t\n\t\t\t\n\n<div class=\"container section-title-container\" style=\"margin-bottom:15px;\"><h3 class=\"section-title section-title-center\"><b><\/b><span class=\"section-title-main\" style=\"font-size:154%;\">9 pa\u00edses I 3 continentes I 5000 empleados I 100 % automotriz<\/span><b><\/b><\/h3><\/div>\n\n\t<div class=\"img has-hover x md-x lg-x y md-y lg-y\" id=\"image_1096331887\">\n\t\t\t\t\t\t\t\t<div class=\"img-inner dark\" style=\"margin:15px 0px 0px 0px;\">\n\t\t\t<img decoding=\"async\" width=\"1440\" height=\"608\" src=\"https:\/\/www.md-elektronik.com\/wp-content\/uploads\/2021\/03\/Startseite_Schnell-und-sicher-versorgt-small.jpg\" class=\"attachment-original size-original\" alt=\"Stylized dot matrix world map highlighting MD ELEKTRONIK&#039;s global distribution network in the automotive industry.\" srcset=\"https:\/\/www.md-elektronik.com\/wp-content\/uploads\/2021\/03\/Startseite_Schnell-und-sicher-versorgt-small.jpg 1440w, https:\/\/www.md-elektronik.com\/wp-content\/uploads\/2021\/03\/Startseite_Schnell-und-sicher-versorgt-small-300x127.jpg 300w, https:\/\/www.md-elektronik.com\/wp-content\/uploads\/2021\/03\/Startseite_Schnell-und-sicher-versorgt-small-1024x432.jpg 1024w, https:\/\/www.md-elektronik.com\/wp-content\/uploads\/2021\/03\/Startseite_Schnell-und-sicher-versorgt-small-768x324.jpg 768w\" sizes=\"(max-width: 1440px) 100vw, 1440px\" \/>\t\t\t\t\t\t\n\t\t\t\t\t<\/div>\n\t\t\t\t\t\t\t\t\n<style>\n#image_1096331887 {\n  width: 100%;\n}\n<\/style>\n\t<\/div>\n\t\n\n\n\t\t<\/div>\n\t\t\t\t\n<style>\n#col-374471607 > .col-inner {\n  padding: 0px 0px 0px 0px;\n}\n@media (min-width:550px) {\n  #col-374471607 > .col-inner {\n    padding: 15px 60px 0px 15px;\n  }\n}\n<\/style>\n\t<\/div>\n\n\t\n\n\n<style>\n#row-1882865552 > .col > .col-inner {\n  background-color: rgb(255, 255, 255);\n}\n<\/style>\n<\/div>\n\n\t\t<\/div>\n\n\t\t\n<style>\n#section_462944826 {\n  padding-top: 0px;\n  padding-bottom: 0px;\n  background-color: rgb(255,255,255);\n}\n<\/style>\n\t<\/section>\n\t\n\n\t<section class=\"section mb-20\" id=\"section_1087218478\">\n\t\t<div class=\"section-bg fill\" >\n\t\t\t\t\t\t\t\t\t\n\t\t\t\n\n\t\t<\/div>\n\n\t\t\n\n\t\t<div class=\"section-content relative\">\n\t\t\t\n\n<div class=\"row row-collapse\"  id=\"row-568920310\">\n\n\n\t<div id=\"col-1496050981\" class=\"col medium-4 small-12 large-4\"  >\n\t\t\t\t<div class=\"col-inner text-left\" style=\"background-color:#f5f5f7;\" >\n\t\t\t\n\t\t\t\n\n<div class=\"container section-title-container\" style=\"margin-bottom:15px;\"><h2 class=\"section-title section-title-center\"><b><\/b><span class=\"section-title-main\" >Am\u00e9rica del norte<\/span><b><\/b><\/h2><\/div>\n\n<h3 class=\"accordion_title\">EE.UU.<\/h3><div class=\"accordion md-accordion\">\n\n\t<div id=\"accordion-2763858101\" class=\"accordion-item\">\n\t\t<a id=\"accordion-2763858101-label\" class=\"accordion-title plain\" href=\"#accordion-item-san-jos\u00e9,-ca-(oficina-t\u00e9cnica)\" aria-expanded=\"false\" aria-controls=\"accordion-2763858101-content\" >\n\t\t\t<button class=\"toggle\" aria-label=\"Toggle\"><i class=\"icon-angle-down\"><\/i><\/button>\n\t\t\t<span>San Jos\u00e9, CA (Oficina t\u00e9cnica)<\/span>\n\t\t<\/a>\n\t\t<div id=\"accordion-2763858101-content\" class=\"accordion-inner\" aria-labelledby=\"accordion-2763858101-label\" >\n\t\t\t\n\n<p><strong>MD ELECTRONICS Corporation<\/strong> <br \/>101 Metro Drive Suite 310<br \/>San Jose, CA 95110<br \/>USA<\/p>\n<p>E-mail: <a href=\"mailtoproduct-info@md-elektronik.com\">product-info@md-elektronik.com<\/a><\/p>\n\n\t\t<\/div>\n\t<\/div>\n\t\n\t<div id=\"accordion-1747647186\" class=\"accordion-item\">\n\t\t<a id=\"accordion-1747647186-label\" class=\"accordion-title plain\" href=\"#accordion-item-southfield,-mi-(ventas)\" aria-expanded=\"false\" aria-controls=\"accordion-1747647186-content\" >\n\t\t\t<button class=\"toggle\" aria-label=\"Toggle\"><i class=\"icon-angle-down\"><\/i><\/button>\n\t\t\t<span>Southfield, MI (Ventas)<\/span>\n\t\t<\/a>\n\t\t<div id=\"accordion-1747647186-content\" class=\"accordion-inner\" aria-labelledby=\"accordion-1747647186-label\" >\n\t\t\t\n\n<p>26555 Evergreen Rd., Suite 1105<br \/>Southfield, Michigan 48076<\/p>\n<p>E-mail: <a href=\"mailto:info@md-electronics.us\">info@md-electronics.us<\/a><\/p>\n\n\t\t<\/div>\n\t<\/div>\n\t\n\n<\/div>\n\t<div id=\"gap-1860912698\" class=\"gap-element clearfix\" style=\"display:block; height:auto;\">\n\t\t\n<style>\n#gap-1860912698 {\n  padding-top: 40px;\n}\n<\/style>\n\t<\/div>\n\t\n\n<h3 class=\"accordion_title\">M\u00e9xico<\/h3><div class=\"accordion md-accordion\">\n\n\t<div id=\"accordion-2638987473\" class=\"accordion-item\">\n\t\t<a id=\"accordion-2638987473-label\" class=\"accordion-title plain\" href=\"#accordion-item-le\u00f3n-(producci\u00f3n)\" aria-expanded=\"false\" aria-controls=\"accordion-2638987473-content\" >\n\t\t\t<button class=\"toggle\" aria-label=\"Toggle\"><i class=\"icon-angle-down\"><\/i><\/button>\n\t\t\t<span>Le\u00f3n (Producci\u00f3n)<\/span>\n\t\t<\/a>\n\t\t<div id=\"accordion-2638987473-content\" class=\"accordion-inner\" aria-labelledby=\"accordion-2638987473-label\" >\n\t\t\t\n\n<p><strong>MD ELEKTRONIK de M\u00e9xico S. de R.L. de C.V.<\/strong><br \/>Paseo de las Colinas 412<br \/>Parque Industrial Colinas de Le\u00f3n<br \/>Le\u00f3n, Gto, C.P. 37668<br \/>M\u00e9xico<\/p>\n<p>Tel\u00e9fono: +52\u00a0477\u00a0343 3704<\/p>\n\n\t\t<\/div>\n\t<\/div>\n\t\n\n<\/div>\n\n\t\t<\/div>\n\t\t\t\t\n<style>\n#col-1496050981 > .col-inner {\n  padding: 30px 30px 30px 30px;\n}\n@media (min-width:550px) {\n  #col-1496050981 > .col-inner {\n    padding: 60px 60px 60px 60px;\n  }\n}\n<\/style>\n\t<\/div>\n\n\t\n\n\t<div id=\"col-1948837557\" class=\"col medium-4 small-12 large-4\"  >\n\t\t\t\t<div class=\"col-inner text-left\" style=\"background-color:#f5f5f7;\" >\n\t\t\t\n\t\t\t\n\n<div class=\"container section-title-container\" style=\"margin-bottom:15px;\"><h2 class=\"section-title section-title-center\"><b><\/b><span class=\"section-title-main\" >Europa<\/span><b><\/b><\/h2><\/div>\n\n<h3 class=\"accordion_title\">Alemania<\/h3><div class=\"accordion md-accordion\">\n\n\t<div id=\"accordion-896543023\" class=\"accordion-item\">\n\t\t<a id=\"accordion-896543023-label\" class=\"accordion-title plain\" href=\"#accordion-item-waldkraiburg-(sede-central)\" aria-expanded=\"false\" aria-controls=\"accordion-896543023-content\" >\n\t\t\t<button class=\"toggle\" aria-label=\"Toggle\"><i class=\"icon-angle-down\"><\/i><\/button>\n\t\t\t<span>Waldkraiburg (Sede central)<\/span>\n\t\t<\/a>\n\t\t<div id=\"accordion-896543023-content\" class=\"accordion-inner\" aria-labelledby=\"accordion-896543023-label\" >\n\t\t\t\n\n<p><strong>MD ELEKTRONIK GmbH<\/strong><br \/>Neutraublinger Stra\u00dfe 4<br \/>84478 Waldkraiburg<br \/>Alemania<\/p>\n<p>Tel\u00e9fono: +49 8638 \/ 604 \u2013 0<\/p>\n<p>E-mail: info@md-elektronik.com<\/p>\n\n\t\t<\/div>\n\t<\/div>\n\t\n\t<div id=\"accordion-1319522018\" class=\"accordion-item\">\n\t\t<a id=\"accordion-1319522018-label\" class=\"accordion-title plain\" href=\"#accordion-item-colonia-(ventas)\" aria-expanded=\"false\" aria-controls=\"accordion-1319522018-content\" >\n\t\t\t<button class=\"toggle\" aria-label=\"Toggle\"><i class=\"icon-angle-down\"><\/i><\/button>\n\t\t\t<span>Colonia (Ventas)<\/span>\n\t\t<\/a>\n\t\t<div id=\"accordion-1319522018-content\" class=\"accordion-inner\" aria-labelledby=\"accordion-1319522018-label\" >\n\t\t\t\n\n<p>Von-H\u00fcnefeld-Stra\u00dfe 2<br \/>50829 K\u00f6ln<\/p>\n<p>E-mail: <a href=\"mailto:sales@md-elektronik.de\">sales@md-elektronik.de<\/a><\/p>\n\n\t\t<\/div>\n\t<\/div>\n\t\n\t<div id=\"accordion-2854972322\" class=\"accordion-item\">\n\t\t<a id=\"accordion-2854972322-label\" class=\"accordion-title plain\" href=\"#accordion-item-m\u00fanich-(ventas)\" aria-expanded=\"false\" aria-controls=\"accordion-2854972322-content\" >\n\t\t\t<button class=\"toggle\" aria-label=\"Toggle\"><i class=\"icon-angle-down\"><\/i><\/button>\n\t\t\t<span>M\u00fanich (Ventas)<\/span>\n\t\t<\/a>\n\t\t<div id=\"accordion-2854972322-content\" class=\"accordion-inner\" aria-labelledby=\"accordion-2854972322-label\" >\n\t\t\t\n\n<p>Frankfurter Ring 193A<br \/>80807 M\u00fcnchen<\/p>\n<p>E-mail:&nbsp;<a href=\"mailto:sales@md-elektronik.de\">sales@md-elektronik.de<\/a><\/p>\n\n\t\t<\/div>\n\t<\/div>\n\t\n\t<div id=\"accordion-2456633966\" class=\"accordion-item\">\n\t\t<a id=\"accordion-2456633966-label\" class=\"accordion-title plain\" href=\"#accordion-item-sindelfingen-(ventas)\" aria-expanded=\"false\" aria-controls=\"accordion-2456633966-content\" >\n\t\t\t<button class=\"toggle\" aria-label=\"Toggle\"><i class=\"icon-angle-down\"><\/i><\/button>\n\t\t\t<span>Sindelfingen (Ventas)<\/span>\n\t\t<\/a>\n\t\t<div id=\"accordion-2456633966-content\" class=\"accordion-inner\" aria-labelledby=\"accordion-2456633966-label\" >\n\t\t\t\n\n<p>Kurze Gasse 10\/1<br \/>71063 Sindelfingen<\/p>\n<p>E-mail: <a href=\"mailto:sales@md-elektronik.de\">sales@md-elektronik.de<\/a><\/p>\n\n\t\t<\/div>\n\t<\/div>\n\t\n\t<div id=\"accordion-732536000\" class=\"accordion-item\">\n\t\t<a id=\"accordion-732536000-label\" class=\"accordion-title plain\" href=\"#accordion-item-stuttgart-(ventas)\" aria-expanded=\"false\" aria-controls=\"accordion-732536000-content\" >\n\t\t\t<button class=\"toggle\" aria-label=\"Toggle\"><i class=\"icon-angle-down\"><\/i><\/button>\n\t\t\t<span>Stuttgart (Ventas)<\/span>\n\t\t<\/a>\n\t\t<div id=\"accordion-732536000-content\" class=\"accordion-inner\" aria-labelledby=\"accordion-732536000-label\" >\n\t\t\t\n\n<p>E-mail: <a href=\"mailto:sales@md-elektronik.de\">sales@md-elektronik.de<\/a><\/p>\n\n\t\t<\/div>\n\t<\/div>\n\t\n\n<\/div>\n\t<div id=\"gap-1286568018\" class=\"gap-element clearfix\" style=\"display:block; height:auto;\">\n\t\t\n<style>\n#gap-1286568018 {\n  padding-top: 40px;\n}\n<\/style>\n\t<\/div>\n\t\n\n<h3 class=\"accordion_title\">Francia<\/h3><div class=\"accordion md-accordion\">\n\n\t<div id=\"accordion-1375085817\" class=\"accordion-item\">\n\t\t<a id=\"accordion-1375085817-label\" class=\"accordion-title plain\" href=\"#accordion-item-par\u00eds-(ventas)\" aria-expanded=\"false\" aria-controls=\"accordion-1375085817-content\" >\n\t\t\t<button class=\"toggle\" aria-label=\"Toggle\"><i class=\"icon-angle-down\"><\/i><\/button>\n\t\t\t<span>Par\u00eds (Ventas)<\/span>\n\t\t<\/a>\n\t\t<div id=\"accordion-1375085817-content\" class=\"accordion-inner\" aria-labelledby=\"accordion-1375085817-label\" >\n\t\t\t\n\n<p>E-mail: <a href=\"mailto:sales@md-elektronik.com\">sales@md-elektronik.com<\/a><\/p>\n\n\t\t<\/div>\n\t<\/div>\n\t\n\n<\/div>\n\t<div id=\"gap-230811139\" class=\"gap-element clearfix\" style=\"display:block; height:auto;\">\n\t\t\n<style>\n#gap-230811139 {\n  padding-top: 40px;\n}\n<\/style>\n\t<\/div>\n\t\n\n<h3 class=\"accordion_title\">Rep\u00fablica Checa<\/h3><div class=\"accordion md-accordion\">\n\n\t<div id=\"accordion-3434414123\" class=\"accordion-item\">\n\t\t<a id=\"accordion-3434414123-label\" class=\"accordion-title plain\" href=\"#accordion-item-chot\u011b\u0161ov-(producci\u00f3n)\" aria-expanded=\"false\" aria-controls=\"accordion-3434414123-content\" >\n\t\t\t<button class=\"toggle\" aria-label=\"Toggle\"><i class=\"icon-angle-down\"><\/i><\/button>\n\t\t\t<span>Chot\u011b\u0161ov (Producci\u00f3n)<\/span>\n\t\t<\/a>\n\t\t<div id=\"accordion-3434414123-content\" class=\"accordion-inner\" aria-labelledby=\"accordion-3434414123-label\" >\n\t\t\t\n\n<p><strong>MD ELEKTRONIK spol. s r. o.<\/strong><br \/>Dob\u0159ansk\u00e1 629<br \/>332 14 Chot\u011b\u0161ov<br \/>Rep\u00fablica Checa<\/p>\n<p>Tel\u00e9fono: +420 377 \/ 198 111<\/p>\n\n\t\t<\/div>\n\t<\/div>\n\t\n\n<\/div>\n\t<div id=\"gap-1837157027\" class=\"gap-element clearfix\" style=\"display:block; height:auto;\">\n\t\t\n<style>\n#gap-1837157027 {\n  padding-top: 40px;\n}\n<\/style>\n\t<\/div>\n\t\n\n<h3>Bulgaria<\/h3>\n<p><span style=\"font-size: 85%;\">Sofia (IT Service Center)<\/span><\/p>\n\n\t<div id=\"gap-1612372154\" class=\"gap-element clearfix\" style=\"display:block; height:auto;\">\n\t\t\n<style>\n#gap-1612372154 {\n  padding-top: 40px;\n}\n<\/style>\n\t<\/div>\n\t\n\n\n\t\t<\/div>\n\t\t\t\t\n<style>\n#col-1948837557 > .col-inner {\n  padding: 30px 30px 30px 30px;\n}\n@media (min-width:550px) {\n  #col-1948837557 > .col-inner {\n    padding: 60px 60px 60px 60px;\n  }\n}\n<\/style>\n\t<\/div>\n\n\t\n\n\t<div id=\"col-31984708\" class=\"col medium-4 small-12 large-4\"  >\n\t\t\t\t<div class=\"col-inner text-left\" style=\"background-color:#f5f5f7;\" >\n\t\t\t\n\t\t\t\n\n<div class=\"container section-title-container\" style=\"margin-bottom:15px;\"><h2 class=\"section-title section-title-center\"><b><\/b><span class=\"section-title-main\" >APAC<\/span><b><\/b><\/h2><\/div>\n\n<h3 class=\"accordion_title\">China<\/h3><div class=\"accordion md-accordion\">\n\n\t<div id=\"accordion-2886078094\" class=\"accordion-item\">\n\t\t<a id=\"accordion-2886078094-label\" class=\"accordion-title plain\" href=\"#accordion-item-changzhou-(ventas)\" aria-expanded=\"false\" aria-controls=\"accordion-2886078094-content\" >\n\t\t\t<button class=\"toggle\" aria-label=\"Toggle\"><i class=\"icon-angle-down\"><\/i><\/button>\n\t\t\t<span>Changzhou (Ventas)<\/span>\n\t\t<\/a>\n\t\t<div id=\"accordion-2886078094-content\" class=\"accordion-inner\" aria-labelledby=\"accordion-2886078094-label\" >\n\t\t\t\n\n<p>\u8fc8\u6069\u5fb7\uff08\u4e2d\u56fd\uff09\u7535\u5b50\u6709\u9650\u516c\u53f8<\/p>\n<p>MD (China) ELECTRONICS Co., Ltd.<\/p>\n<p>\u5e38\u5dde\u5e02\u91d1\u575b\u533a \u4e91\u6e56\u8def5\u53f7\uff08213200\uff09<\/p>\n<p>No. 5, Yunhu Road, Jintan District, 213200, Changzhou, PRC<\/p>\n\n\t\t<\/div>\n\t<\/div>\n\t\n\t<div id=\"accordion-3609862207\" class=\"accordion-item\">\n\t\t<a id=\"accordion-3609862207-label\" class=\"accordion-title plain\" href=\"#accordion-item-pek\u00edn-%20(sede-central-de-asia-pac\u00edfico)\" aria-expanded=\"false\" aria-controls=\"accordion-3609862207-content\" >\n\t\t\t<button class=\"toggle\" aria-label=\"Toggle\"><i class=\"icon-angle-down\"><\/i><\/button>\n\t\t\t<span>Pek\u00edn  (Sede central de Asia-Pac\u00edfico)<\/span>\n\t\t<\/a>\n\t\t<div id=\"accordion-3609862207-content\" class=\"accordion-inner\" aria-labelledby=\"accordion-3609862207-label\" >\n\t\t\t\n\n<p>Room 401,<br \/>Tower A, Building 1,<br \/>Huanpu Office,<br \/>Yard12,<br \/>Anxiang Street ,<br \/>Shun Yi District,<br \/>101312 Beijing, PRC<\/p>\n\n\t\t<\/div>\n\t<\/div>\n\t\n\t<div id=\"accordion-3361708687\" class=\"accordion-item\">\n\t\t<a id=\"accordion-3361708687-label\" class=\"accordion-title plain\" href=\"#accordion-item-changchun-(ventas)\" aria-expanded=\"false\" aria-controls=\"accordion-3361708687-content\" >\n\t\t\t<button class=\"toggle\" aria-label=\"Toggle\"><i class=\"icon-angle-down\"><\/i><\/button>\n\t\t\t<span>Changchun (Ventas)<\/span>\n\t\t<\/a>\n\t\t<div id=\"accordion-3361708687-content\" class=\"accordion-inner\" aria-labelledby=\"accordion-3361708687-label\" >\n\t\t\t\n\n<p>\u8fc8\u6069\u5fb7\u4e9a\u592a\uff08\u5317\u4eac\uff09\u7535\u5b50\u6709\u9650\u516c\u53f8 \u957f\u6625\u529e\u4e8b\u5904<br \/><strong>MD Asia-Pacific (Beijing) ELECTRONICS Co., Ltd. CHANGCHUN OFFICE<\/strong><br \/>\u5409\u6797\u7701\u957f\u6625\u5e02\u9ad8\u65b0\u6280\u672f\u4ea7\u4e1a\u5f00\u53d1\u533a\u851a\u5c71\u8def3300\u53f7\u5609\u79be\u96c5\u5c452\u680b801\u5ba4,130012<br \/>Room 801, Building 2, Jiaheyaju,No. 3300 Weishan Road,<br \/>High-Tech development District,<br \/>130012, ChangChun City,<br \/>JiLin Province<\/p>\n<p>E-mail: <a href=\"mailto:sales@md-electronics.cn\">sales@md-electronics.cn<\/a><\/p>\n\n\t\t<\/div>\n\t<\/div>\n\t\n\t<div id=\"accordion-764694298\" class=\"accordion-item\">\n\t\t<a id=\"accordion-764694298-label\" class=\"accordion-title plain\" href=\"#accordion-item-shanghai-(ventas)\" aria-expanded=\"false\" aria-controls=\"accordion-764694298-content\" >\n\t\t\t<button class=\"toggle\" aria-label=\"Toggle\"><i class=\"icon-angle-down\"><\/i><\/button>\n\t\t\t<span>Shanghai (Ventas)<\/span>\n\t\t<\/a>\n\t\t<div id=\"accordion-764694298-content\" class=\"accordion-inner\" aria-labelledby=\"accordion-764694298-label\" >\n\t\t\t\n\n<p>\u8fc8\u6069\u5fb7\uff08\u5317\u4eac\uff09\u7535\u5b50\u6709\u9650\u516c\u53f8 \u4e0a\u6d77\u5206\u516c\u53f8<br \/><strong>MD (Beijing) ELECTRONICS Co., Ltd. SHANGHAI BRANCH<\/strong><br \/>\u4e0a\u6d77\u5e02 \u5609\u5b9a\u533a \u58a8\u7389\u5357\u8def1033\u53f7 \u5609\u4ead\u5927\u53a69\u5c42905\u5ba4<br \/>Room 905, JTower, No. 1033,<br \/>South Moyu Road<br \/>Jiading District,<br \/>201805 Shanghai<\/p>\n<p>E-mail: <a href=\"mailto:sales@md-electronics.cn\">sales@md-electronics.cn<\/a><\/p>\n\n\t\t<\/div>\n\t<\/div>\n\t\n\t<div id=\"accordion-2713772515\" class=\"accordion-item\">\n\t\t<a id=\"accordion-2713772515-label\" class=\"accordion-title plain\" href=\"#accordion-item-shenzhen-(oficina-t\u00e9cnica)\" aria-expanded=\"false\" aria-controls=\"accordion-2713772515-content\" >\n\t\t\t<button class=\"toggle\" aria-label=\"Toggle\"><i class=\"icon-angle-down\"><\/i><\/button>\n\t\t\t<span>Shenzhen (Oficina t\u00e9cnica)<\/span>\n\t\t<\/a>\n\t\t<div id=\"accordion-2713772515-content\" class=\"accordion-inner\" aria-labelledby=\"accordion-2713772515-label\" >\n\t\t\t\n\n<p>E-mail: <a href=\"mailto:product-info@md-elektronik.com\">product-info@md-elektronik.com<\/a><\/p>\n\n\t\t<\/div>\n\t<\/div>\n\t\n\n<\/div>\n\t<div id=\"gap-187397659\" class=\"gap-element clearfix\" style=\"display:block; height:auto;\">\n\t\t\n<style>\n#gap-187397659 {\n  padding-top: 40px;\n}\n<\/style>\n\t<\/div>\n\t\n\n<h3 class=\"accordion_title\">Corea del Sur<\/h3><div class=\"accordion md-accordion\">\n\n\t<div id=\"accordion-2348375791\" class=\"accordion-item\">\n\t\t<a id=\"accordion-2348375791-label\" class=\"accordion-title plain\" href=\"#accordion-item-se\u00fal-(ventas)\" aria-expanded=\"false\" aria-controls=\"accordion-2348375791-content\" >\n\t\t\t<button class=\"toggle\" aria-label=\"Toggle\"><i class=\"icon-angle-down\"><\/i><\/button>\n\t\t\t<span>Se\u00fal (Ventas)<\/span>\n\t\t<\/a>\n\t\t<div id=\"accordion-2348375791-content\" class=\"accordion-inner\" aria-labelledby=\"accordion-2348375791-label\" >\n\t\t\t\n\n<p>E-mail:&nbsp;<a href=\"mailto:sales@md-elektronik.com\">sales@md-elektronik.com<\/a><\/p>\n\n\t\t<\/div>\n\t<\/div>\n\t\n\n<\/div>\n\t<div id=\"gap-798696510\" class=\"gap-element clearfix\" style=\"display:block; height:auto;\">\n\t\t\n<style>\n#gap-798696510 {\n  padding-top: 40px;\n}\n<\/style>\n\t<\/div>\n\t\n\n<h3 class=\"accordion_title\">Jap\u00f3n<\/h3><div class=\"accordion md-accordion\">\n\n\t<div id=\"accordion-1697818545\" class=\"accordion-item\">\n\t\t<a id=\"accordion-1697818545-label\" class=\"accordion-title plain\" href=\"#accordion-item-tokio-(ventas)\" aria-expanded=\"false\" aria-controls=\"accordion-1697818545-content\" >\n\t\t\t<button class=\"toggle\" aria-label=\"Toggle\"><i class=\"icon-angle-down\"><\/i><\/button>\n\t\t\t<span>Tokio (Ventas)<\/span>\n\t\t<\/a>\n\t\t<div id=\"accordion-1697818545-content\" class=\"accordion-inner\" aria-labelledby=\"accordion-1697818545-label\" >\n\t\t\t\n\n<p>MD ELECTRONICS Japan G.K. <br \/>1-26-2 Nishi-Shinjuku, Shinjuku-ku, Tokio 163-0532<br \/>Edificio Shinjuku Nomura 32F<\/p>\n<p>Correo electr\u00f3nico <a href=\"mailto:Sales_Japan@md-electronics.jp\">Sales_Japan@md-electronics.jp<\/a><\/p>\n<p>MD ELECTRONICS Japan \u5408\u540c\u4f1a\u793e<br \/>\u3012163-0532<br \/>\u6771\u4eac\u90fd\u65b0\u5bbf\u533a\u897f\u65b0\u5bbf1-26-2<br \/>\u65b0\u5bbf\u91ce\u6751\u30d3\u30eb32\u968e<br \/>\u96fb\u8a71\uff1a03-5322-2880<br \/>FAX\uff1a03-5322-2807<\/p>\n<p>\u30e1\u30fc\u30eb: <a href=\"mailto:Sales_Japan@md-electronics.jp\">Sales_Japan@md-electronics.jp<\/a><\/p>\n\n\t\t<\/div>\n\t<\/div>\n\t\n\n<\/div>\n\n\t\t<\/div>\n\t\t\t\t\n<style>\n#col-31984708 > .col-inner {\n  padding: 30px 30px 30px 30px;\n}\n@media (min-width:550px) {\n  #col-31984708 > .col-inner {\n    padding: 60px 60px 60px 60px;\n  }\n}\n<\/style>\n\t<\/div>\n\n\t\n\n<\/div>\n\n\t\t<\/div>\n\n\t\t\n<style>\n#section_1087218478 {\n  padding-top: 0px;\n  padding-bottom: 0px;\n}\n<\/style>\n\t<\/section>\n\t\n\n","protected":false},"excerpt":{"rendered":"","protected":false},"author":1,"featured_media":0,"parent":0,"menu_order":7,"comment_status":"closed","ping_status":"closed","template":"page-blank.php","meta":{"footnotes":""},"class_list":["post-3617","page","type-page","status-publish","hentry"],"_links":{"self":[{"href":"https:\/\/www.md-elektronik.com\/es\/wp-json\/wp\/v2\/pages\/3617","targetHints":{"allow":["GET"]}}],"collection":[{"href":"https:\/\/www.md-elektronik.com\/es\/wp-json\/wp\/v2\/pages"}],"about":[{"href":"https:\/\/www.md-elektronik.com\/es\/wp-json\/wp\/v2\/types\/page"}],"author":[{"embeddable":true,"href":"https:\/\/www.md-elektronik.com\/es\/wp-json\/wp\/v2\/users\/1"}],"replies":[{"embeddable":true,"href":"https:\/\/www.md-elektronik.com\/es\/wp-json\/wp\/v2\/comments?post=3617"}],"version-history":[{"count":40,"href":"https:\/\/www.md-elektronik.com\/es\/wp-json\/wp\/v2\/pages\/3617\/revisions"}],"predecessor-version":[{"id":31844,"href":"https:\/\/www.md-elektronik.com\/es\/wp-json\/wp\/v2\/pages\/3617\/revisions\/31844"}],"wp:attachment":[{"href":"https:\/\/www.md-elektronik.com\/es\/wp-json\/wp\/v2\/media?parent=3617"}],"curies":[{"name":"wp","href":"https:\/\/api.w.org\/{rel}","templated":true}]}}