{"id":5749,"date":"2021-03-23T09:55:42","date_gmt":"2021-03-23T08:55:42","guid":{"rendered":"https:\/\/www.md-elektronik.de\/?page_id=5749"},"modified":"2026-03-27T12:39:43","modified_gmt":"2026-03-27T11:39:43","slug":"nuestra-mision","status":"publish","type":"page","link":"https:\/\/www.md-elektronik.com\/es\/sobre-nosotros\/nuestra-mision\/","title":{"rendered":"Nuestra misi\u00f3n"},"content":{"rendered":"\n\n\t<section class=\"section\" id=\"section_175221827\">\n\t\t<div class=\"section-bg fill\" >\n\t\t\t\t\t\t\t\t\t\n\t\t\t\n\n\t\t<\/div>\n\n\t\t\n\n\t\t<div class=\"section-content relative\">\n\t\t\t\n\n<div class=\"row row-collapse align-middle align-center\"  id=\"row-577387745\">\n\n\n\t<div id=\"col-1863675027\" class=\"col small-12 large-12\"  >\n\t\t\t\t<div class=\"col-inner text-center\"  >\n\t\t\t\n\t\t\t\n\n<div class=\"container section-title-container\" style=\"margin-bottom:15px;\"><h1 class=\"section-title section-title-center\"><b><\/b><span class=\"section-title-main\" style=\"font-size:154%;\">Nuestra misi\u00f3n<\/span><b><\/b><\/h1><\/div>\n\n<p>C.A.S.E. describe la movilidad del futuro: Connected, Autonomous, Shared &amp; Service and Electric. Para esto, son necesarias numerosas aplicaciones en el veh\u00edculo que requieren una transmisi\u00f3n segura y fiable de enormes cantidades de datos en tiempo real.&nbsp;<\/p>\n<p>Tenemos un objetivo muy claro: queremos ser la empresa l\u00edder mundial en el mercado de futuro de la transmisi\u00f3n de datos en el sector automotriz.<\/p>\n<p>Tener marcado un objetivo claro es la mejor forma de motivaci\u00f3n. <br \/><strong>Nuestra misi\u00f3n: Cuando una visi\u00f3n se hace realidad:<\/strong><\/p>\n\n\t\t<\/div>\n\t\t\t\t\n<style>\n#col-1863675027 > .col-inner {\n  padding: 30px 30px 10px 30px;\n}\n<\/style>\n\t<\/div>\n\n\t\n\n<\/div>\n\n\t\t<\/div>\n\n\t\t\n<style>\n#section_175221827 {\n  padding-top: 30px;\n  padding-bottom: 30px;\n  background-color: rgb(245, 245, 247);\n}\n<\/style>\n\t<\/section>\n\t\n\n\t<section class=\"section\" id=\"section_655555261\">\n\t\t<div class=\"section-bg fill\" >\n\t\t\t\t\t\t\t\t\t\n\t\t\t\n\n\t\t<\/div>\n\n\t\t\n\n\t\t<div class=\"section-content relative\">\n\t\t\t\n\n<div class=\"row row-collapse row-full-width align-middle\"  id=\"row-209901827\">\n\n\n\t<div id=\"col-1136137058\" class=\"col medium-6 small-12 large-6\"  data-animate=\"fadeInUp\">\n\t\t\t\t<div class=\"col-inner\"  >\n\t\t\t\n\t\t\t\n\n\t<div class=\"img has-hover x md-x lg-x y md-y lg-y\" id=\"image_1611187923\">\n\t\t\t\t\t\t\t\t<div class=\"img-inner image-cover dark\" style=\"padding-top:65%;\">\n\t\t\t<img decoding=\"async\" width=\"1020\" height=\"680\" src=\"https:\/\/www.md-elektronik.com\/wp-content\/uploads\/2021\/03\/Mission_Leidenschaftliche-Mitarbeiter-1024x683.jpg\" class=\"attachment-large size-large\" alt=\"Engineer using a magnifying glass and microscope to inspect a cable component at MD ELEKTRONIK, highlighting the company&#039;s commitment to quality and precision in automotive manufacturing\" srcset=\"https:\/\/www.md-elektronik.com\/wp-content\/uploads\/2021\/03\/Mission_Leidenschaftliche-Mitarbeiter-1024x683.jpg 1024w, https:\/\/www.md-elektronik.com\/wp-content\/uploads\/2021\/03\/Mission_Leidenschaftliche-Mitarbeiter-300x200.jpg 300w, https:\/\/www.md-elektronik.com\/wp-content\/uploads\/2021\/03\/Mission_Leidenschaftliche-Mitarbeiter-768x512.jpg 768w, https:\/\/www.md-elektronik.com\/wp-content\/uploads\/2021\/03\/Mission_Leidenschaftliche-Mitarbeiter.jpg 1440w\" sizes=\"(max-width: 1020px) 100vw, 1020px\" \/>\t\t\t\t\t\t\n\t\t\t\t\t<\/div>\n\t\t\t\t\t\t\t\t\n<style>\n#image_1611187923 {\n  width: 100%;\n}\n<\/style>\n\t<\/div>\n\t\n\n\n\t\t<\/div>\n\t\t\t\t\t<\/div>\n\n\t\n\n\t<div id=\"col-587488889\" class=\"col medium-6 small-12 large-6\"  >\n\t\t\t\t<div class=\"col-inner text-center\"  >\n\t\t\t\n\t\t\t\n\n<div class=\"container section-title-container\" style=\"margin-bottom:15px;\"><h2 class=\"section-title section-title-center\"><b><\/b><span class=\"section-title-main\" >Empleados apasionados \u2013 el factor decisivo para el \u00e9xito<\/span><b><\/b><\/h2><\/div>\n\n<p>Cuando una visi\u00f3n se convierte en una pasi\u00f3n. Nuestros empleados son nuestro mayor capital. Trabajamos juntos con gran entusiasmo en las soluciones de transmisi\u00f3n de datos para la movilidad del ma\u00f1ana.<\/p>\n<p><strong>\u00a1m\u00e1s all\u00e1 de las conexiones! <\/strong><\/p>\n\n\t\t<\/div>\n\t\t\t\t\n<style>\n#col-587488889 > .col-inner {\n  padding: 30px 30px 30px 30px;\n}\n@media (min-width:550px) {\n  #col-587488889 > .col-inner {\n    padding: 60px 60px 60px 60px;\n  }\n}\n<\/style>\n\t<\/div>\n\n\t\n\n\n<style>\n#row-209901827 > .col > .col-inner {\n  background-color: rgb(255, 255, 255);\n}\n<\/style>\n<\/div>\n\n\t\t<\/div>\n\n\t\t\n<style>\n#section_655555261 {\n  padding-top: 0px;\n  padding-bottom: 0px;\n  background-color: rgb(255,255,255);\n}\n<\/style>\n\t<\/section>\n\t\n\n\t<section class=\"section mb-20 mt-20\" id=\"section_829216938\">\n\t\t<div class=\"section-bg fill\" >\n\t\t\t\t\t\t\t\t\t\n\t\t\t\n\n\t\t<\/div>\n\n\t\t\n\n\t\t<div class=\"section-content relative\">\n\t\t\t\n\n<div class=\"row row-collapse align-middle\"  id=\"row-1828046698\">\n\n\n\t<div id=\"col-1752513814\" class=\"col medium-6 small-12 large-6\"  >\n\t\t\t\t<div class=\"col-inner text-center\"  >\n\t\t\t\n\t\t\t\n\n<div class=\"container section-title-container\" style=\"margin-bottom:15px;\"><h2 class=\"section-title section-title-center\"><b><\/b><span class=\"section-title-main\" >Orientaci\u00f3n al cliente como filosof\u00eda de la empresa<\/span><b><\/b><\/h2><\/div>\n\n<p>Que el cliente sea el centro de nuestro trabajo forma parte de nuestra cultura de empresa. Y con un gran \u00e9xito:<\/p>\n<p>Conocemos sus necesidades incluso antes de que las exprese. Para dar una respuesta temprana a las tendencias de movilidad y ser la primera empresa en desarrollar soluciones adecuadas, tenemos un contacto muy estrecho con los OEM y los proveedores de tecnolog\u00eda en el \u00e1rea de la transmisi\u00f3n de datos.<\/p>\n<p><strong>Solo de ese modo podremos saber y comprender hoy qu\u00e9 tecnolog\u00eda necesitar\u00e1 el auto del futuro, y lo haremos realidad para usted. <\/strong><\/p>\n\n\t\t<\/div>\n\t\t\t\t\n<style>\n#col-1752513814 > .col-inner {\n  padding: 30px 30px 30px 30px;\n}\n@media (min-width:550px) {\n  #col-1752513814 > .col-inner {\n    padding: 60px 60px 60px 60px;\n  }\n}\n<\/style>\n\t<\/div>\n\n\t\n\n\t<div id=\"col-95090810\" class=\"col medium-6 small-12 large-6 small-col-first\"  data-animate=\"fadeInUp\">\n\t\t\t\t<div class=\"col-inner\"  >\n\t\t\t\n\t\t\t\n\n\t<div class=\"img has-hover x md-x lg-x y md-y lg-y\" id=\"image_1327604694\">\n\t\t\t\t\t\t\t\t<div class=\"img-inner image-cover dark\" style=\"padding-top:92.5%;\">\n\t\t\t<img decoding=\"async\" width=\"1020\" height=\"440\" src=\"https:\/\/www.md-elektronik.com\/wp-content\/uploads\/2021\/03\/Mission_Kundenorientierung-als-Firmenphilosophie-1-1024x442.jpg\" class=\"attachment-large size-large\" alt=\"Close-up of a handshake over a signed contract, symbolizing MD ELEKTRONIK&#039;s commitment to customer orientation and strong partnerships in the automotive industry.\" srcset=\"https:\/\/www.md-elektronik.com\/wp-content\/uploads\/2021\/03\/Mission_Kundenorientierung-als-Firmenphilosophie-1-1024x442.jpg 1024w, https:\/\/www.md-elektronik.com\/wp-content\/uploads\/2021\/03\/Mission_Kundenorientierung-als-Firmenphilosophie-1-300x129.jpg 300w, https:\/\/www.md-elektronik.com\/wp-content\/uploads\/2021\/03\/Mission_Kundenorientierung-als-Firmenphilosophie-1-768x331.jpg 768w, https:\/\/www.md-elektronik.com\/wp-content\/uploads\/2021\/03\/Mission_Kundenorientierung-als-Firmenphilosophie-1.jpg 1440w\" sizes=\"(max-width: 1020px) 100vw, 1020px\" \/>\t\t\t\t\t\t\n\t\t\t\t\t<\/div>\n\t\t\t\t\t\t\t\t\n<style>\n#image_1327604694 {\n  width: 100%;\n}\n<\/style>\n\t<\/div>\n\t\n\n\n\t\t<\/div>\n\t\t\t\t\t<\/div>\n\n\t\n\n\n<style>\n#row-1828046698 > .col > .col-inner {\n  background-color: rgb(255, 255, 255);\n}\n<\/style>\n<\/div>\n\n\t\t<\/div>\n\n\t\t\n<style>\n#section_829216938 {\n  padding-top: 0px;\n  padding-bottom: 0px;\n}\n<\/style>\n\t<\/section>\n\t\n\n\t<section class=\"section mb-20\" id=\"section_991812109\">\n\t\t<div class=\"section-bg fill\" >\n\t\t\t\t\t\t\t\t\t\n\t\t\t\n\n\t\t<\/div>\n\n\t\t\n\n\t\t<div class=\"section-content relative\">\n\t\t\t\n\n<div class=\"row row-collapse row-full-width align-middle bg-white\"  id=\"row-2070372186\">\n\n\n\t<div id=\"col-1101063758\" class=\"col medium-6 small-12 large-6\"  data-animate=\"fadeInUp\">\n\t\t\t\t<div class=\"col-inner\"  >\n\t\t\t\n\t\t\t\n\n\t<div class=\"img has-hover x md-x lg-x y md-y lg-y\" id=\"image_437661299\">\n\t\t\t\t\t\t\t\t<div class=\"img-inner image-zoom image-cover dark\" style=\"padding-top:65%;\">\n\t\t\t<img decoding=\"async\" width=\"1020\" height=\"680\" src=\"https:\/\/www.md-elektronik.com\/wp-content\/uploads\/2021\/03\/Mission_One-Step-Ahead-Solutions-1024x683.jpg\" class=\"attachment-large size-large\" alt=\"MD ELEKTRONIK engineer explaining automotive cable solutions to colleagues, emphasizing teamwork and innovative technology in the automotive industry.\" srcset=\"https:\/\/www.md-elektronik.com\/wp-content\/uploads\/2021\/03\/Mission_One-Step-Ahead-Solutions-1024x683.jpg 1024w, https:\/\/www.md-elektronik.com\/wp-content\/uploads\/2021\/03\/Mission_One-Step-Ahead-Solutions-300x200.jpg 300w, https:\/\/www.md-elektronik.com\/wp-content\/uploads\/2021\/03\/Mission_One-Step-Ahead-Solutions-768x512.jpg 768w, https:\/\/www.md-elektronik.com\/wp-content\/uploads\/2021\/03\/Mission_One-Step-Ahead-Solutions.jpg 1440w\" sizes=\"(max-width: 1020px) 100vw, 1020px\" \/>\t\t\t\t\t\t\n\t\t\t\t\t<\/div>\n\t\t\t\t\t\t\t\t\n<style>\n#image_437661299 {\n  width: 100%;\n}\n<\/style>\n\t<\/div>\n\t\n\n\n\t\t<\/div>\n\t\t\t\t\t<\/div>\n\n\t\n\n\t<div id=\"col-1325374508\" class=\"col medium-6 small-12 large-6\"  >\n\t\t\t\t<div class=\"col-inner text-center\"  >\n\t\t\t\n\t\t\t\n\n<div class=\"container section-title-container\" style=\"margin-bottom:15px;\"><h2 class=\"section-title section-title-center\"><b><\/b><span class=\"section-title-main\" >Soluciones que van un paso adelante<\/span><b><\/b><\/h2><\/div>\n\n<p>En nuestro desarrollo apostamos por un equipo de 60 especialistas con conocimientos especializados basados en m\u00e1s de 25 a\u00f1os de experiencia en el \u00e1rea de la transmisi\u00f3n de datos de alta frecuencia en el veh\u00edculo.<\/p>\n<p>Nuestro concepto de desarrollo se basa en una profunda comprensi\u00f3n de todo el sistema \u2013 de chip a chip \u00ad\u2013 y en una estrecha colaboraci\u00f3n con los fabricantes de semiconductores.<\/p>\n<p><strong>Comprendemos los sistemas del futuro y as\u00ed podemos desarrollar soluciones innovadoras para la transmisi\u00f3n <br \/>de datos.<\/strong><\/p>\n\n\t\t<\/div>\n\t\t\t\t\n<style>\n#col-1325374508 > .col-inner {\n  padding: 30px 30px 30px 30px;\n}\n@media (min-width:550px) {\n  #col-1325374508 > .col-inner {\n    padding: 60px 60px 60px 60px;\n  }\n}\n<\/style>\n\t<\/div>\n\n\t\n\n\n<style>\n#row-2070372186 > .col > .col-inner {\n  background-color: rgb(255, 255, 255);\n}\n<\/style>\n<\/div>\n\n\t\t<\/div>\n\n\t\t\n<style>\n#section_991812109 {\n  padding-top: 0px;\n  padding-bottom: 0px;\n  background-color: #f5f5f7;\n}\n<\/style>\n\t<\/section>\n\t\n\n\t<section class=\"section mb-20\" id=\"section_903555611\">\n\t\t<div class=\"section-bg fill\" >\n\t\t\t\t\t\t\t\t\t\n\t\t\t\n\n\t\t<\/div>\n\n\t\t\n\n\t\t<div class=\"section-content relative\">\n\t\t\t\n\n<div class=\"row row-collapse row-full-width align-middle bg-white\"  id=\"row-410790508\">\n\n\n\t<div id=\"col-1883510578\" class=\"col medium-6 small-12 large-6\"  >\n\t\t\t\t<div class=\"col-inner text-center\" style=\"background-color:rgb(255,255,255);\" >\n\t\t\t\n\t\t\t\n\n<div class=\"container section-title-container\" style=\"margin-bottom:15px;\"><h2 class=\"section-title section-title-center\"><b><\/b><span class=\"section-title-main\" >Tecnolog\u00edas de vanguardia en producci\u00f3n<\/span><b><\/b><\/h2><\/div>\n\n<p>Ning\u00fan coche sin transmisi\u00f3n de datos. La automatizaci\u00f3n es indispensable para poder alcanzar la creciente demanda. A esto se suma el aspecto de la miniaturizaci\u00f3n de los componentes: los componentes cada vez son m\u00e1s peque\u00f1os, por lo que ya no se pueden procesar manualmente con la calidad necesaria.<\/p>\n<p>Nosotros resolvemos el conflicto entre la m\u00e1xima automatizaci\u00f3n y la m\u00e1xima flexibilidad, lo resolvemos gracias a nuestro concepto modular, que seguimos desarrollando de forma continua en nuestro departamento interno de construcci\u00f3n de m\u00e1quinas.<\/p>\n<p><strong>Solo de esta forma podemos continuar respondiendo con gran flexibilidad ante los cambios de \u00faltima hora, a pesar del alto grado de automatizaci\u00f3n.<\/strong><\/p>\n\n\t\t<\/div>\n\t\t\t\t\n<style>\n#col-1883510578 > .col-inner {\n  padding: 30px 30px 30px 30px;\n}\n@media (min-width:550px) {\n  #col-1883510578 > .col-inner {\n    padding: 60px 60px 60px 60px;\n  }\n}\n<\/style>\n\t<\/div>\n\n\t\n\n\t<div id=\"col-1968499018\" class=\"col medium-6 small-12 large-6 small-col-first\"  data-animate=\"fadeInUp\">\n\t\t\t\t<div class=\"col-inner\"  >\n\t\t\t\n\t\t\t\n\n\t<div class=\"img has-hover x md-x lg-x y md-y lg-y\" id=\"image_371796725\">\n\t\t\t\t\t\t\t\t<div class=\"img-inner image-cover dark\" style=\"padding-top:65%;\">\n\t\t\t<img decoding=\"async\" width=\"1020\" height=\"680\" src=\"https:\/\/www.md-elektronik.com\/wp-content\/uploads\/2021\/03\/Mission_Modernste-Fertigungstechnologien-1024x683.jpg\" class=\"attachment-large size-large\" alt=\"Robotic arm in an automated production line at MD ELEKTRONIK, demonstrating advanced manufacturing technology in automotive cable assembly.\" srcset=\"https:\/\/www.md-elektronik.com\/wp-content\/uploads\/2021\/03\/Mission_Modernste-Fertigungstechnologien-1024x683.jpg 1024w, https:\/\/www.md-elektronik.com\/wp-content\/uploads\/2021\/03\/Mission_Modernste-Fertigungstechnologien-300x200.jpg 300w, https:\/\/www.md-elektronik.com\/wp-content\/uploads\/2021\/03\/Mission_Modernste-Fertigungstechnologien-768x512.jpg 768w, https:\/\/www.md-elektronik.com\/wp-content\/uploads\/2021\/03\/Mission_Modernste-Fertigungstechnologien.jpg 1440w\" sizes=\"(max-width: 1020px) 100vw, 1020px\" \/>\t\t\t\t\t\t\n\t\t\t\t\t<\/div>\n\t\t\t\t\t\t\t\t\n<style>\n#image_371796725 {\n  width: 100%;\n}\n<\/style>\n\t<\/div>\n\t\n\n\n\t\t<\/div>\n\t\t\t\t\t<\/div>\n\n\t\n\n\n<style>\n#row-410790508 > .col > .col-inner {\n  background-color: rgb(255,255,255);\n}\n<\/style>\n<\/div>\n\n\t\t<\/div>\n\n\t\t\n<style>\n#section_903555611 {\n  padding-top: 0px;\n  padding-bottom: 0px;\n  background-color: #f5f5f7;\n}\n<\/style>\n\t<\/section>\n\t\n\n\t<section class=\"section mb-20\" id=\"section_991802520\">\n\t\t<div class=\"section-bg fill\" >\n\t\t\t\t\t\t\t\t\t\n\t\t\t\n\n\t\t<\/div>\n\n\t\t\n\n\t\t<div class=\"section-content relative\">\n\t\t\t\n\n<div class=\"row row-collapse row-full-width align-middle bg-white\"  id=\"row-1810026883\">\n\n\n\t<div id=\"col-1004906350\" class=\"col medium-6 small-12 large-6\"  >\n\t\t\t\t<div class=\"col-inner text-center\"  >\n\t\t\t\n\t\t\t\n\n\t<div class=\"img has-hover x md-x lg-x y md-y lg-y\" id=\"image_40285460\">\n\t\t\t\t\t\t\t\t<div class=\"img-inner dark\" >\n\t\t\t<img decoding=\"async\" width=\"1536\" height=\"1024\" src=\"https:\/\/www.md-elektronik.com\/wp-content\/uploads\/2026\/03\/md_grafik_global_footprint_2026_es-1536x1024.jpg\" class=\"attachment-1536x1536 size-1536x1536\" alt=\"\" srcset=\"https:\/\/www.md-elektronik.com\/wp-content\/uploads\/2026\/03\/md_grafik_global_footprint_2026_es-1536x1024.jpg 1536w, https:\/\/www.md-elektronik.com\/wp-content\/uploads\/2026\/03\/md_grafik_global_footprint_2026_es-300x200.jpg 300w, https:\/\/www.md-elektronik.com\/wp-content\/uploads\/2026\/03\/md_grafik_global_footprint_2026_es-1024x683.jpg 1024w, https:\/\/www.md-elektronik.com\/wp-content\/uploads\/2026\/03\/md_grafik_global_footprint_2026_es-768x512.jpg 768w, https:\/\/www.md-elektronik.com\/wp-content\/uploads\/2026\/03\/md_grafik_global_footprint_2026_es-2048x1366.jpg 2048w\" sizes=\"(max-width: 1536px) 100vw, 1536px\" \/>\t\t\t\t\t\t\n\t\t\t\t\t<\/div>\n\t\t\t\t\t\t\t\t\n<style>\n#image_40285460 {\n  width: 84%;\n}\n<\/style>\n\t<\/div>\n\t\n\n\n\t\t<\/div>\n\t\t\t\t\t<\/div>\n\n\t\n\n\t<div id=\"col-744918225\" class=\"col medium-6 small-12 large-6\"  >\n\t\t\t\t<div class=\"col-inner text-center\" style=\"background-color:rgb(255,255,255);\" >\n\t\t\t\n\t\t\t\n\n<div class=\"container section-title-container\" style=\"margin-bottom:15px;\"><h2 class=\"section-title section-title-center\"><b><\/b><span class=\"section-title-main\" >Presencia global<\/span><b><\/b><\/h2><\/div>\n\n<p>9 pa\u00edses I 3 continentes I 5000 empleados I 100 % automotriz<\/p>\n<p>Estamos donde usted est\u00e1 y donde usted nos necesita. Estamos presentes en todos los mercados relevantes de la industria automotriz.<\/p>\n<p style=\"text-align: left;\"><strong>Ventajas para usted:<\/strong><\/p>\n<ul>\n<li style=\"text-align: left;\">M\u00e1xima flexibilidad gracias a las cortas v\u00edas de suministro.<\/li>\n<li style=\"text-align: left;\">Sostenibilidad: el 90\u00a0% de los productos de nuestras f\u00e1bricas permanece en el continente correspondiente.<\/li>\n<li style=\"text-align: left;\">Las m\u00e1s modernas tecnolog\u00edas en todas nuestras plantas de producci\u00f3n son la base de una alta calidad continua y de la fiabilidad de nuestros componentes.<\/li>\n<li style=\"text-align: left;\">\u00bfNecesita asistencia r\u00e1pidamente? Estaremos con usted a brevedad.<\/li>\n<li style=\"text-align: left;\">Ya sea espa\u00f1ol, chino o ingl\u00e9s: hablamos el mismo idioma.<\/li>\n<\/ul>\n\n\t\t<\/div>\n\t\t\t\t\n<style>\n#col-744918225 > .col-inner {\n  padding: 30px 30px 30px 30px;\n}\n@media (min-width:550px) {\n  #col-744918225 > .col-inner {\n    padding: 60px 60px 60px 60px;\n  }\n}\n<\/style>\n\t<\/div>\n\n\t\n\n\n<style>\n#row-1810026883 > .col > .col-inner {\n  background-color: rgb(255,255,255);\n}\n<\/style>\n<\/div>\n\n\t\t<\/div>\n\n\t\t\n<style>\n#section_991802520 {\n  padding-top: 0px;\n  padding-bottom: 0px;\n  background-color: #f5f5f7;\n}\n<\/style>\n\t<\/section>\n\t\n\n","protected":false},"excerpt":{"rendered":"","protected":false},"author":1,"featured_media":0,"parent":5725,"menu_order":2,"comment_status":"closed","ping_status":"closed","template":"page-blank.php","meta":{"footnotes":""},"class_list":["post-5749","page","type-page","status-publish","hentry"],"_links":{"self":[{"href":"https:\/\/www.md-elektronik.com\/es\/wp-json\/wp\/v2\/pages\/5749","targetHints":{"allow":["GET"]}}],"collection":[{"href":"https:\/\/www.md-elektronik.com\/es\/wp-json\/wp\/v2\/pages"}],"about":[{"href":"https:\/\/www.md-elektronik.com\/es\/wp-json\/wp\/v2\/types\/page"}],"author":[{"embeddable":true,"href":"https:\/\/www.md-elektronik.com\/es\/wp-json\/wp\/v2\/users\/1"}],"replies":[{"embeddable":true,"href":"https:\/\/www.md-elektronik.com\/es\/wp-json\/wp\/v2\/comments?post=5749"}],"version-history":[{"count":7,"href":"https:\/\/www.md-elektronik.com\/es\/wp-json\/wp\/v2\/pages\/5749\/revisions"}],"predecessor-version":[{"id":31830,"href":"https:\/\/www.md-elektronik.com\/es\/wp-json\/wp\/v2\/pages\/5749\/revisions\/31830"}],"up":[{"embeddable":true,"href":"https:\/\/www.md-elektronik.com\/es\/wp-json\/wp\/v2\/pages\/5725"}],"wp:attachment":[{"href":"https:\/\/www.md-elektronik.com\/es\/wp-json\/wp\/v2\/media?parent=5749"}],"curies":[{"name":"wp","href":"https:\/\/api.w.org\/{rel}","templated":true}]}}