{"id":5773,"date":"2021-03-23T10:27:14","date_gmt":"2021-03-23T09:27:14","guid":{"rendered":"https:\/\/www.md-elektronik.de\/?page_id=5773"},"modified":"2023-05-08T10:42:51","modified_gmt":"2023-05-08T08:42:51","slug":"info-entretenimiento","status":"publish","type":"page","link":"https:\/\/www.md-elektronik.com\/es\/aplicaciones-productos\/info-entretenimiento\/","title":{"rendered":"Info entretenimiento"},"content":{"rendered":"\n\n\t<section class=\"section\" id=\"section_630635457\">\n\t\t<div class=\"section-bg fill\" >\n\t\t\t\t\t\t\t\t\t\n\t\t\t\n\n\t\t<\/div>\n\n\t\t\n\n\t\t<div class=\"section-content relative\">\n\t\t\t\n\n<div class=\"row row-collapse row-full-width align-middle\"  id=\"row-1110791930\">\n\n\n\t<div id=\"col-361705532\" class=\"col medium-6 small-12 large-6\"  >\n\t\t\t\t<div class=\"col-inner text-center\"  >\n\t\t\t\n\t\t\t\n\n<h1><strong>Convertimos su veh\u00edculo en una sala m\u00f3vil. O en una oficina. O en un escenario multimedia.<\/strong><\/h1>\n<p>La megatendencia \u00abAut\u00f3nomo\u00bb est\u00e1 cambiando radicalmente el interior del veh\u00edculo. De esta manera, el auto del futuro se convertir\u00e1 en una sala m\u00f3vil. O en una oficina. O en un escenario multimedia.<\/p>\n<p>Aunque pasar\u00e1n algunos a\u00f1os antes de que los veh\u00edculos de <a href=\"https:\/\/www.md-elektronik.com\/es\/conduccion-autonoma\/\">conducci\u00f3n aut\u00f3noma<\/a> reinen en las carreteras, las pantallas 4K y, en el futuro, 8K ya se est\u00e1n abriendo camino en el interior de los veh\u00edculos. Asimismo, la conexi\u00f3n y la carga sin contacto de los dispositivos m\u00f3viles en el veh\u00edculo son ahora habituales. <br \/>Los nuevos modelos de negocio, como las funciones On Demand, constituyen tambi\u00e9n un tema importante en el sector del Info Entretenimiento de la movilidad del ma\u00f1ana. Todo esto tiene importantes implicaciones para la arquitectura de la red en el veh\u00edculo.<\/p>\n<p><strong>\u00bfDesea integrar un sistema multimedia en su veh\u00edculo? Manufacturamos para usted el cable \u00f3ptimo para la transmisi\u00f3n r\u00e1pida y segura de enormes cantidades de datos.<\/strong><\/p>\n\n\t\t<\/div>\n\t\t\t\t\n<style>\n#col-361705532 > .col-inner {\n  padding: 30px 30px 30px 30px;\n}\n@media (min-width:550px) {\n  #col-361705532 > .col-inner {\n    padding: 60px 60px 60px 60px;\n  }\n}\n<\/style>\n\t<\/div>\n\n\t\n\n\t<div id=\"col-566376426\" class=\"col hide-for-small medium-6 small-12 large-6\"  data-animate=\"fadeInUp\">\n\t\t\t\t<div class=\"col-inner\"  >\n\t\t\t\n\t\t\t\n\n<iframe style=\"margin-bottom: -6px;\" src=\"https:\/\/player.vimeo.com\/video\/519029503?h=6205cb104c&amp;badge=0&amp;autopause=0&amp;player_id=0&amp;app_id=58479&amp;background=1&amp;dnt=1\" width=\"960\" height=\"540\" frameborder=\"0\" allowfullscreen=\"allowfullscreen\"><\/iframe>\n\n\n\t\t<\/div>\n\t\t\t\t\t<\/div>\n\n\t\n\n\t<div id=\"col-1118433105\" class=\"col show-for-small medium-6 small-12 large-6\"  data-animate=\"fadeInUp\">\n\t\t\t\t<div class=\"col-inner\"  >\n\t\t\t\n\t\t\t\n\n<iframe style=\"margin-bottom:-6px;\" src=\"https:\/\/player.vimeo.com\/video\/519029503?h=6205cb104c&amp;badge=0&amp;autopause=0&amp;player_id=0&amp;app_id=58479&amp;background=1&amp;dnt=1\" width=\"100%\" height=\"200\" frameborder=\"0\" allow=\"autoplay; fullscreen\" allowfullscreen><\/iframe>\n\n\n\t\t<\/div>\n\t\t\t\t\t<\/div>\n\n\t\n\n\n<style>\n#row-1110791930 > .col > .col-inner {\n  background-color: rgb(255, 255, 255);\n}\n<\/style>\n<\/div>\n\n\t\t<\/div>\n\n\t\t\n<style>\n#section_630635457 {\n  padding-top: 0px;\n  padding-bottom: 0px;\n  background-color: rgb(255,255,255);\n}\n<\/style>\n\t<\/section>\n\t\n\n\t<section class=\"section mb-20 mt-20\" id=\"section_1221822213\">\n\t\t<div class=\"section-bg fill\" >\n\t\t\t\t\t\t\t\t\t\n\t\t\t\n\n\t\t<\/div>\n\n\t\t\n\n\t\t<div class=\"section-content relative\">\n\t\t\t\n\n<div class=\"row row-collapse align-middle\"  id=\"row-268476334\">\n\n\n\t<div id=\"col-290706759\" class=\"col small-12 large-12\"  >\n\t\t\t\t<div class=\"col-inner text-center\"  >\n\t\t\t\n\t\t\t\n\n<p>Los requisitos para las soluciones de transmisi\u00f3n de datos han cambiado radicalmente con la integraci\u00f3n de m\u00f3dulos multimedia en los veh\u00edculos. Esta tendencia requiere soluciones innovadoras para la transmisi\u00f3n de <em>enormes cantidades de datos<\/em> con una<\/p>\n<p><em>baja latencia,<br \/><\/em><em>alta calidad de la se\u00f1al,<br \/>bajo consumo de energ\u00eda,<br \/><\/em><em>componentes miniaturizados<br \/><\/em><em>y todo \u00e9sto, de una forma personalizada<\/em><\/p>\n<p>En este caso es necesario un socio fuerte, capaz de desarrollar las \u00faltimas soluciones tecnol\u00f3gicas a medida. Y justamente aqu\u00ed es donde entramos en escena.<\/p>\n<a href=\"mailto:sales@md-elektronik.com\" class=\"button primary is-outline\"  style=\"border-radius:99px;\">\n\t\t<span>Contacto<\/span>\n\t<\/a>\n\n\n\n\t\t<\/div>\n\t\t\t\t\n<style>\n#col-290706759 > .col-inner {\n  padding: 30px 30px 30px 30px;\n}\n@media (min-width:550px) {\n  #col-290706759 > .col-inner {\n    padding: 60px 60px 60px 60px;\n  }\n}\n<\/style>\n\t<\/div>\n\n\t\n\n<\/div>\n\n\t\t<\/div>\n\n\t\t\n<style>\n#section_1221822213 {\n  padding-top: 0px;\n  padding-bottom: 0px;\n}\n<\/style>\n\t<\/section>\n\t\n\n\t<section class=\"section mb-20\" id=\"section_1223734068\">\n\t\t<div class=\"section-bg fill\" >\n\t\t\t\t\t\t\t\t\t\n\t\t\t\n\n\t\t<\/div>\n\n\t\t\n\n\t\t<div class=\"section-content relative\">\n\t\t\t\n\n<div class=\"row row-collapse row-full-width align-middle bg-white\"  id=\"row-311954011\">\n\n\n\t<div id=\"col-1173542046\" class=\"col medium-6 small-12 large-6\"  data-animate=\"fadeInUp\">\n\t\t\t\t<div class=\"col-inner\"  >\n\t\t\t\n\t\t\t\n\n\t<div class=\"img has-hover x md-x lg-x y md-y lg-y\" id=\"image_2078880403\">\n\t\t\t\t\t\t\t\t<div class=\"img-inner image-zoom image-cover dark\" style=\"padding-top:65%;\">\n\t\t\t<img decoding=\"async\" width=\"1020\" height=\"574\" src=\"https:\/\/www.md-elektronik.com\/wp-content\/uploads\/2021\/03\/md-elektronik-anwendungen-massgeschneidert-1024x576.jpg\" class=\"attachment-large size-large\" alt=\"Team of automotive engineers collaborating on advanced vehicle technology in a high-tech laboratory setting.\" srcset=\"https:\/\/www.md-elektronik.com\/wp-content\/uploads\/2021\/03\/md-elektronik-anwendungen-massgeschneidert-1024x576.jpg 1024w, https:\/\/www.md-elektronik.com\/wp-content\/uploads\/2021\/03\/md-elektronik-anwendungen-massgeschneidert-300x169.jpg 300w, https:\/\/www.md-elektronik.com\/wp-content\/uploads\/2021\/03\/md-elektronik-anwendungen-massgeschneidert-768x432.jpg 768w, https:\/\/www.md-elektronik.com\/wp-content\/uploads\/2021\/03\/md-elektronik-anwendungen-massgeschneidert-1536x864.jpg 1536w, https:\/\/www.md-elektronik.com\/wp-content\/uploads\/2021\/03\/md-elektronik-anwendungen-massgeschneidert.jpg 1920w\" sizes=\"(max-width: 1020px) 100vw, 1020px\" \/>\t\t\t\t\t\t\n\t\t\t\t\t<\/div>\n\t\t\t\t\t\t\t\t\n<style>\n#image_2078880403 {\n  width: 100%;\n}\n<\/style>\n\t<\/div>\n\t\n\n\n\t\t<\/div>\n\t\t\t\t\t<\/div>\n\n\t\n\n\t<div id=\"col-1590398530\" class=\"col medium-6 small-12 large-6\"  >\n\t\t\t\t<div class=\"col-inner text-center\"  >\n\t\t\t\n\t\t\t\n\n<h2><strong>Perfecci\u00f3n en la manufactura de cables a medida<\/strong><\/h2>\n<p>Dominamos la manufactura de cables de datos para veh\u00edculos desde hace m\u00e1s de 25 a\u00f1os. Creamos exclusivamente soluciones a medida de sus necesidades: su idea \u2013 nuestro producto.<\/p>\n<p>Nuestras soluciones le permiten implementar todos los protocolos habituales como APIX o <a href=\"https:\/\/www.md-elektronik.com\/es\/lvds\/\">LVDS<\/a> para la conexi\u00f3n de pantallas en su veh\u00edculo.<\/p>\n<p>Los m\u00f3dulos USB Type-A y Type-C completan nuestro paquete de Info Entretenimiento y facilitan la conexi\u00f3n de dispositivos m\u00f3viles en su veh\u00edculo.<\/p>\n<p><strong>\u00bfDesea saber c\u00f3mo funcionan las modernas soluciones de transmisi\u00f3n de datos para el sistema de Info Entretenimiento en los veh\u00edculos? Estaremos encantados de asesorarle.<\/strong><\/p>\n\n\t\t<\/div>\n\t\t\t\t\n<style>\n#col-1590398530 > .col-inner {\n  padding: 30px 30px 30px 30px;\n}\n@media (min-width:550px) {\n  #col-1590398530 > .col-inner {\n    padding: 60px 60px 60px 60px;\n  }\n}\n<\/style>\n\t<\/div>\n\n\t\n\n\n<style>\n#row-311954011 > .col > .col-inner {\n  background-color: rgb(255, 255, 255);\n}\n<\/style>\n<\/div>\n\n\t\t<\/div>\n\n\t\t\n<style>\n#section_1223734068 {\n  padding-top: 0px;\n  padding-bottom: 0px;\n  background-color: #f5f5f7;\n}\n<\/style>\n\t<\/section>\n\t\n\n\t<section class=\"section mb-20\" id=\"section_1684159149\">\n\t\t<div class=\"section-bg fill\" >\n\t\t\t\t\t\t\t\t\t\n\t\t\t\n\n\t\t<\/div>\n\n\t\t\n\n\t\t<div class=\"section-content relative\">\n\t\t\t\n\n<div class=\"row bg-white\"  id=\"row-1614224846\">\n\n\n\t<div id=\"col-2071286783\" class=\"col small-12 large-12\"  >\n\t\t\t\t<div class=\"col-inner text-center\" style=\"background-color:rgb(255,255,255);\" >\n\t\t\t\n\t\t\t\n\n<h2><strong>\u00a1Convertimos en realidad su idea de Info Entretenimiento en el veh\u00edculo!<\/strong><\/h2>\n<p>Sus deseos e ideas son muy importantes para nosotros. Para convertir sus ideas en realidad, manufacturamos todos los cables a medida. Gracias a nuestra presencia global con plantas de producci\u00f3n altamente automatizadas en Europa, APAC y NAFTA, podemos hacerle llegar su entrega de forma r\u00e1pida y fiable en todo momento.<\/p>\n<p><strong>\u00bfTiene un proyecto en particular? Estamos a su lado para asesorarle. \u00a1P\u00f3ngase en contacto con nosotros!<\/strong><\/p>\n<a href=\"mailto:sales@md-elektronik.com\" class=\"button primary is-outline\"  style=\"border-radius:99px;\">\n\t\t<span>Contacto<\/span>\n\t<\/a>\n\n\n<p>Aqu\u00ed encontrar\u00e1 una vista general de nuestros productos de Info Entretenimiento:<\/p>\n\n\t\t<\/div>\n\t\t\t\t\n<style>\n#col-2071286783 > .col-inner {\n  padding: 30px 30px 30px 30px;\n}\n@media (min-width:550px) {\n  #col-2071286783 > .col-inner {\n    padding: 60px 60px 0px 60px;\n  }\n}\n<\/style>\n\t<\/div>\n\n\t\n\n\n<style>\n#row-1614224846 > .col > .col-inner {\n  background-color: rgb(255,255,255);\n}\n<\/style>\n<\/div>\n<div class=\"row\"  id=\"row-243578327\">\n\n\n\t<div id=\"col-2099709922\" class=\"col medium-4 small-12 large-4\"  >\n\t\t\t\t<div class=\"col-inner text-center\"  >\n\t\t\t\n\t\t\t\n\n<p><strong>Coax<\/strong><\/p>\n\t<div id=\"stack-2883853788\" class=\"stack stack-row justify-center items-stretch\">\n\t\t\n\n\t<div class=\"box has-hover   has-hover box-text-bottom\" >\n\n\t\t<div class=\"box-image\" >\n\t\t\t\t\t\t<div class=\"\" >\n\t\t\t\t<img decoding=\"async\" width=\"600\" height=\"400\" src=\"https:\/\/www.md-elektronik.com\/wp-content\/uploads\/2021\/03\/md_Fakra-SF.png\" class=\"attachment- size-\" alt=\"Close-up of a turquoise and magenta FAKRA automotive connector, highlighting MD ELEKTRONIK&#039;s precision in vehicle cable assembly.\" srcset=\"https:\/\/www.md-elektronik.com\/wp-content\/uploads\/2021\/03\/md_Fakra-SF.png 600w, https:\/\/www.md-elektronik.com\/wp-content\/uploads\/2021\/03\/md_Fakra-SF-300x200.png 300w\" sizes=\"(max-width: 600px) 100vw, 600px\" \/>\t\t\t\t\t\t\t\t\t\t\t<\/div>\n\t\t\t\t\t<\/div>\n\n\t\t<div class=\"box-text text-center is-small\" >\n\t\t\t<div class=\"box-text-inner\">\n\t\t\t\t\n\n<p>FAKRA<\/p>\n\n\t\t\t<\/div>\n\t\t<\/div>\n\t<\/div>\n\t\n\t<div class=\"box has-hover   has-hover box-text-bottom\" >\n\n\t\t<div class=\"box-image\" >\n\t\t\t\t\t\t<div class=\"\" >\n\t\t\t\t<img decoding=\"async\" width=\"600\" height=\"400\" src=\"https:\/\/www.md-elektronik.com\/wp-content\/uploads\/2021\/03\/md_HFM_Mini-Koax.png\" class=\"attachment- size-\" alt=\"High-resolution image of a set of MD ELEKTRONIK high-frequency mini-coaxial connectors for automotive data communication systems.\" srcset=\"https:\/\/www.md-elektronik.com\/wp-content\/uploads\/2021\/03\/md_HFM_Mini-Koax.png 600w, https:\/\/www.md-elektronik.com\/wp-content\/uploads\/2021\/03\/md_HFM_Mini-Koax-300x200.png 300w\" sizes=\"(max-width: 600px) 100vw, 600px\" \/>\t\t\t\t\t\t\t\t\t\t\t<\/div>\n\t\t\t\t\t<\/div>\n\n\t\t<div class=\"box-text text-center is-small\" >\n\t\t\t<div class=\"box-text-inner\">\n\t\t\t\t\n\n<p>Mini Coax<\/p>\n\n\t\t\t<\/div>\n\t\t<\/div>\n\t<\/div>\n\t\n\n\t\t\n<style>\n#stack-2883853788 > * {\n  --stack-gap: 1rem;\n}\n<\/style>\n\t<\/div>\n\t\n\n\t\t<\/div>\n\t\t\t\t\n<style>\n#col-2099709922 > .col-inner {\n  padding: 30px 0px 0px 0px;\n}\n<\/style>\n\t<\/div>\n\n\t\n\n\t<div id=\"col-2114479076\" class=\"col medium-4 small-12 large-4\"  >\n\t\t\t\t<div class=\"col-inner text-center\"  >\n\t\t\t\n\t\t\t\n\n<p><strong>Data cables<\/strong><\/p>\n\t<div id=\"stack-2908242374\" class=\"stack stack-row justify-center items-stretch\">\n\t\t\n\n\t<div class=\"box has-hover   has-hover box-text-bottom\" >\n\n\t\t<div class=\"box-image\" >\n\t\t\t\t\t\t<div class=\"\" >\n\t\t\t\t<img decoding=\"async\" width=\"600\" height=\"400\" src=\"https:\/\/www.md-elektronik.com\/wp-content\/uploads\/2021\/03\/md_HSD-gerade.png\" class=\"attachment- size-\" alt=\"Turquoise high-speed data (HSD) automotive connector cable, designed for robust data transmission in modern vehicles.\" srcset=\"https:\/\/www.md-elektronik.com\/wp-content\/uploads\/2021\/03\/md_HSD-gerade.png 600w, https:\/\/www.md-elektronik.com\/wp-content\/uploads\/2021\/03\/md_HSD-gerade-300x200.png 300w\" sizes=\"(max-width: 600px) 100vw, 600px\" \/>\t\t\t\t\t\t\t\t\t\t\t<\/div>\n\t\t\t\t\t<\/div>\n\n\t\t<div class=\"box-text text-center is-small\" >\n\t\t\t<div class=\"box-text-inner\">\n\t\t\t\t\n\n<p>HSD<\/p>\n\n\t\t\t<\/div>\n\t\t<\/div>\n\t<\/div>\n\t\n\t<div class=\"box has-hover   has-hover box-text-bottom\" >\n\n\t\t<div class=\"box-image\" >\n\t\t\t\t\t\t<div class=\"\" >\n\t\t\t\t<img decoding=\"async\" width=\"600\" height=\"400\" src=\"https:\/\/www.md-elektronik.com\/wp-content\/uploads\/2021\/03\/md_H-MTD.png\" class=\"attachment- size-\" alt=\"Turquoise and magenta H-MTD automotive connectors with dual ports for enhanced connectivity in vehicle data systems.\" srcset=\"https:\/\/www.md-elektronik.com\/wp-content\/uploads\/2021\/03\/md_H-MTD.png 600w, https:\/\/www.md-elektronik.com\/wp-content\/uploads\/2021\/03\/md_H-MTD-300x200.png 300w\" sizes=\"(max-width: 600px) 100vw, 600px\" \/>\t\t\t\t\t\t\t\t\t\t\t<\/div>\n\t\t\t\t\t<\/div>\n\n\t\t<div class=\"box-text text-center is-small\" >\n\t\t\t<div class=\"box-text-inner\">\n\t\t\t\t\n\n<p>H-MTD<\/p>\n\n\t\t\t<\/div>\n\t\t<\/div>\n\t<\/div>\n\t\n\n\t\t\n<style>\n#stack-2908242374 > * {\n  --stack-gap: 1rem;\n}\n<\/style>\n\t<\/div>\n\t\n\t<div id=\"stack-1968697725\" class=\"stack stack-row justify-center items-stretch\">\n\t\t\n\n\t<div class=\"box has-hover   has-hover box-text-bottom\" >\n\n\t\t<div class=\"box-image\" >\n\t\t\t\t\t\t<div class=\"\" >\n\t\t\t\t<img decoding=\"async\" width=\"600\" height=\"400\" src=\"https:\/\/www.md-elektronik.com\/wp-content\/uploads\/2021\/03\/md_HUB-C-Klic.png\" class=\"attachment- size-\" alt=\"Green connector plugged into a silver aluminum heat sink, showcasing MD ELEKTRONIK&#039;s innovative thermal management technology for automotive electronics\" srcset=\"https:\/\/www.md-elektronik.com\/wp-content\/uploads\/2021\/03\/md_HUB-C-Klic.png 600w, https:\/\/www.md-elektronik.com\/wp-content\/uploads\/2021\/03\/md_HUB-C-Klic-300x200.png 300w\" sizes=\"(max-width: 600px) 100vw, 600px\" \/>\t\t\t\t\t\t\t\t\t\t\t<\/div>\n\t\t\t\t\t<\/div>\n\n\t\t<div class=\"box-text text-center is-small\" >\n\t\t\t<div class=\"box-text-inner\">\n\t\t\t\t\n\n<p>C-KLIC<\/p>\n\n\t\t\t<\/div>\n\t\t<\/div>\n\t<\/div>\n\t\n\t<div class=\"box has-hover   has-hover box-text-bottom\" >\n\n\t\t<div class=\"box-image\" >\n\t\t\t\t\t\t<div class=\"\" >\n\t\t\t\t<img decoding=\"async\" width=\"600\" height=\"400\" src=\"https:\/\/www.md-elektronik.com\/wp-content\/uploads\/2021\/03\/md_AMEC.png\" class=\"attachment- size-\" alt=\"Close-up of a white AMEC automotive connector with dual black cables, highlighting MD ELEKTRONIK&#039;s focus on reliable electrical connections for vehicle systems.\" srcset=\"https:\/\/www.md-elektronik.com\/wp-content\/uploads\/2021\/03\/md_AMEC.png 600w, https:\/\/www.md-elektronik.com\/wp-content\/uploads\/2021\/03\/md_AMEC-300x200.png 300w\" sizes=\"(max-width: 600px) 100vw, 600px\" \/>\t\t\t\t\t\t\t\t\t\t\t<\/div>\n\t\t\t\t\t<\/div>\n\n\t\t<div class=\"box-text text-center is-small\" >\n\t\t\t<div class=\"box-text-inner\">\n\t\t\t\t\n\n<p>AMEC<\/p>\n\n\t\t\t<\/div>\n\t\t<\/div>\n\t<\/div>\n\t\n\n\t\t\n<style>\n#stack-1968697725 > * {\n  --stack-gap: 1rem;\n}\n<\/style>\n\t<\/div>\n\t\n\n\t\t<\/div>\n\t\t\t\t\n<style>\n#col-2114479076 > .col-inner {\n  padding: 30px 0px 0px 0px;\n}\n<\/style>\n\t<\/div>\n\n\t\n\n\t<div id=\"col-922699126\" class=\"col medium-4 small-12 large-4\"  >\n\t\t\t\t<div class=\"col-inner text-center\"  >\n\t\t\t\n\t\t\t\n\n<p><strong>Electronic modules<\/strong><\/p>\n\t<div id=\"stack-3266326942\" class=\"stack stack-row justify-center items-stretch\">\n\t\t\n\n\t<div class=\"box has-hover   has-hover box-text-bottom\" >\n\n\t\t<div class=\"box-image\" >\n\t\t\t\t\t\t<div class=\"\" >\n\t\t\t\t<img decoding=\"async\" width=\"600\" height=\"400\" src=\"https:\/\/www.md-elektronik.com\/wp-content\/uploads\/2021\/03\/USB-A_transparenter-Hintergrund-II.png\" class=\"attachment- size-\" alt=\"Black USB-A automotive connector module with symbol icons, designed for seamless integration and data connectivity in modern vehicles.\" srcset=\"https:\/\/www.md-elektronik.com\/wp-content\/uploads\/2021\/03\/USB-A_transparenter-Hintergrund-II.png 600w, https:\/\/www.md-elektronik.com\/wp-content\/uploads\/2021\/03\/USB-A_transparenter-Hintergrund-II-300x200.png 300w\" sizes=\"(max-width: 600px) 100vw, 600px\" \/>\t\t\t\t\t\t\t\t\t\t\t<\/div>\n\t\t\t\t\t<\/div>\n\n\t\t<div class=\"box-text text-center is-small\" >\n\t\t\t<div class=\"box-text-inner\">\n\t\t\t\t\n\n<p>USB Type-A<\/p>\n\n\t\t\t<\/div>\n\t\t<\/div>\n\t<\/div>\n\t\n\t<div class=\"box has-hover   has-hover box-text-bottom\" >\n\n\t\t<div class=\"box-image\" >\n\t\t\t\t\t\t<div class=\"\" >\n\t\t\t\t<img decoding=\"async\" width=\"600\" height=\"400\" src=\"https:\/\/www.md-elektronik.com\/wp-content\/uploads\/2021\/03\/USB-C_transparenter-Hintergrund.png\" class=\"attachment- size-\" alt=\"Compact black USB-C connector module for automotive use, designed for fast and efficient data and power transfer in vehicle systems.\" srcset=\"https:\/\/www.md-elektronik.com\/wp-content\/uploads\/2021\/03\/USB-C_transparenter-Hintergrund.png 600w, https:\/\/www.md-elektronik.com\/wp-content\/uploads\/2021\/03\/USB-C_transparenter-Hintergrund-300x200.png 300w\" sizes=\"(max-width: 600px) 100vw, 600px\" \/>\t\t\t\t\t\t\t\t\t\t\t<\/div>\n\t\t\t\t\t<\/div>\n\n\t\t<div class=\"box-text text-center is-small\" >\n\t\t\t<div class=\"box-text-inner\">\n\t\t\t\t\n\n<p>USB Type-C<\/p>\n\n\t\t\t<\/div>\n\t\t<\/div>\n\t<\/div>\n\t\n\n\t\t\n<style>\n#stack-3266326942 > * {\n  --stack-gap: 1rem;\n}\n<\/style>\n\t<\/div>\n\t\n\n\t\t<\/div>\n\t\t\t\t\n<style>\n#col-922699126 > .col-inner {\n  padding: 30px 0px 0px 0px;\n}\n<\/style>\n\t<\/div>\n\n\t\n\n\t<div id=\"col-458733355\" class=\"col small-12 large-12\"  >\n\t\t\t\t<div class=\"col-inner text-center\"  >\n\t\t\t\n\t\t\t\n\n<p>Nos encargamos de elaborar su soluci\u00f3n a medida.<\/p>\n<a href=\"mailto:sales@md-elektronik.com\" class=\"button primary is-outline\"  style=\"border-radius:99px;\">\n\t\t<span>Contacto<\/span>\n\t<\/a>\n\n\n\n\t\t<\/div>\n\t\t\t\t\n<style>\n#col-458733355 > .col-inner {\n  padding: 30px 30px 30px 30px;\n}\n@media (min-width:550px) {\n  #col-458733355 > .col-inner {\n    padding: 0px 60px 0px 60px;\n  }\n}\n<\/style>\n\t<\/div>\n\n\t\n\n<\/div>\n\n\t\t<\/div>\n\n\t\t\n<style>\n#section_1684159149 {\n  padding-top: 0px;\n  padding-bottom: 0px;\n  background-color: #f5f5f7;\n}\n<\/style>\n\t<\/section>\n\t\n\n","protected":false},"excerpt":{"rendered":"","protected":false},"author":1,"featured_media":0,"parent":5761,"menu_order":1,"comment_status":"closed","ping_status":"closed","template":"page-blank.php","meta":{"footnotes":""},"class_list":["post-5773","page","type-page","status-publish","hentry"],"_links":{"self":[{"href":"https:\/\/www.md-elektronik.com\/es\/wp-json\/wp\/v2\/pages\/5773","targetHints":{"allow":["GET"]}}],"collection":[{"href":"https:\/\/www.md-elektronik.com\/es\/wp-json\/wp\/v2\/pages"}],"about":[{"href":"https:\/\/www.md-elektronik.com\/es\/wp-json\/wp\/v2\/types\/page"}],"author":[{"embeddable":true,"href":"https:\/\/www.md-elektronik.com\/es\/wp-json\/wp\/v2\/users\/1"}],"replies":[{"embeddable":true,"href":"https:\/\/www.md-elektronik.com\/es\/wp-json\/wp\/v2\/comments?post=5773"}],"version-history":[{"count":7,"href":"https:\/\/www.md-elektronik.com\/es\/wp-json\/wp\/v2\/pages\/5773\/revisions"}],"predecessor-version":[{"id":15538,"href":"https:\/\/www.md-elektronik.com\/es\/wp-json\/wp\/v2\/pages\/5773\/revisions\/15538"}],"up":[{"embeddable":true,"href":"https:\/\/www.md-elektronik.com\/es\/wp-json\/wp\/v2\/pages\/5761"}],"wp:attachment":[{"href":"https:\/\/www.md-elektronik.com\/es\/wp-json\/wp\/v2\/media?parent=5773"}],"curies":[{"name":"wp","href":"https:\/\/api.w.org\/{rel}","templated":true}]}}