{"id":5786,"date":"2021-03-24T10:23:08","date_gmt":"2021-03-24T09:23:08","guid":{"rendered":"https:\/\/www.md-elektronik.de\/?page_id=5786"},"modified":"2023-07-04T16:02:56","modified_gmt":"2023-07-04T14:02:56","slug":"adas-conduccion-autonoma","status":"publish","type":"page","link":"https:\/\/www.md-elektronik.com\/es\/aplicaciones-productos\/adas-conduccion-autonoma\/","title":{"rendered":"ADAS &#038; conducci\u00f3n aut\u00f3noma"},"content":{"rendered":"\n\n\t<section class=\"section\" id=\"section_1242257682\">\n\t\t<div class=\"section-bg fill\" >\n\t\t\t\t\t\t\t\t\t\n\t\t\t\n\n\t\t<\/div>\n\n\t\t\n\n\t\t<div class=\"section-content relative\">\n\t\t\t\n\n<div class=\"row row-collapse row-full-width align-middle\"  id=\"row-44468339\">\n\n\n\t<div id=\"col-880293132\" class=\"col medium-6 small-12 large-6\"  >\n\t\t\t\t<div class=\"col-inner text-center\"  >\n\t\t\t\n\t\t\t\n\n<h1>\u00a1Convertimos la conducci\u00f3n aut\u00f3noma en realidad!<\/h1>\n<p><a href=\"https:\/\/www.md-elektronik.com\/es\/conduccion-autonoma\/\">Conducci\u00f3n aut\u00f3noma<\/a>: cuando el conductor se convierte en pasajero. Esta es la realidad del tr\u00e1fico por carretera en el futuro pr\u00f3ximo. Las funciones de asistencia y seguridad en la conducci\u00f3n est\u00e1n dise\u00f1adas para automatizar gradualmente las tareas b\u00e1sicas de conducci\u00f3n.<\/p>\n<p>Para ello, el veh\u00edculo debe contar siempre con una visi\u00f3n precisa de su entorno en tiempo real. Las aplicaciones de sistemas de sensores como las c\u00e1maras, el radar o el lidar juegan en este caso un papel central. La conexi\u00f3n de este tipo de equipos al sistema de poder a bordo tiene un gran impacto en la arquitectura de la red de los veh\u00edculos. Las soluciones de transmisi\u00f3n de datos con baja latencia y un apantallado perfecto son de enorme importancia en este caso. Y exactamente aqu\u00ed es donde radica nuestra principal competencia.<\/p>\n<p><strong>\u00bfQuiere vencer dentro del sector competitivo de los veh\u00edculos de conducci\u00f3n aut\u00f3noma? Manufacturamos para usted el cable \u00f3ptimo para la transmisi\u00f3n r\u00e1pida y segura de enormes cantidades de datos.<\/strong><\/p>\n<p>\u00a0<\/p>\n\n\t\t<\/div>\n\t\t\t\t\n<style>\n#col-880293132 > .col-inner {\n  padding: 30px 30px 30px 30px;\n}\n@media (min-width:550px) {\n  #col-880293132 > .col-inner {\n    padding: 60px 60px 60px 60px;\n  }\n}\n<\/style>\n\t<\/div>\n\n\t\n\n\t<div id=\"col-1903855355\" class=\"col medium-6 small-12 large-6\"  >\n\t\t\t\t<div class=\"col-inner text-center\"  >\n\t\t\t\n\t\t\t\n\n<iframe style=\"margin-bottom: -6px;\" src=\"https:\/\/player.vimeo.com\/video\/515694608?h=c922525f8c&amp;badge=0&amp;autopause=0&amp;player_id=0&amp;app_id=58479&amp;background=1&amp;dnt=1\" width=\"960\" height=\"540\" frameborder=\"0\" allowfullscreen=\"allowfullscreen\"><span style=\"display: inline-block; width: 0px; overflow: hidden; line-height: 0;\" data-mce-type=\"bookmark\" class=\"mce_SELRES_start\">\ufeff<\/span><\/iframe>\n\n\n\t\t<\/div>\n\t\t\t\t\t<\/div>\n\n\t\n\n\t<div id=\"col-1529722617\" class=\"col show-for-small medium-6 small-12 large-6\"  data-animate=\"fadeInUp\">\n\t\t\t\t<div class=\"col-inner\"  >\n\t\t\t\n\t\t\t\n\n<iframe style=\"margin-bottom: -6px;\" src=\"https:\/\/player.vimeo.com\/video\/515694608?h=c922525f8c&amp;badge=0&amp;autopause=0&amp;player_id=0&amp;app_id=58479&amp;background=1&amp;dnt=1\" width=\"100%\" height=\"200\" frameborder=\"0\" allowfullscreen=\"allowfullscreen\"><\/iframe>\n\n\n\t\t<\/div>\n\t\t\t\t\t<\/div>\n\n\t\n\n\n<style>\n#row-44468339 > .col > .col-inner {\n  background-color: rgb(255, 255, 255);\n}\n<\/style>\n<\/div>\n\n\t\t<\/div>\n\n\t\t\n<style>\n#section_1242257682 {\n  padding-top: 0px;\n  padding-bottom: 0px;\n  background-color: rgb(255,255,255);\n}\n<\/style>\n\t<\/section>\n\t\n\n\t<section class=\"section mb-20 mt-20\" id=\"section_255955532\">\n\t\t<div class=\"section-bg fill\" >\n\t\t\t\t\t\t\t\t\t\n\t\t\t\n\n\t\t<\/div>\n\n\t\t\n\n\t\t<div class=\"section-content relative\">\n\t\t\t\n\n<div class=\"row row-collapse align-middle\"  id=\"row-1424999713\">\n\n\n\t<div id=\"col-1669517722\" class=\"col small-12 large-12\"  >\n\t\t\t\t<div class=\"col-inner text-center\"  >\n\t\t\t\n\t\t\t\n\n<p>La megatendencia de la \u00abconducci\u00f3n aut\u00f3noma\u00bb ha alterado en gran medida los requisitos de las soluciones de transmisi\u00f3n de datos a bordo de los veh\u00edculos. Esta tendencia requiere soluciones innovadoras para la transmisi\u00f3n de <em>grandes cantidades de datos<\/em> con una<\/p>\n<p><em>baja latencia,<\/em><br \/><em>alta calidad de la se\u00f1al,<\/em><br \/><em>perfecto apantallado,<\/em><br \/><em>bajo consumo de energ\u00eda,<\/em><br \/><em>componentes miniaturizados<br \/>y todo esto, de una forma personalizada<\/em><\/p>\n<p>Al mismo tiempo, los componentes deben ser muy resistentes para poder soportar las condiciones ambientales m\u00e1s adversas del tr\u00e1fico por carretera, como el fr\u00edo, el calor, la humedad y la sal de las carreteras.<\/p>\n<p>En este caso es necesario un socio fuerte, capaz de desarrollar las \u00faltimas soluciones tecnol\u00f3gicas a medida. Y justamente aqu\u00ed es donde entramos en escena.<\/p>\n<a href=\"mailto:sales@md-elektronik.com\" class=\"button primary is-outline\"  style=\"border-radius:99px;\">\n\t\t<span>Contacto<\/span>\n\t<i class=\"icon-angle-right\" aria-hidden=\"true\" ><\/i><\/a>\n\n\n\n\t\t<\/div>\n\t\t\t\t\n<style>\n#col-1669517722 > .col-inner {\n  padding: 30px 30px 30px 30px;\n}\n@media (min-width:550px) {\n  #col-1669517722 > .col-inner {\n    padding: 60px 60px 60px 60px;\n  }\n}\n<\/style>\n\t<\/div>\n\n\t\n\n<\/div>\n\n\t\t<\/div>\n\n\t\t\n<style>\n#section_255955532 {\n  padding-top: 0px;\n  padding-bottom: 0px;\n}\n<\/style>\n\t<\/section>\n\t\n\n\t<section class=\"section mb-20\" id=\"section_2018524347\">\n\t\t<div class=\"section-bg fill\" >\n\t\t\t\t\t\t\t\t\t\n\t\t\t\n\n\t\t<\/div>\n\n\t\t\n\n\t\t<div class=\"section-content relative\">\n\t\t\t\n\n<div class=\"row row-collapse row-full-width align-middle bg-white\"  id=\"row-1797665340\">\n\n\n\t<div id=\"col-1498830220\" class=\"col medium-6 small-12 large-6\"  data-animate=\"fadeInUp\">\n\t\t\t\t<div class=\"col-inner\"  >\n\t\t\t\n\t\t\t\n\n\t<div class=\"img has-hover x md-x lg-x y md-y lg-y\" id=\"image_1418373763\">\n\t\t\t\t\t\t\t\t<div class=\"img-inner image-zoom image-cover dark\" style=\"padding-top:65%;\">\n\t\t\t<img decoding=\"async\" width=\"1020\" height=\"574\" src=\"https:\/\/www.md-elektronik.com\/wp-content\/uploads\/2021\/03\/md-elektronik-anwendungen-massgeschneidert-1024x576.jpg\" class=\"attachment-large size-large\" alt=\"Team of automotive engineers collaborating on advanced vehicle technology in a high-tech laboratory setting.\" srcset=\"https:\/\/www.md-elektronik.com\/wp-content\/uploads\/2021\/03\/md-elektronik-anwendungen-massgeschneidert-1024x576.jpg 1024w, https:\/\/www.md-elektronik.com\/wp-content\/uploads\/2021\/03\/md-elektronik-anwendungen-massgeschneidert-300x169.jpg 300w, https:\/\/www.md-elektronik.com\/wp-content\/uploads\/2021\/03\/md-elektronik-anwendungen-massgeschneidert-768x432.jpg 768w, https:\/\/www.md-elektronik.com\/wp-content\/uploads\/2021\/03\/md-elektronik-anwendungen-massgeschneidert-1536x864.jpg 1536w, https:\/\/www.md-elektronik.com\/wp-content\/uploads\/2021\/03\/md-elektronik-anwendungen-massgeschneidert.jpg 1920w\" sizes=\"(max-width: 1020px) 100vw, 1020px\" \/>\t\t\t\t\t\t\n\t\t\t\t\t<\/div>\n\t\t\t\t\t\t\t\t\n<style>\n#image_1418373763 {\n  width: 100%;\n}\n<\/style>\n\t<\/div>\n\t\n\n\n\t\t<\/div>\n\t\t\t\t\t<\/div>\n\n\t\n\n\t<div id=\"col-1666000087\" class=\"col medium-6 small-12 large-6\"  >\n\t\t\t\t<div class=\"col-inner text-center\"  >\n\t\t\t\n\t\t\t\n\n<h2><strong>Perfecci\u00f3n en la manufactura de cables a medida<\/strong><\/h2>\n<p>Dominamos la manufactura de cables de datos para veh\u00edculos desde hace m\u00e1s de 25 a\u00f1os. Creamos exclusivamente soluciones a medida de sus necesidades: su idea \u2013 nuestro producto.<\/p>\n<p>Nuestras soluciones le permiten implementar todos los protocolos habituales como <a href=\"https:\/\/www.md-elektronik.com\/es\/automotive-ethernet\/\">Automotive Ethernet<\/a>, Multi-Gig Ethernet, <a href=\"https:\/\/www.md-elektronik.com\/es\/lvds\/\">LVDS<\/a>, GMSL y FDP-Link para conectar los componentes de los sistemas de sensores al sistema de poder a bordo.<\/p>\n<p><strong>\u00bfBusca un socio que domine la manufactura altamente automatizada de cables y pueda garantizar la trazabilidad de las piezas? Entonces ha venido al lugar correcto.<\/strong><\/p>\n<p>&nbsp;<\/p>\n\n\t\t<\/div>\n\t\t\t\t\n<style>\n#col-1666000087 > .col-inner {\n  padding: 30px 30px 30px 30px;\n}\n@media (min-width:550px) {\n  #col-1666000087 > .col-inner {\n    padding: 60px 60px 60px 60px;\n  }\n}\n<\/style>\n\t<\/div>\n\n\t\n\n\n<style>\n#row-1797665340 > .col > .col-inner {\n  background-color: rgb(255, 255, 255);\n}\n<\/style>\n<\/div>\n\n\t\t<\/div>\n\n\t\t\n<style>\n#section_2018524347 {\n  padding-top: 0px;\n  padding-bottom: 0px;\n  background-color: #f5f5f7;\n}\n<\/style>\n\t<\/section>\n\t\n\n\t<section class=\"section mb-20\" id=\"section_1043834644\">\n\t\t<div class=\"section-bg fill\" >\n\t\t\t\t\t\t\t\t\t\n\t\t\t\n\n\t\t<\/div>\n\n\t\t\n\n\t\t<div class=\"section-content relative\">\n\t\t\t\n\n<div class=\"row bg-white\"  id=\"row-1967867152\">\n\n\n\t<div id=\"col-1771877745\" class=\"col small-12 large-12\"  >\n\t\t\t\t<div class=\"col-inner text-center\" style=\"background-color:rgb(255,255,255);\" >\n\t\t\t\n\t\t\t\n\n<h2><strong>\u00a1Convertimos en realidad su idea de veh\u00edculo de conducci\u00f3n aut\u00f3noma!<\/strong><\/h2>\n<p>Sus deseos e ideas son muy importantes para nosotros. Para convertir sus ideas en realidad, manufacturamos todos los cables a medida. Gracias a nuestra presencia global con plantas de producci\u00f3n altamente automatizadas en Europa, APAC y NAFTA, podemos hacerle llegar su entrega de forma r\u00e1pida y fiable en todo momento.<\/p>\n<p><strong>\u00bfTiene un proyecto en particular? Estamos a su lado para asesorarle. \u00a1P\u00f3ngase en contacto con nosotros!<\/strong><\/p>\n<a href=\"mailto:sales@md-elektronik.com\" class=\"button primary is-outline\"  style=\"border-radius:99px;\">\n\t\t<span>Contacto<\/span>\n\t<i class=\"icon-angle-right\" aria-hidden=\"true\" ><\/i><\/a>\n\n\n<p>Aqu\u00ed encontrar\u00e1 una vista general de nuestros productos para <a href=\"https:\/\/www.md-elektronik.com\/es\/adas\/\">ADAS<\/a> (Advanced Driver Assistance Systems) y la conducci\u00f3n aut\u00f3noma:<\/p>\n\n\t\t<\/div>\n\t\t\t\t\n<style>\n#col-1771877745 > .col-inner {\n  padding: 30px 30px 30px 30px;\n}\n@media (min-width:550px) {\n  #col-1771877745 > .col-inner {\n    padding: 60px 60px 0px 60px;\n  }\n}\n<\/style>\n\t<\/div>\n\n\t\n\n\n<style>\n#row-1967867152 > .col > .col-inner {\n  background-color: rgb(255,255,255);\n}\n<\/style>\n<\/div>\n<div class=\"row\"  id=\"row-1735711943\">\n\n\n\t<div id=\"col-1076256604\" class=\"col medium-4 small-12 large-4\"  >\n\t\t\t\t<div class=\"col-inner text-center\"  >\n\t\t\t\n\t\t\t\n\n<p><strong>Coax<\/strong><\/p>\n\t<div id=\"stack-1584460206\" class=\"stack stack-row justify-center items-stretch\">\n\t\t\n\n\t<div class=\"box has-hover   has-hover box-text-bottom\" >\n\n\t\t<div class=\"box-image\" >\n\t\t\t<a href=\"https:\/\/www.md-elektronik.com\/es\/productos\/cables-coaxiales\/cables-mini-coax\/\" >\t\t\t<div class=\"\" >\n\t\t\t\t<img decoding=\"async\" width=\"600\" height=\"400\" src=\"https:\/\/www.md-elektronik.com\/wp-content\/uploads\/2021\/03\/md_HFM_Mini-Koax.png\" class=\"attachment- size-\" alt=\"High-resolution image of a set of MD ELEKTRONIK high-frequency mini-coaxial connectors for automotive data communication systems.\" srcset=\"https:\/\/www.md-elektronik.com\/wp-content\/uploads\/2021\/03\/md_HFM_Mini-Koax.png 600w, https:\/\/www.md-elektronik.com\/wp-content\/uploads\/2021\/03\/md_HFM_Mini-Koax-300x200.png 300w\" sizes=\"(max-width: 600px) 100vw, 600px\" \/>\t\t\t\t\t\t\t\t\t\t\t<\/div>\n\t\t\t<\/a>\t\t<\/div>\n\n\t\t<div class=\"box-text text-center is-small\" >\n\t\t\t<div class=\"box-text-inner\">\n\t\t\t\t\n\n<p>Mini Coax<\/p>\n\n\t\t\t<\/div>\n\t\t<\/div>\n\t<\/div>\n\t\n\t<div class=\"box has-hover   has-hover box-text-bottom\" >\n\n\t\t<div class=\"box-image\" >\n\t\t\t<a href=\"https:\/\/www.md-elektronik.com\/es\/productos\/cables-coaxiales\/cables-fakra\/\" >\t\t\t<div class=\"\" >\n\t\t\t\t<img decoding=\"async\" width=\"600\" height=\"400\" src=\"https:\/\/www.md-elektronik.com\/wp-content\/uploads\/2021\/03\/md_Fakra-SF.png\" class=\"attachment- size-\" alt=\"Close-up of a turquoise and magenta FAKRA automotive connector, highlighting MD ELEKTRONIK&#039;s precision in vehicle cable assembly.\" srcset=\"https:\/\/www.md-elektronik.com\/wp-content\/uploads\/2021\/03\/md_Fakra-SF.png 600w, https:\/\/www.md-elektronik.com\/wp-content\/uploads\/2021\/03\/md_Fakra-SF-300x200.png 300w\" sizes=\"(max-width: 600px) 100vw, 600px\" \/>\t\t\t\t\t\t\t\t\t\t\t<\/div>\n\t\t\t<\/a>\t\t<\/div>\n\n\t\t<div class=\"box-text text-center is-small\" >\n\t\t\t<div class=\"box-text-inner\">\n\t\t\t\t\n\n<p>FAKRA<\/p>\n\n\t\t\t<\/div>\n\t\t<\/div>\n\t<\/div>\n\t\n\n\t\t\n<style>\n#stack-1584460206 > * {\n  --stack-gap: 1rem;\n}\n<\/style>\n\t<\/div>\n\t\n\n\t\t<\/div>\n\t\t\t\t\n<style>\n#col-1076256604 > .col-inner {\n  padding: 30px 0px 0px 0px;\n}\n<\/style>\n\t<\/div>\n\n\t\n\n\t<div id=\"col-1479044374\" class=\"col medium-4 small-12 large-4\"  >\n\t\t\t\t<div class=\"col-inner text-center\"  >\n\t\t\t\n\t\t\t\n\n<p><strong>Data cables<\/strong><\/p>\n\t<div id=\"stack-3470941694\" class=\"stack stack-row justify-center items-stretch\">\n\t\t\n\n\t<div class=\"box has-hover   has-hover box-text-bottom\" >\n\n\t\t<div class=\"box-image\" >\n\t\t\t<a href=\"https:\/\/www.md-elektronik.com\/es\/productos\/cables-de-datos\/cables-de-cuatro-hilos\/\" >\t\t\t<div class=\"\" >\n\t\t\t\t<img decoding=\"async\" width=\"600\" height=\"400\" src=\"https:\/\/www.md-elektronik.com\/wp-content\/uploads\/2021\/03\/md_HSD-gerade.png\" class=\"attachment- size-\" alt=\"Turquoise high-speed data (HSD) automotive connector cable, designed for robust data transmission in modern vehicles.\" srcset=\"https:\/\/www.md-elektronik.com\/wp-content\/uploads\/2021\/03\/md_HSD-gerade.png 600w, https:\/\/www.md-elektronik.com\/wp-content\/uploads\/2021\/03\/md_HSD-gerade-300x200.png 300w\" sizes=\"(max-width: 600px) 100vw, 600px\" \/>\t\t\t\t\t\t\t\t\t\t\t<\/div>\n\t\t\t<\/a>\t\t<\/div>\n\n\t\t<div class=\"box-text text-center is-small\" >\n\t\t\t<div class=\"box-text-inner\">\n\t\t\t\t\n\n<p>HSD<\/p>\n\n\t\t\t<\/div>\n\t\t<\/div>\n\t<\/div>\n\t\n\t<div class=\"box has-hover   has-hover box-text-bottom\" >\n\n\t\t<div class=\"box-image\" >\n\t\t\t<a href=\"https:\/\/www.md-elektronik.com\/es\/productos\/cables-de-datos\/cables-de-dos-hilos\/\" >\t\t\t<div class=\"\" >\n\t\t\t\t<img decoding=\"async\" width=\"600\" height=\"400\" src=\"https:\/\/www.md-elektronik.com\/wp-content\/uploads\/2021\/03\/md_H-MTD.png\" class=\"attachment- size-\" alt=\"Turquoise and magenta H-MTD automotive connectors with dual ports for enhanced connectivity in vehicle data systems.\" srcset=\"https:\/\/www.md-elektronik.com\/wp-content\/uploads\/2021\/03\/md_H-MTD.png 600w, https:\/\/www.md-elektronik.com\/wp-content\/uploads\/2021\/03\/md_H-MTD-300x200.png 300w\" sizes=\"(max-width: 600px) 100vw, 600px\" \/>\t\t\t\t\t\t\t\t\t\t\t<\/div>\n\t\t\t<\/a>\t\t<\/div>\n\n\t\t<div class=\"box-text text-center is-small\" >\n\t\t\t<div class=\"box-text-inner\">\n\t\t\t\t\n\n<p>H-MTD<\/p>\n\n\t\t\t<\/div>\n\t\t<\/div>\n\t<\/div>\n\t\n\n\t\t\n<style>\n#stack-3470941694 > * {\n  --stack-gap: 1rem;\n}\n<\/style>\n\t<\/div>\n\t\n\t<div id=\"stack-3902007129\" class=\"stack stack-row justify-center items-stretch\">\n\t\t\n\n\t<div class=\"box has-hover   has-hover box-text-bottom\" >\n\n\t\t<div class=\"box-image\" >\n\t\t\t<a href=\"https:\/\/www.md-elektronik.com\/es\/productos\/c-klic\/\" >\t\t\t<div class=\"\" >\n\t\t\t\t<img decoding=\"async\" width=\"600\" height=\"400\" src=\"https:\/\/www.md-elektronik.com\/wp-content\/uploads\/2021\/03\/md_HUB-C-Klic.png\" class=\"attachment- size-\" alt=\"Green connector plugged into a silver aluminum heat sink, showcasing MD ELEKTRONIK&#039;s innovative thermal management technology for automotive electronics\" srcset=\"https:\/\/www.md-elektronik.com\/wp-content\/uploads\/2021\/03\/md_HUB-C-Klic.png 600w, https:\/\/www.md-elektronik.com\/wp-content\/uploads\/2021\/03\/md_HUB-C-Klic-300x200.png 300w\" sizes=\"(max-width: 600px) 100vw, 600px\" \/>\t\t\t\t\t\t\t\t\t\t\t<\/div>\n\t\t\t<\/a>\t\t<\/div>\n\n\t\t<div class=\"box-text text-center is-small\" >\n\t\t\t<div class=\"box-text-inner\">\n\t\t\t\t\n\n<p>C-KLIC<\/p>\n\n\t\t\t<\/div>\n\t\t<\/div>\n\t<\/div>\n\t\n\t<div class=\"box has-hover   has-hover box-text-bottom\" >\n\n\t\t<div class=\"box-image\" >\n\t\t\t<a href=\"https:\/\/www.md-elektronik.com\/es\/productos\/cables-de-datos\/cables-de-dos-hilos\/\" >\t\t\t<div class=\"\" >\n\t\t\t\t<img decoding=\"async\" width=\"600\" height=\"400\" src=\"https:\/\/www.md-elektronik.com\/wp-content\/uploads\/2021\/03\/md_AMEC.png\" class=\"attachment- size-\" alt=\"Close-up of a white AMEC automotive connector with dual black cables, highlighting MD ELEKTRONIK&#039;s focus on reliable electrical connections for vehicle systems.\" srcset=\"https:\/\/www.md-elektronik.com\/wp-content\/uploads\/2021\/03\/md_AMEC.png 600w, https:\/\/www.md-elektronik.com\/wp-content\/uploads\/2021\/03\/md_AMEC-300x200.png 300w\" sizes=\"(max-width: 600px) 100vw, 600px\" \/>\t\t\t\t\t\t\t\t\t\t\t<\/div>\n\t\t\t<\/a>\t\t<\/div>\n\n\t\t<div class=\"box-text text-center is-small\" >\n\t\t\t<div class=\"box-text-inner\">\n\t\t\t\t\n\n<p>AMEC<\/p>\n\n\t\t\t<\/div>\n\t\t<\/div>\n\t<\/div>\n\t\n\n\t\t\n<style>\n#stack-3902007129 > * {\n  --stack-gap: 1rem;\n}\n<\/style>\n\t<\/div>\n\t\n\n\t\t<\/div>\n\t\t\t\t\n<style>\n#col-1479044374 > .col-inner {\n  padding: 30px 0px 0px 0px;\n}\n<\/style>\n\t<\/div>\n\n\t\n\n\t<div id=\"col-161841783\" class=\"col medium-4 small-12 large-4\"  >\n\t\t\t\t<div class=\"col-inner text-center\"  >\n\t\t\t\n\t\t\t\n\n<p><strong>Sensors<\/strong><\/p>\n\t<div id=\"stack-2527760589\" class=\"stack stack-row justify-center items-stretch\">\n\t\t\n\n\t<div class=\"box has-hover   has-hover box-text-bottom\" >\n\n\t\t<div class=\"box-image\" >\n\t\t\t<a href=\"https:\/\/www.md-elektronik.com\/es\/productos\/cables-sensores\/sensores-para-el-chasis\/\" >\t\t\t<div class=\"\" >\n\t\t\t\t<img decoding=\"async\" width=\"600\" height=\"400\" src=\"https:\/\/www.md-elektronik.com\/wp-content\/uploads\/2021\/03\/md_Elektronische-Parkbremse-II.png\" class=\"attachment- size-\" alt=\"\" srcset=\"https:\/\/www.md-elektronik.com\/wp-content\/uploads\/2021\/03\/md_Elektronische-Parkbremse-II.png 600w, https:\/\/www.md-elektronik.com\/wp-content\/uploads\/2021\/03\/md_Elektronische-Parkbremse-II-300x200.png 300w\" sizes=\"(max-width: 600px) 100vw, 600px\" \/>\t\t\t\t\t\t\t\t\t\t\t<\/div>\n\t\t\t<\/a>\t\t<\/div>\n\n\t\t<div class=\"box-text text-center is-small\" >\n\t\t\t<div class=\"box-text-inner\">\n\t\t\t\t\n\n<p>Chassis sensors<\/p>\n\n\t\t\t<\/div>\n\t\t<\/div>\n\t<\/div>\n\t\n\t<div class=\"box has-hover   has-hover box-text-bottom\" >\n\n\t\t<div class=\"box-image\" >\n\t\t\t<a href=\"https:\/\/www.md-elektronik.com\/es\/productos\/cables-sensores\/sensores-para-el-chasis\/\" >\t\t\t<div class=\"\" >\n\t\t\t\t<img decoding=\"async\" width=\"600\" height=\"400\" src=\"https:\/\/www.md-elektronik.com\/wp-content\/uploads\/2021\/03\/md_Da\u0308mpfereinstellungen.png\" class=\"attachment- size-\" alt=\"\" srcset=\"https:\/\/www.md-elektronik.com\/wp-content\/uploads\/2021\/03\/md_Da\u0308mpfereinstellungen.png 600w, https:\/\/www.md-elektronik.com\/wp-content\/uploads\/2021\/03\/md_Da\u0308mpfereinstellungen-300x200.png 300w\" sizes=\"(max-width: 600px) 100vw, 600px\" \/>\t\t\t\t\t\t\t\t\t\t\t<\/div>\n\t\t\t<\/a>\t\t<\/div>\n\n\t\t<div class=\"box-text text-center is-small\" >\n\t\t\t<div class=\"box-text-inner\">\n\t\t\t\t\n\n<p>Damper systems<\/p>\n\n\t\t\t<\/div>\n\t\t<\/div>\n\t<\/div>\n\t\n\n\t\t\n<style>\n#stack-2527760589 > * {\n  --stack-gap: 1rem;\n}\n<\/style>\n\t<\/div>\n\t\n\t<div id=\"stack-648919913\" class=\"stack stack-row justify-center items-stretch\">\n\t\t\n\n\t<div class=\"box has-hover   has-hover box-text-bottom\" >\n\n\t\t<div class=\"box-image\" >\n\t\t\t<a href=\"https:\/\/www.md-elektronik.com\/es\/productos\/cables-sensores\/sensores-para-el-chasis\/\" >\t\t\t<div class=\"\" >\n\t\t\t\t<img decoding=\"async\" width=\"600\" height=\"400\" src=\"https:\/\/www.md-elektronik.com\/wp-content\/uploads\/2021\/03\/md_Bremsverschleiss.png\" class=\"attachment- size-\" alt=\"\" srcset=\"https:\/\/www.md-elektronik.com\/wp-content\/uploads\/2021\/03\/md_Bremsverschleiss.png 600w, https:\/\/www.md-elektronik.com\/wp-content\/uploads\/2021\/03\/md_Bremsverschleiss-300x200.png 300w\" sizes=\"(max-width: 600px) 100vw, 600px\" \/>\t\t\t\t\t\t\t\t\t\t\t<\/div>\n\t\t\t<\/a>\t\t<\/div>\n\n\t\t<div class=\"box-text text-center is-small\" >\n\t\t\t<div class=\"box-text-inner\">\n\t\t\t\t\n\n<p>Break wear indicators<\/p>\n\n\t\t\t<\/div>\n\t\t<\/div>\n\t<\/div>\n\t\n\t<div class=\"box has-hover   has-hover box-text-bottom\" >\n\n\t\t<div class=\"box-image\" >\n\t\t\t<a href=\"https:\/\/www.md-elektronik.com\/es\/productos\/cables-sensores\/sensores-para-el-chasis\/\" >\t\t\t<div class=\"\" >\n\t\t\t\t<img decoding=\"async\" width=\"600\" height=\"400\" src=\"https:\/\/www.md-elektronik.com\/wp-content\/uploads\/2021\/03\/md_Drehzahlsensor-I.png\" class=\"attachment- size-\" alt=\"Automotive speed sensor with modern connector, showcasing MD ELEKTRONIK&#039;s expertise in precision-engineered vehicle data transmission components designed for reliability and performance.\" srcset=\"https:\/\/www.md-elektronik.com\/wp-content\/uploads\/2021\/03\/md_Drehzahlsensor-I.png 600w, https:\/\/www.md-elektronik.com\/wp-content\/uploads\/2021\/03\/md_Drehzahlsensor-I-300x200.png 300w\" sizes=\"(max-width: 600px) 100vw, 600px\" \/>\t\t\t\t\t\t\t\t\t\t\t<\/div>\n\t\t\t<\/a>\t\t<\/div>\n\n\t\t<div class=\"box-text text-center is-small\" >\n\t\t\t<div class=\"box-text-inner\">\n\t\t\t\t\n\n<p>Rotational speed sensors<\/p>\n\n\t\t\t<\/div>\n\t\t<\/div>\n\t<\/div>\n\t\n\n\t\t\n<style>\n#stack-648919913 > * {\n  --stack-gap: 1rem;\n}\n<\/style>\n\t<\/div>\n\t\n\n\t\t<\/div>\n\t\t\t\t\n<style>\n#col-161841783 > .col-inner {\n  padding: 30px 0px 0px 0px;\n}\n<\/style>\n\t<\/div>\n\n\t\n\n\t<div id=\"col-900322122\" class=\"col small-12 large-12\"  >\n\t\t\t\t<div class=\"col-inner text-center\"  >\n\t\t\t\n\t\t\t\n\n<p>Nos encargamos de elaborar su soluci\u00f3n a medida.<\/p>\n<a href=\"mailto:sales@md-elektronik.com\" class=\"button primary is-outline\"  style=\"border-radius:99px;\">\n\t\t<span>Contacto<\/span>\n\t<i class=\"icon-angle-right\" aria-hidden=\"true\" ><\/i><\/a>\n\n\n\n\t\t<\/div>\n\t\t\t\t\n<style>\n#col-900322122 > .col-inner {\n  padding: 0px 0px 0px 0px;\n}\n<\/style>\n\t<\/div>\n\n\t\n\n<\/div>\n\n\t\t<\/div>\n\n\t\t\n<style>\n#section_1043834644 {\n  padding-top: 0px;\n  padding-bottom: 0px;\n  background-color: #f5f5f7;\n}\n<\/style>\n\t<\/section>\n\t\n\n","protected":false},"excerpt":{"rendered":"","protected":false},"author":1,"featured_media":0,"parent":5761,"menu_order":2,"comment_status":"closed","ping_status":"closed","template":"page-blank.php","meta":{"footnotes":""},"class_list":["post-5786","page","type-page","status-publish","hentry"],"_links":{"self":[{"href":"https:\/\/www.md-elektronik.com\/es\/wp-json\/wp\/v2\/pages\/5786","targetHints":{"allow":["GET"]}}],"collection":[{"href":"https:\/\/www.md-elektronik.com\/es\/wp-json\/wp\/v2\/pages"}],"about":[{"href":"https:\/\/www.md-elektronik.com\/es\/wp-json\/wp\/v2\/types\/page"}],"author":[{"embeddable":true,"href":"https:\/\/www.md-elektronik.com\/es\/wp-json\/wp\/v2\/users\/1"}],"replies":[{"embeddable":true,"href":"https:\/\/www.md-elektronik.com\/es\/wp-json\/wp\/v2\/comments?post=5786"}],"version-history":[{"count":11,"href":"https:\/\/www.md-elektronik.com\/es\/wp-json\/wp\/v2\/pages\/5786\/revisions"}],"predecessor-version":[{"id":16359,"href":"https:\/\/www.md-elektronik.com\/es\/wp-json\/wp\/v2\/pages\/5786\/revisions\/16359"}],"up":[{"embeddable":true,"href":"https:\/\/www.md-elektronik.com\/es\/wp-json\/wp\/v2\/pages\/5761"}],"wp:attachment":[{"href":"https:\/\/www.md-elektronik.com\/es\/wp-json\/wp\/v2\/media?parent=5786"}],"curies":[{"name":"wp","href":"https:\/\/api.w.org\/{rel}","templated":true}]}}