{"id":6302,"date":"2021-03-25T12:27:13","date_gmt":"2021-03-25T11:27:13","guid":{"rendered":"https:\/\/www.md-elektronik.de\/?page_id=6302"},"modified":"2024-09-12T10:13:19","modified_gmt":"2024-09-12T08:13:19","slug":"inicio","status":"publish","type":"page","link":"https:\/\/www.md-elektronik.com\/es\/","title":{"rendered":"Inicio"},"content":{"rendered":"\n\n\t<section class=\"section\" id=\"section_506610150\">\n\t\t<div class=\"section-bg fill\" >\n\t\t\t\t\t\t\t\t\t\n\t\t\t\n\n\t\t<\/div>\n\n\t\t\n\n\t\t<div class=\"section-content relative\">\n\t\t\t\n\n<div class=\"row row-collapse row-full-width align-middle\"  id=\"row-52704492\">\n\n\n\t<div id=\"col-747114286\" class=\"col hide-for-small medium-6 small-12 large-6\"  data-animate=\"fadeInUp\">\n\t\t\t\t<div class=\"col-inner text-center\"  >\n\t\t\t\n\t\t\t\n\n<iframe style=\"margin-bottom: -6px;\" src=\"https:\/\/player.vimeo.com\/video\/486783817?h=5f110015ee&amp;badge=0&amp;autopause=0&amp;player_id=0&amp;app_id=58479&amp;background=1&amp;dnt=1\" width=\"960\" height=\"540\" frameborder=\"0\" allowfullscreen=\"allowfullscreen\"><\/iframe>\n\n\n\t\t<\/div>\n\t\t\t\t\t<\/div>\n\n\t\n\n\t<div id=\"col-742906482\" class=\"col show-for-small medium-6 small-12 large-6\"  data-animate=\"fadeInUp\">\n\t\t\t\t<div class=\"col-inner text-center\"  >\n\t\t\t\n\t\t\t\n\n<iframe style=\"margin-bottom:-6px;\" src=\"https:\/\/player.vimeo.com\/video\/486783817?h=5f110015ee&amp;badge=0&amp;autopause=0&amp;player_id=0&amp;app_id=58479&amp;background=1&amp;dnt=1\" width=\"100%\" height=\"200\" frameborder=\"0\" allow=\"autoplay; fullscreen\" allowfullscreen><\/iframe>\n\n\n\t\t<\/div>\n\t\t\t\t\t<\/div>\n\n\t\n\n\t<div id=\"col-1583445509\" class=\"col medium-6 small-12 large-6\"  >\n\t\t\t\t<div class=\"col-inner text-center\"  >\n\t\t\t\n\t\t\t\n\n<p><strong>Hacemos que su coche sea inteligente. Y lo convertimos en una sala o en una oficina m\u00f3vil. Nosotros hacemos que la conducci\u00f3n sea m\u00e1s segura.<\/strong><\/p>\n<div class=\"container section-title-container\" style=\"margin-bottom:15px;\"><h2 class=\"section-title section-title-center\"><b><\/b><span class=\"section-title-main\" >Hacemos posible la movilidad del futuro:<\/span><b><\/b><\/h2><\/div>\n\n<p>Nos enfocamos en el mercado de futuro de la transmisi\u00f3n de datos en el veh\u00edculo. Nuestra competencia central es la transmisi\u00f3n r\u00e1pida, segura y fiable de datos en el veh\u00edculo.<\/p>\n\n\t\t<\/div>\n\t\t\t\t\n<style>\n#col-1583445509 > .col-inner {\n  padding: 30px 30px 30px 30px;\n}\n@media (min-width:550px) {\n  #col-1583445509 > .col-inner {\n    padding: 60px 60px 60px 60px;\n  }\n}\n<\/style>\n\t<\/div>\n\n\t\n\n\n<style>\n#row-52704492 > .col > .col-inner {\n  background-color: rgb(255, 255, 255);\n}\n<\/style>\n<\/div>\n\n\t\t<\/div>\n\n\t\t\n<style>\n#section_506610150 {\n  padding-top: 0px;\n  padding-bottom: 0px;\n  background-color: rgb(255,255,255);\n}\n<\/style>\n\t<\/section>\n\t\n\n\t<section class=\"section\" id=\"section_266441202\">\n\t\t<div class=\"section-bg fill\" >\n\t\t\t\t\t\t\t\t\t\n\t\t\t\n\n\t\t<\/div>\n\n\t\t\n\n\t\t<div class=\"section-content relative\">\n\t\t\t\n\n<div class=\"row row-collapse row-full-width align-middle\"  id=\"row-734307872\">\n\n\n\t<div id=\"col-1621778001\" class=\"col medium-6 small-12 large-6\"  >\n\t\t\t\t<div class=\"col-inner text-center\"  >\n\t\t\t\n\t\t\t\n\n<div class=\"container section-title-container\" style=\"margin-bottom:15px;\"><h2 class=\"section-title section-title-center\"><b><\/b><span class=\"section-title-main\" >Los datos son la nueva gasolina<\/span><b><\/b><\/h2><\/div>\n\n<p>La megatendencia C.A.S.E. describe los cuatro aspectos esenciales del futuro de la industria automotriz: Connected, Autonomous, Shared &amp; Service and Electric. <br \/>En este sentido, los datos desempe\u00f1an un papel central e impulsan el futuro de la industria automotriz. Los datos se generan, se transmiten, se fusionan y se eval\u00faan. Somos expertos en la transmisi\u00f3n de datos, cuyas cantidades aumentan cada vez m\u00e1s, y hemos desarrollado las \u00faltimas soluciones tecnol\u00f3gicas para este tema del futuro.<\/p>\n<p><strong>\u00bfNecesita una soluci\u00f3n para la transmisi\u00f3n de datos en el veh\u00edculo? \u00a1P\u00f3ngase en contacto con nosotros!<\/strong><\/p>\n<a href=\"mailto:sales@md-elektronik.com\" class=\"button primary is-outline\"  style=\"border-radius:99px;\">\n\t\t<span>Contacto<\/span>\n\t<i class=\"icon-angle-right\" aria-hidden=\"true\" ><\/i><\/a>\n\n\n\n\t\t<\/div>\n\t\t\t\t\n<style>\n#col-1621778001 > .col-inner {\n  padding: 30px 30px 30px 30px;\n}\n@media (min-width:550px) {\n  #col-1621778001 > .col-inner {\n    padding: 60px 60px 60px 60px;\n  }\n}\n<\/style>\n\t<\/div>\n\n\t\n\n\t<div id=\"col-1694301331\" class=\"col hide-for-small medium-6 small-12 large-6 small-col-first\"  data-animate=\"fadeInUp\">\n\t\t\t\t<div class=\"col-inner text-center\"  >\n\t\t\t\n\t\t\t\n\n<iframe style=\"margin-bottom:-7px\"; src=\"https:\/\/player.vimeo.com\/video\/486782877?h=448c5bb3ce&amp;badge=0&amp;autopause=0&amp;player_id=0&amp;app_id=58479&amp;background=1&amp;dnt=1\" width=\"960\" height=\"540\" frameborder=\"0\" allow=\"autoplay; fullscreen\" allowfullscreen><\/iframe>\n\n\n\t\t<\/div>\n\t\t\t\t\t<\/div>\n\n\t\n\n\t<div id=\"col-363243035\" class=\"col show-for-small medium-6 small-12 large-6 small-col-first\"  data-animate=\"fadeInUp\">\n\t\t\t\t<div class=\"col-inner\"  >\n\t\t\t\n\t\t\t\n\n<iframe style=\"margin-bottom:-7px\"; src=\"https:\/\/player.vimeo.com\/video\/486782877?h=448c5bb3ce&amp;badge=0&amp;autopause=0&amp;player_id=0&amp;app_id=58479&amp;background=1&amp;dnt=1\" width=\"100%\" height=\"200\" frameborder=\"0\" allow=\"autoplay; fullscreen\" allowfullscreen><\/iframe>\n\n\n\t\t<\/div>\n\t\t\t\t\t<\/div>\n\n\t\n\n\n<style>\n#row-734307872 > .col > .col-inner {\n  background-color: rgb(255, 255, 255);\n}\n<\/style>\n<\/div>\n\n\t\t<\/div>\n\n\t\t\n<style>\n#section_266441202 {\n  padding-top: 0px;\n  padding-bottom: 0px;\n  background-color: rgb(255,255,255);\n}\n<\/style>\n\t<\/section>\n\t\n\n\t<section class=\"section\" id=\"section_1708129231\">\n\t\t<div class=\"section-bg fill\" >\n\t\t\t\t\t\t\t\t\t\n\t\t\t\n\n\t\t<\/div>\n\n\t\t\n\n\t\t<div class=\"section-content relative\">\n\t\t\t\n\n<div class=\"row row-collapse align-middle align-center\"  id=\"row-397085656\">\n\n\n\t<div id=\"col-2036055460\" class=\"col small-12 large-12\"  >\n\t\t\t\t<div class=\"col-inner text-center\"  >\n\t\t\t\n\t\t\t\n\n<h2>\u00bfDesea que su veh\u00edculo forme parte del mundo digital e interconectado?<\/h2>\n<p>\u00bfLe interesan el 5G, <a href=\"https:\/\/www.md-elektronik.com\/es\/automotive-ethernet\/\">Automotive Ethernet<\/a>, Infotainment &amp; Connectivity como parte de su sistema de poder a bordo? \u00bfDesea que su veh\u00edculo no pierda nunca de vista el mundo exterior gracias a los sensores? \u00bfQuiere que la <a href=\"https:\/\/www.md-elektronik.com\/es\/conduccion-autonoma\/\">conducci\u00f3n aut\u00f3noma<\/a> se convierta en una realidad? Todas estas tendencias tienen algo en com\u00fan: requieren soluciones innovadoras para transmitir enormes cantidades de datos en tiempo real. Y justamente aqu\u00ed es donde entramos en escena:<\/p>\n<p><strong>Dominamos la manufactura de cables del futuro<\/strong><\/p>\n<p><strong>y producimos de forma altamente automatizada, flexible y con supervisi\u00f3n de procesos en Norteam\u00e9rica, Europa y APAC .<\/strong><\/p>\n\n\t\t<\/div>\n\t\t\t\t\n<style>\n#col-2036055460 > .col-inner {\n  padding: 30px 30px 30px 30px;\n}\n@media (min-width:550px) {\n  #col-2036055460 > .col-inner {\n    padding: 60px 60px 60px 60px;\n  }\n}\n<\/style>\n\t<\/div>\n\n\t\n\n<\/div>\n\n\t\t<\/div>\n\n\t\t\n<style>\n#section_1708129231 {\n  padding-top: 30px;\n  padding-bottom: 30px;\n  background-color: rgb(245, 245, 247);\n}\n<\/style>\n\t<\/section>\n\t\n\n\t<section class=\"section mb-20\" id=\"section_890885980\">\n\t\t<div class=\"section-bg fill\" >\n\t\t\t\t\t\t\t\t\t\n\t\t\t\n\n\t\t<\/div>\n\n\t\t\n\n\t\t<div class=\"section-content relative\">\n\t\t\t\n\n<div class=\"row row-collapse align-middle bg-white\"  id=\"row-1910740355\">\n\n\n\t<div id=\"col-7267239\" class=\"col medium-6 small-12 large-6\"  data-animate=\"fadeInUp\">\n\t\t\t\t<div class=\"col-inner\"  >\n\t\t\t\n\t\t\t\n\n\t<div class=\"img has-hover x md-x lg-x y md-y lg-y\" id=\"image_1775002882\">\n\t\t\t\t\t\t\t\t<div class=\"img-inner image-zoom image-cover dark\" style=\"padding-top:100%;\">\n\t\t\t<img decoding=\"async\" width=\"1020\" height=\"680\" src=\"https:\/\/www.md-elektronik.com\/wp-content\/uploads\/2021\/03\/Startseite_Impulse-aus-erster-Hand-1024x683.jpg\" class=\"attachment-large size-large\" alt=\"Test 1\" srcset=\"https:\/\/www.md-elektronik.com\/wp-content\/uploads\/2021\/03\/Startseite_Impulse-aus-erster-Hand-1024x683.jpg 1024w, https:\/\/www.md-elektronik.com\/wp-content\/uploads\/2021\/03\/Startseite_Impulse-aus-erster-Hand-300x200.jpg 300w, https:\/\/www.md-elektronik.com\/wp-content\/uploads\/2021\/03\/Startseite_Impulse-aus-erster-Hand-768x512.jpg 768w, https:\/\/www.md-elektronik.com\/wp-content\/uploads\/2021\/03\/Startseite_Impulse-aus-erster-Hand.jpg 1440w\" sizes=\"(max-width: 1020px) 100vw, 1020px\" \/>\t\t\t\t\t\t\n\t\t\t\t\t<\/div>\n\t\t\t\t\t\t\t\t\n<style>\n#image_1775002882 {\n  width: 100%;\n}\n<\/style>\n\t<\/div>\n\t\n\n\n\t\t<\/div>\n\t\t\t\t\t<\/div>\n\n\t\n\n\t<div id=\"col-771239423\" class=\"col medium-6 small-12 large-6\"  >\n\t\t\t\t<div class=\"col-inner text-center\"  >\n\t\t\t\n\t\t\t\n\n<div class=\"container section-title-container\" style=\"margin-bottom:15px;\"><h2 class=\"section-title section-title-center\"><b><\/b><span class=\"section-title-main\" >Impulsos de primera mano<\/span><b><\/b><\/h2><\/div>\n\n<p>Conocemos sus necesidades incluso antes de que las exprese. Para dar una respuesta temprana a las tendencias t\u00e9cnicas y ser la primera empresa en desarrollar soluciones adecuadas, tenemos un contacto muy estrecho con los OEM y los fabricantes de semiconductores.<\/p>\n<p>Solo de ese modo podremos saber y comprender hoy qu\u00e9 tecnolog\u00eda necesitar\u00e1 el auto del futuro, y lo haremos realidad para usted.<\/p>\n<p><strong>\u00bfDesea crear nuevos impulsos? \u00a1P\u00f3ngase en contacto con nosotros! <\/strong><\/p>\n<a href=\"mailto:sales@md-elektronik.com\" class=\"button primary is-outline\"  style=\"border-radius:99px;\">\n\t\t<span>Contacto<\/span>\n\t<i class=\"icon-angle-right\" aria-hidden=\"true\" ><\/i><\/a>\n\n\n\n\t\t<\/div>\n\t\t\t\t\n<style>\n#col-771239423 > .col-inner {\n  padding: 30px 30px 30px 30px;\n}\n@media (min-width:550px) {\n  #col-771239423 > .col-inner {\n    padding: 60px 60px 60px 60px;\n  }\n}\n<\/style>\n\t<\/div>\n\n\t\n\n\n<style>\n#row-1910740355 > .col > .col-inner {\n  background-color: rgb(255, 255, 255);\n}\n<\/style>\n<\/div>\n\n\t\t<\/div>\n\n\t\t\n<style>\n#section_890885980 {\n  padding-top: 0px;\n  padding-bottom: 0px;\n  background-color: #f5f5f7;\n}\n<\/style>\n\t<\/section>\n\t\n\n\t<section class=\"section mb-20\" id=\"section_2140948508\">\n\t\t<div class=\"section-bg fill\" >\n\t\t\t\t\t\t\t\t\t\n\t\t\t\n\n\t\t<\/div>\n\n\t\t\n\n\t\t<div class=\"section-content relative\">\n\t\t\t\n\n<div class=\"row row-collapse row-full-width align-middle bg-white\"  id=\"row-2099415790\">\n\n\n\t<div id=\"col-1469517747\" class=\"col medium-6 small-12 large-6\"  >\n\t\t\t\t<div class=\"col-inner text-center\" style=\"background-color:rgb(255,255,255);\" >\n\t\t\t\n\t\t\t\n\n<div class=\"container section-title-container\" style=\"margin-bottom:15px;\"><h2 class=\"section-title section-title-center\"><b><\/b><span class=\"section-title-main\" >Soluciones a medida<\/span><b><\/b><\/h2><\/div>\n\n<p>Como expertos y solucionadores de problemas, le ayudaremos a encontrar las soluciones ideales para sus necesidades. Si a\u00fan no existe el producto que desea, lo crearemos. Fabricamos versiones especiales y variantes de productos hechas a su medida. Cada a\u00f1o entregamos unos 20&nbsp;000 art\u00edculos diferentes siguiendo las especificaciones exactas del cliente.<\/p>\n<p><strong>\u00bfEst\u00e1 buscando la soluci\u00f3n adecuada para su aplicaci\u00f3n? La dise\u00f1amos y producimos exactamente seg\u00fan sus necesidades. <\/strong><\/p>\n\n\t\t<\/div>\n\t\t\t\t\n<style>\n#col-1469517747 > .col-inner {\n  padding: 30px 30px 30px 30px;\n}\n@media (min-width:550px) {\n  #col-1469517747 > .col-inner {\n    padding: 60px 60px 60px 60px;\n  }\n}\n<\/style>\n\t<\/div>\n\n\t\n\n\t<div id=\"col-1749551924\" class=\"col medium-6 small-12 large-6 small-col-first\"  data-animate=\"fadeInUp\">\n\t\t\t\t<div class=\"col-inner\"  >\n\t\t\t\n\t\t\t\n\n\t<div class=\"img has-hover x md-x lg-x y md-y lg-y\" id=\"image_1393080035\">\n\t\t\t\t\t\t\t\t<div class=\"img-inner image-cover dark\" style=\"padding-top:65%;\">\n\t\t\t<img decoding=\"async\" width=\"1020\" height=\"680\" src=\"https:\/\/www.md-elektronik.com\/wp-content\/uploads\/2021\/03\/Startseite_Massgeschneiderte-Loesungen-1024x683.jpg\" class=\"attachment-large size-large\" alt=\"Two female automotive engineers discussing custom cable solutions in a modern office setting\" srcset=\"https:\/\/www.md-elektronik.com\/wp-content\/uploads\/2021\/03\/Startseite_Massgeschneiderte-Loesungen-1024x683.jpg 1024w, https:\/\/www.md-elektronik.com\/wp-content\/uploads\/2021\/03\/Startseite_Massgeschneiderte-Loesungen-300x200.jpg 300w, https:\/\/www.md-elektronik.com\/wp-content\/uploads\/2021\/03\/Startseite_Massgeschneiderte-Loesungen-768x512.jpg 768w, https:\/\/www.md-elektronik.com\/wp-content\/uploads\/2021\/03\/Startseite_Massgeschneiderte-Loesungen.jpg 1440w\" sizes=\"(max-width: 1020px) 100vw, 1020px\" \/>\t\t\t\t\t\t\n\t\t\t\t\t<\/div>\n\t\t\t\t\t\t\t\t\n<style>\n#image_1393080035 {\n  width: 100%;\n}\n<\/style>\n\t<\/div>\n\t\n\n\n\t\t<\/div>\n\t\t\t\t\t<\/div>\n\n\t\n\n\n<style>\n#row-2099415790 > .col > .col-inner {\n  background-color: rgb(255,255,255);\n}\n<\/style>\n<\/div>\n\n\t\t<\/div>\n\n\t\t\n<style>\n#section_2140948508 {\n  padding-top: 0px;\n  padding-bottom: 0px;\n  background-color: #f5f5f7;\n}\n<\/style>\n\t<\/section>\n\t\n\n\t<section class=\"section mb-20\" id=\"section_1262964167\">\n\t\t<div class=\"section-bg fill\" >\n\t\t\t\t\t\t\t\t\t\n\t\t\t\n\n\t\t<\/div>\n\n\t\t\n\n\t\t<div class=\"section-content relative\">\n\t\t\t\n\n<div class=\"row row-collapse row-full-width align-middle bg-white\"  id=\"row-1937161255\">\n\n\n\t<div id=\"col-1143951208\" class=\"col medium-6 small-12 large-6\"  data-animate=\"fadeInUp\">\n\t\t\t\t<div class=\"col-inner\"  >\n\t\t\t\n\t\t\t\n\n\t<div class=\"img has-hover x md-x lg-x y md-y lg-y\" id=\"image_1251876899\">\n\t\t\t\t\t\t\t\t<div class=\"img-inner image-cover dark\" style=\"padding-top:65%;\">\n\t\t\t<img decoding=\"async\" width=\"1440\" height=\"900\" src=\"https:\/\/www.md-elektronik.com\/wp-content\/uploads\/2021\/03\/Startseite_Beste-Qualitat-fur-das-Fahren-der-Zukunft.png\" class=\"attachment-original size-original\" alt=\"Global connectivity concept with automotive connectors and cables wrapping around a stylized Earth, symbolizing MD ELEKTRONIK&#039;s worldwide reach in vehicle data transmission solutions.\" srcset=\"https:\/\/www.md-elektronik.com\/wp-content\/uploads\/2021\/03\/Startseite_Beste-Qualitat-fur-das-Fahren-der-Zukunft.png 1440w, https:\/\/www.md-elektronik.com\/wp-content\/uploads\/2021\/03\/Startseite_Beste-Qualitat-fur-das-Fahren-der-Zukunft-300x188.png 300w, https:\/\/www.md-elektronik.com\/wp-content\/uploads\/2021\/03\/Startseite_Beste-Qualitat-fur-das-Fahren-der-Zukunft-1024x640.png 1024w, https:\/\/www.md-elektronik.com\/wp-content\/uploads\/2021\/03\/Startseite_Beste-Qualitat-fur-das-Fahren-der-Zukunft-768x480.png 768w\" sizes=\"(max-width: 1440px) 100vw, 1440px\" \/>\t\t\t\t\t\t\n\t\t\t\t\t<\/div>\n\t\t\t\t\t\t\t\t\n<style>\n#image_1251876899 {\n  width: 100%;\n}\n<\/style>\n\t<\/div>\n\t\n\n\n\t\t<\/div>\n\t\t\t\t\t<\/div>\n\n\t\n\n\t<div id=\"col-106523633\" class=\"col medium-6 small-12 large-6\"  >\n\t\t\t\t<div class=\"col-inner text-center\"  >\n\t\t\t\n\t\t\t\n\n<div class=\"container section-title-container\" style=\"margin-bottom:15px;\"><h2 class=\"section-title section-title-center\"><b><\/b><span class=\"section-title-main\" >La mejor calidad para la conducci\u00f3n del futuro<\/span><b><\/b><\/h2><\/div>\n\n<p>Con 400&nbsp;000&nbsp;km de cable instalado, cada a\u00f1o rodeamos <br \/>10 veces el ecuador y con cada metro aprendemos un poco m\u00e1s. Ya contamos con m\u00e1s de 25 a\u00f1os de experiencia en la industria automotriz y contamos con un amplio know-how en este sector.<\/p>\n<p>Para estar a la altura de nuestros propios requisitos de calidad, con estos conocimientos hemos creado un laboratorio de pruebas acreditado donde medimos el rendimiento de nuestros productos para continuar mejor\u00e1ndolos.<\/p>\n<p><strong>\u00bfQuiere convencerse por s\u00ed mismo de la calidad de nuestros productos? \u00a1P\u00f3ngase en contacto con nosotros! <br \/><\/strong><\/p>\n<a href=\"mailto:sales@md-elektronik.com\" class=\"button primary is-outline\"  style=\"border-radius:99px;\">\n\t\t<span>Contacto<\/span>\n\t<i class=\"icon-angle-right\" aria-hidden=\"true\" ><\/i><\/a>\n\n\n\n\t\t<\/div>\n\t\t\t\t\n<style>\n#col-106523633 > .col-inner {\n  padding: 30px 30px 30px 30px;\n}\n@media (min-width:550px) {\n  #col-106523633 > .col-inner {\n    padding: 60px 60px 60px 60px;\n  }\n}\n<\/style>\n\t<\/div>\n\n\t\n\n\n<style>\n#row-1937161255 > .col > .col-inner {\n  background-color: rgb(255, 255, 255);\n}\n<\/style>\n<\/div>\n\n\t\t<\/div>\n\n\t\t\n<style>\n#section_1262964167 {\n  padding-top: 0px;\n  padding-bottom: 0px;\n  background-color: rgb(245, 245, 247);\n}\n<\/style>\n\t<\/section>\n\t\n\n\t<section class=\"section mb-20\" id=\"section_854560848\">\n\t\t<div class=\"section-bg fill\" >\n\t\t\t\t\t\t\t\t\t\n\t\t\t\n\n\t\t<\/div>\n\n\t\t\n\n\t\t<div class=\"section-content relative\">\n\t\t\t\n\n<div class=\"row row-collapse row-full-width align-middle bg-white\"  id=\"row-561942256\">\n\n\n\t<div id=\"col-502412622\" class=\"col medium-6 small-12 large-6\"  >\n\t\t\t\t<div class=\"col-inner text-center\"  >\n\t\t\t\n\t\t\t\n\n<div class=\"container section-title-container\" style=\"margin-bottom:15px;\"><h2 class=\"section-title section-title-center\"><b><\/b><span class=\"section-title-main\" >Suministro r\u00e1pido y seguro<\/span><b><\/b><\/h2><\/div>\n\n<p>Para nosotros es extremadamente importante cumplir al 100&nbsp;% las expectativas que hemos despertado en usted. Nuestro lema es el suministro puntual de productos que funcionan a la perfecci\u00f3n. Las cortas v\u00edas de suministro que permite nuestra presencia global son la base ideal para ofrecer la m\u00e1xima flexibilidad.<\/p>\n<p>As\u00ed, en casos de emergencia, podemos suministrar entre 10 y 14 d\u00edas tras la recepci\u00f3n del pedido. En casos extremos, incluso de un d\u00eda para otro.*<\/p>\n<p><strong>Desde la alternativa a corto plazo en caso de dificultades en el suministro hasta el suministro en serie a plataformas globales: puede contar con nosotros. \u00a1Compru\u00e9belo por s\u00ed mismo! <\/strong><\/p>\n<p><span style=\"font-size: 75%;\">*en funci\u00f3n de la disponibilidad de las materias primas y la capacidad de producci\u00f3n<\/span><\/p>\n<a href=\"mailto:sales@md-elektronik.com\" class=\"button primary is-outline\"  style=\"border-radius:99px;\">\n\t\t<span>Contacto<\/span>\n\t<i class=\"icon-angle-right\" aria-hidden=\"true\" ><\/i><\/a>\n\n\n\n\t\t<\/div>\n\t\t\t\t\n<style>\n#col-502412622 > .col-inner {\n  padding: 30px 30px 30px 30px;\n}\n@media (min-width:550px) {\n  #col-502412622 > .col-inner {\n    padding: 60px 60px 60px 60px;\n  }\n}\n<\/style>\n\t<\/div>\n\n\t\n\n\t<div id=\"col-876031066\" class=\"col medium-6 small-12 large-6 small-col-first\"  data-animate=\"fadeInUp\">\n\t\t\t\t<div class=\"col-inner text-center\"  >\n\t\t\t\n\t\t\t\n\n\t<div class=\"img has-hover x md-x lg-x y md-y lg-y\" id=\"image_36228724\">\n\t\t\t\t\t\t\t\t<div class=\"img-inner image-cover dark\" style=\"padding-top:65%;\">\n\t\t\t<img decoding=\"async\" width=\"1440\" height=\"900\" src=\"https:\/\/www.md-elektronik.com\/wp-content\/uploads\/2021\/03\/Startseite_Schnell-und-sicher-versorgt.png\" class=\"attachment-original size-original\" alt=\"Stylized dot matrix world map highlighting MD ELEKTRONIK&#039;s global distribution network in the automotive industry.\" srcset=\"https:\/\/www.md-elektronik.com\/wp-content\/uploads\/2021\/03\/Startseite_Schnell-und-sicher-versorgt.png 1440w, https:\/\/www.md-elektronik.com\/wp-content\/uploads\/2021\/03\/Startseite_Schnell-und-sicher-versorgt-300x188.png 300w, https:\/\/www.md-elektronik.com\/wp-content\/uploads\/2021\/03\/Startseite_Schnell-und-sicher-versorgt-1024x640.png 1024w, https:\/\/www.md-elektronik.com\/wp-content\/uploads\/2021\/03\/Startseite_Schnell-und-sicher-versorgt-768x480.png 768w\" sizes=\"(max-width: 1440px) 100vw, 1440px\" \/>\t\t\t\t\t\t\n\t\t\t\t\t<\/div>\n\t\t\t\t\t\t\t\t\n<style>\n#image_36228724 {\n  width: 100%;\n}\n<\/style>\n\t<\/div>\n\t\n\n\n\t\t<\/div>\n\t\t\t\t\t<\/div>\n\n\t\n\n\n<style>\n#row-561942256 > .col > .col-inner {\n  background-color: rgb(255, 255, 255);\n}\n<\/style>\n<\/div>\n\n\t\t<\/div>\n\n\t\t\n<style>\n#section_854560848 {\n  padding-top: 0px;\n  padding-bottom: 0px;\n  background-color: rgb(245, 245, 247);\n}\n<\/style>\n\t<\/section>\n\t\n\n","protected":false},"excerpt":{"rendered":"","protected":false},"author":1,"featured_media":0,"parent":0,"menu_order":0,"comment_status":"closed","ping_status":"closed","template":"page-blank.php","meta":{"footnotes":""},"class_list":["post-6302","page","type-page","status-publish","hentry"],"_links":{"self":[{"href":"https:\/\/www.md-elektronik.com\/es\/wp-json\/wp\/v2\/pages\/6302","targetHints":{"allow":["GET"]}}],"collection":[{"href":"https:\/\/www.md-elektronik.com\/es\/wp-json\/wp\/v2\/pages"}],"about":[{"href":"https:\/\/www.md-elektronik.com\/es\/wp-json\/wp\/v2\/types\/page"}],"author":[{"embeddable":true,"href":"https:\/\/www.md-elektronik.com\/es\/wp-json\/wp\/v2\/users\/1"}],"replies":[{"embeddable":true,"href":"https:\/\/www.md-elektronik.com\/es\/wp-json\/wp\/v2\/comments?post=6302"}],"version-history":[{"count":12,"href":"https:\/\/www.md-elektronik.com\/es\/wp-json\/wp\/v2\/pages\/6302\/revisions"}],"predecessor-version":[{"id":24071,"href":"https:\/\/www.md-elektronik.com\/es\/wp-json\/wp\/v2\/pages\/6302\/revisions\/24071"}],"wp:attachment":[{"href":"https:\/\/www.md-elektronik.com\/es\/wp-json\/wp\/v2\/media?parent=6302"}],"curies":[{"name":"wp","href":"https:\/\/api.w.org\/{rel}","templated":true}]}}