{"id":7237,"date":"2021-08-04T16:29:18","date_gmt":"2021-08-04T14:29:18","guid":{"rendered":"https:\/\/www.md-elektronik.com\/?page_id=7237"},"modified":"2023-05-08T10:38:03","modified_gmt":"2023-05-08T08:38:03","slug":"laboratorio-de-pruebas","status":"publish","type":"page","link":"https:\/\/www.md-elektronik.com\/es\/laboratorio-de-pruebas\/","title":{"rendered":"Laboratorio de pruebas"},"content":{"rendered":"\n\n\t<section class=\"section\" id=\"section_15573625\">\n\t\t<div class=\"section-bg fill\" >\n\t\t\t\t\t\t\t\t\t\n\t\t\t\n\n\t\t<\/div>\n\n\t\t\n\n\t\t<div class=\"section-content relative\">\n\t\t\t\n\n<div class=\"row row-collapse row-full-width align-middle\"  id=\"row-1286144983\">\n\n\n\t<div id=\"col-651431290\" class=\"col hide-for-small medium-6 small-12 large-6\"  data-animate=\"fadeInUp\">\n\t\t\t\t<div class=\"col-inner\"  >\n\t\t\t\n\t\t\t\n\n\t<div class=\"img has-hover x md-x lg-x y md-y lg-y\" id=\"image_354565796\">\n\t\t\t\t\t\t\t\t<div class=\"img-inner image-zoom image-cover dark\" style=\"padding-top:65%;\">\n\t\t\t<img decoding=\"async\" width=\"1024\" height=\"683\" src=\"https:\/\/www.md-elektronik.com\/wp-content\/uploads\/2021\/07\/Optische-Analytik_Roentgen.jpg\" class=\"attachment-original size-original\" alt=\"\" srcset=\"https:\/\/www.md-elektronik.com\/wp-content\/uploads\/2021\/07\/Optische-Analytik_Roentgen.jpg 1024w, https:\/\/www.md-elektronik.com\/wp-content\/uploads\/2021\/07\/Optische-Analytik_Roentgen-300x200.jpg 300w, https:\/\/www.md-elektronik.com\/wp-content\/uploads\/2021\/07\/Optische-Analytik_Roentgen-768x512.jpg 768w\" sizes=\"(max-width: 1024px) 100vw, 1024px\" \/>\t\t\t\t\t\t\n\t\t\t\t\t<\/div>\n\t\t\t\t\t\t\t\t\n<style>\n#image_354565796 {\n  width: 100%;\n}\n<\/style>\n\t<\/div>\n\t\n\n\n\t\t<\/div>\n\t\t\t\t\t<\/div>\n\n\t\n\n\t<div id=\"col-683260522\" class=\"col medium-6 small-12 large-6\"  >\n\t\t\t\t<div class=\"col-inner text-center\"  >\n\t\t\t\n\t\t\t\n\n<h1>Su laboratorio de pruebas acreditado para la industria automotriz<\/h1>\n<p>\u00bfProduce productos de Info Entretenimiento para la industria automotriz y necesita realizar pruebas de laboratorio? \u00bfQuiere lanzar un nuevo producto y necesita un certificado de ensayo acreditado? \u00bfNecesita an\u00e1lisis de l\u00edneas y cables el\u00e9ctricos? \u00bfQuiere probar sus componentes el\u00e9ctricos en una simulaci\u00f3n medioambiental? \u00bfDebe cumplir con requerimientos para inspecciones electrot\u00e9cnicas y necesita asesoramiento?<\/p>\n<p><strong>\u00a1Entonces nuestro laboratorio de pruebas acreditado es el lugar que est\u00e1 buscando!<\/strong><\/p>\n\n\t\t<\/div>\n\t\t\t\t\n<style>\n#col-683260522 > .col-inner {\n  padding: 30px 30px 30px 30px;\n}\n@media (min-width:550px) {\n  #col-683260522 > .col-inner {\n    padding: 60px 60px 60px 60px;\n  }\n}\n<\/style>\n\t<\/div>\n\n\t\n\n\n<style>\n#row-1286144983 > .col > .col-inner {\n  background-color: rgb(255, 255, 255);\n}\n<\/style>\n<\/div>\n\n\t\t<\/div>\n\n\t\t\n<style>\n#section_15573625 {\n  padding-top: 0px;\n  padding-bottom: 0px;\n  background-color: rgb(255,255,255);\n}\n<\/style>\n\t<\/section>\n\t\n\n\t<section class=\"section mb-20 mt-20\" id=\"section_577057887\">\n\t\t<div class=\"section-bg fill\" >\n\t\t\t\t\t\t\t\t\t\n\t\t\t\n\n\t\t<\/div>\n\n\t\t\n\n\t\t<div class=\"section-content relative\">\n\t\t\t\n\n<div class=\"row row-collapse align-middle\"  id=\"row-67851585\">\n\n\n\t<div id=\"col-666146220\" class=\"col small-12 large-12\"  >\n\t\t\t\t<div class=\"col-inner text-center\"  >\n\t\t\t\n\t\t\t\n\n<p>Somos su socio independiente en las pruebas de cables de alta frecuencia para la industria automotriz. Un equipo de 20 ingenieros de pruebas con m\u00e1s de 20 a\u00f1os de experiencia se encargar\u00e1 de realizar sus pruebas con la m\u00e1xima flexibilidad.&nbsp;<\/p>\n<p>Nuestra gama de servicios abarca<\/p>\n<p><em>seguridad del producto,<br \/><\/em><em>pruebas necesarias para el desarrollo de nuevos productos,<br \/><\/em><em>investigaci\u00f3n base,<br \/><\/em><em>simulaci\u00f3n de vida \u00fatil<br \/><\/em><em>as\u00ed como an\u00e1lisis de productos defectuosos.<\/em><\/p>\n\n\t\t<\/div>\n\t\t\t\t\n<style>\n#col-666146220 > .col-inner {\n  padding: 30px 30px 30px 30px;\n}\n@media (min-width:550px) {\n  #col-666146220 > .col-inner {\n    padding: 60px 60px 60px 60px;\n  }\n}\n<\/style>\n\t<\/div>\n\n\t\n\n<\/div>\n\n\t\t<\/div>\n\n\t\t\n<style>\n#section_577057887 {\n  padding-top: 0px;\n  padding-bottom: 0px;\n}\n<\/style>\n\t<\/section>\n\t\n\n\t<section class=\"section mb-20\" id=\"section_1771732563\">\n\t\t<div class=\"section-bg fill\" >\n\t\t\t\t\t\t\t\t\t\n\t\t\t\n\n\t\t<\/div>\n\n\t\t\n\n\t\t<div class=\"section-content relative\">\n\t\t\t\n\n<div class=\"row row-collapse row-full-width align-middle bg-white\"  id=\"row-757096118\">\n\n\n\t<div id=\"col-687627258\" class=\"col medium-6 small-12 large-6\"  >\n\t\t\t\t<div class=\"col-inner text-left\"  >\n\t\t\t\n\t\t\t\n\n\t<div id=\"text-2945686918\" class=\"text\">\n\t\t\n\n<h2><strong>Ventajas para usted:<\/strong><\/h2>\n<ul>\n<li>Acreditaci\u00f3n de acuerdo con la norma ISO IEC 17025 por parte de DAkkS<\/li>\n<li>Calificaci\u00f3n completa de producto de acuerdo con los est\u00e1ndares del sector automotriz y los requisitos de los clientes<\/li>\n<li>Cobertura completa de numerosas normas m\u00e1s relevantes en los grupos de trabajo, entre otras LV 124 y LV 214<\/li>\n<li>Pruebas confidenciales gracias a una estaci\u00f3n de prueba de veh\u00edculos con control de acceso y cerrada al p\u00fablico<\/li>\n<li>Certificado seg\u00fan ISO 9001, IATF 16949<\/li>\n<\/ul>\n\t\t\n<style>\n#text-2945686918 {\n  text-align: left;\n}\n<\/style>\n\t<\/div>\n\t\n\t<div class=\"img has-hover x md-x lg-x y md-y lg-y\" id=\"image_399241118\">\n\t\t\t\t\t\t\t\t<div class=\"img-inner dark\" >\n\t\t\t<img decoding=\"async\" width=\"2560\" height=\"1002\" src=\"https:\/\/www.md-elektronik.com\/wp-content\/uploads\/2022\/02\/DAkkS_Symbol_ILAC_RGB_2.1_DE_small-scaled.jpg\" class=\"attachment-original size-original\" alt=\"\" srcset=\"https:\/\/www.md-elektronik.com\/wp-content\/uploads\/2022\/02\/DAkkS_Symbol_ILAC_RGB_2.1_DE_small-scaled.jpg 2560w, https:\/\/www.md-elektronik.com\/wp-content\/uploads\/2022\/02\/DAkkS_Symbol_ILAC_RGB_2.1_DE_small-300x117.jpg 300w, https:\/\/www.md-elektronik.com\/wp-content\/uploads\/2022\/02\/DAkkS_Symbol_ILAC_RGB_2.1_DE_small-1024x401.jpg 1024w, https:\/\/www.md-elektronik.com\/wp-content\/uploads\/2022\/02\/DAkkS_Symbol_ILAC_RGB_2.1_DE_small-768x301.jpg 768w, https:\/\/www.md-elektronik.com\/wp-content\/uploads\/2022\/02\/DAkkS_Symbol_ILAC_RGB_2.1_DE_small-1536x601.jpg 1536w, https:\/\/www.md-elektronik.com\/wp-content\/uploads\/2022\/02\/DAkkS_Symbol_ILAC_RGB_2.1_DE_small-2048x802.jpg 2048w\" sizes=\"(max-width: 2560px) 100vw, 2560px\" \/>\t\t\t\t\t\t\n\t\t\t\t\t<\/div>\n\t\t\t\t\t\t\t\t\n<style>\n#image_399241118 {\n  width: 50%;\n}\n<\/style>\n\t<\/div>\n\t\n\n\n\t\t<\/div>\n\t\t\t\t\n<style>\n#col-687627258 > .col-inner {\n  padding: 30px 30px 30px 30px;\n}\n@media (min-width:550px) {\n  #col-687627258 > .col-inner {\n    padding: 60px 60px 60px 120px;\n  }\n}\n<\/style>\n\t<\/div>\n\n\t\n\n\t<div id=\"col-301055919\" class=\"col medium-6 small-12 large-6\"  data-animate=\"fadeInUp\">\n\t\t\t\t<div class=\"col-inner\"  >\n\t\t\t\n\t\t\t\n\n\t<div class=\"img has-hover x md-x lg-x y md-y lg-y\" id=\"image_55661995\">\n\t\t\t\t\t\t\t\t<div class=\"img-inner image-zoom image-cover dark\" style=\"padding-top:65%;\">\n\t\t\t<img decoding=\"async\" width=\"1020\" height=\"680\" src=\"https:\/\/www.md-elektronik.com\/wp-content\/uploads\/2021\/07\/Schliffbildanalyse-1024x683.jpg\" class=\"attachment-large size-large\" alt=\"\" srcset=\"https:\/\/www.md-elektronik.com\/wp-content\/uploads\/2021\/07\/Schliffbildanalyse.jpg 1024w, https:\/\/www.md-elektronik.com\/wp-content\/uploads\/2021\/07\/Schliffbildanalyse-300x200.jpg 300w, https:\/\/www.md-elektronik.com\/wp-content\/uploads\/2021\/07\/Schliffbildanalyse-768x512.jpg 768w\" sizes=\"(max-width: 1020px) 100vw, 1020px\" \/>\t\t\t\t\t\t\n\t\t\t\t\t<\/div>\n\t\t\t\t\t\t\t\t\n<style>\n#image_55661995 {\n  width: 100%;\n}\n<\/style>\n\t<\/div>\n\t\n\n\n\t\t<\/div>\n\t\t\t\t\t<\/div>\n\n\t\n\n\n<style>\n#row-757096118 > .col > .col-inner {\n  background-color: rgb(255, 255, 255);\n}\n<\/style>\n<\/div>\n\n\t\t<\/div>\n\n\t\t\n<style>\n#section_1771732563 {\n  padding-top: 0px;\n  padding-bottom: 0px;\n  background-color: #f5f5f7;\n}\n<\/style>\n\t<\/section>\n\t\n\n\t<section class=\"section\" id=\"section_551688340\">\n\t\t<div class=\"section-bg fill\" >\n\t\t\t\t\t\t\t\t\t\n\t\t\t\n\n\t\t<\/div>\n\n\t\t\n\n\t\t<div class=\"section-content relative\">\n\t\t\t\n\n<div class=\"row\"  id=\"row-1680433799\">\n\n\n\t<div id=\"col-538715028\" class=\"col small-12 large-12\"  >\n\t\t\t\t<div class=\"col-inner text-center\"  >\n\t\t\t\n\t\t\t\n\n<h2><strong>Tenemos la soluci\u00f3n \u00f3ptima para usted:<\/strong><\/h2>\n\n\t\t<\/div>\n\t\t\t\t\n<style>\n#col-538715028 > .col-inner {\n  padding: 30px 30px 30px 30px;\n  margin: 0px 0px 0 0px;\n}\n@media (min-width:550px) {\n  #col-538715028 > .col-inner {\n    padding: 60px 60px 0px 60px;\n  }\n}\n<\/style>\n\t<\/div>\n\n\t\n\n<\/div>\n<div class=\"row row-collapse row-full-width align-equal align-center\"  id=\"row-1934665481\">\n\n\n\t<div id=\"col-1137145434\" class=\"col medium-3 small-12 large-3\"  >\n\t\t\t\t<div class=\"col-inner text-center\"  >\n\t\t\t\n\t\t\t\n\n\t<div class=\"img has-hover x md-x lg-x y md-y lg-y\" id=\"image_932099800\">\n\t\t\t\t\t\t\t\t<div class=\"img-inner dark\" >\n\t\t\t<img decoding=\"async\" width=\"600\" height=\"450\" src=\"https:\/\/www.md-elektronik.com\/wp-content\/uploads\/2021\/07\/E-HF.png\" class=\"attachment-large size-large\" alt=\"\" srcset=\"https:\/\/www.md-elektronik.com\/wp-content\/uploads\/2021\/07\/E-HF.png 600w, https:\/\/www.md-elektronik.com\/wp-content\/uploads\/2021\/07\/E-HF-300x225.png 300w\" sizes=\"(max-width: 600px) 100vw, 600px\" \/>\t\t\t\t\t\t\n\t\t\t\t\t<\/div>\n\t\t\t\t\t\t\t\t\n<style>\n#image_932099800 {\n  width: 30%;\n}\n<\/style>\n\t<\/div>\n\t\n\n\t<div id=\"text-977499788\" class=\"text\">\n\t\t\n\n<h3>Tecnolog\u00eda electr\u00f3nica y de alta frecuencia<\/h3>\n<p>\u00bfNecesita medir las propiedades de transmisi\u00f3n de sus cables de alta frecuencia o le gustar\u00eda calificar sus otros productos seg\u00fan las especificaciones de los OEM?&nbsp;<\/p>\n\t\t\n<style>\n#text-977499788 {\n  text-align: center;\n}\n<\/style>\n\t<\/div>\n\t\n<div class=\"accordion lab-accordion\">\n\n\t<div id=\"accordion-485202039\" class=\"accordion-item\">\n\t\t<a id=\"accordion-485202039-label\" class=\"accordion-title plain\" href=\"#accordion-item-m\u00e1s-informaci\u00f3n\" aria-expanded=\"false\" aria-controls=\"accordion-485202039-content\" >\n\t\t\t<button class=\"toggle\" aria-label=\"Toggle\"><i class=\"icon-angle-down\"><\/i><\/button>\n\t\t\t<span>M\u00e1s informaci\u00f3n<\/span>\n\t\t<\/a>\n\t\t<div id=\"accordion-485202039-content\" class=\"accordion-inner\" aria-labelledby=\"accordion-485202039-label\" >\n\t\t\t\n\n\t<div id=\"text-2307951833\" class=\"text\">\n\t\t\n\n<p>Comprobamos las propiedades de transmisi\u00f3n de sus sistemas de transmisi\u00f3n de datos. A partir de los resultados, evaluamos las posibles causas de fallos y aver\u00edas. Tambi\u00e9n podemos determinar las propiedades el\u00e9ctricas de sus componentes, como resistencias, inductancias, capacitancias y fuerzas diel\u00e9ctricas, mediante la simulaci\u00f3n de poder a bordo. Para esto, utilizamos las siguientes tecnolog\u00edas:<\/p>\n<ul>\n<li>Medici\u00f3n de par\u00e1metros el\u00e9ctricos<\/li>\n<li>An\u00e1lisis de red de vectores<\/li>\n<li>Reflexi\u00f3n a trav\u00e9s del tiempo<\/li>\n<li>Simulaci\u00f3n de flujo de bits<\/li>\n<li>Detecci\u00f3n de errores de bit<\/li>\n<li>An\u00e1lisis de protocolos USB 2.0 + 3.0<\/li>\n<li>Osciloscopio (hasta 80 Gs\/s)<\/li>\n<li>Medici\u00f3n triaxial<\/li>\n<\/ul>\n\t\t\n<style>\n#text-2307951833 {\n  text-align: left;\n}\n<\/style>\n\t<\/div>\n\t\n\n\t\t<\/div>\n\t<\/div>\n\t\n\n<\/div>\n\n\t\t<\/div>\n\t\t\t\t\n<style>\n#col-1137145434 > .col-inner {\n  padding: 30px 30px 30px 30px;\n}\n@media (min-width:550px) {\n  #col-1137145434 > .col-inner {\n    padding: 60px 30px 60px 30px;\n  }\n}\n<\/style>\n\t<\/div>\n\n\t\n\n\t<div id=\"col-2069926\" class=\"col medium-3 small-12 large-3\"  >\n\t\t\t\t<div class=\"col-inner text-center\"  >\n\t\t\t\n\t\t\t\n\n\t<div class=\"img has-hover x md-x lg-x y md-y lg-y\" id=\"image_917872620\">\n\t\t\t\t\t\t\t\t<div class=\"img-inner dark\" >\n\t\t\t<img decoding=\"async\" width=\"600\" height=\"450\" src=\"https:\/\/www.md-elektronik.com\/wp-content\/uploads\/2021\/07\/UT.png\" class=\"attachment-large size-large\" alt=\"\" srcset=\"https:\/\/www.md-elektronik.com\/wp-content\/uploads\/2021\/07\/UT.png 600w, https:\/\/www.md-elektronik.com\/wp-content\/uploads\/2021\/07\/UT-300x225.png 300w\" sizes=\"(max-width: 600px) 100vw, 600px\" \/>\t\t\t\t\t\t\n\t\t\t\t\t<\/div>\n\t\t\t\t\t\t\t\t\n<style>\n#image_917872620 {\n  width: 30%;\n}\n<\/style>\n\t<\/div>\n\t\n\n\t<div id=\"text-4123049360\" class=\"text\">\n\t\t\n\n<h3>Simulaci\u00f3n ambiental<\/h3>\n<p>\u00bfNecesita pruebas de envejecimiento a alta temperatura, humedad o condiciones ambientales especiales como neblina salina o gases corrosivos?&nbsp;<\/p>\n\t\t\n<style>\n#text-4123049360 {\n  text-align: center;\n}\n<\/style>\n\t<\/div>\n\t\n<div class=\"accordion lab-accordion\">\n\n\t<div id=\"accordion-2058767031\" class=\"accordion-item\">\n\t\t<a id=\"accordion-2058767031-label\" class=\"accordion-title plain\" href=\"#accordion-item-m\u00e1s-informaci\u00f3n\" aria-expanded=\"false\" aria-controls=\"accordion-2058767031-content\" >\n\t\t\t<button class=\"toggle\" aria-label=\"Toggle\"><i class=\"icon-angle-down\"><\/i><\/button>\n\t\t\t<span>M\u00e1s informaci\u00f3n<\/span>\n\t\t<\/a>\n\t\t<div id=\"accordion-2058767031-content\" class=\"accordion-inner\" aria-labelledby=\"accordion-2058767031-label\" >\n\t\t\t\n\n\t<div id=\"text-212786171\" class=\"text\">\n\t\t\n\n<p>Simulamos el estr\u00e9s al que se someten sus componentes y productos a lo largo de su vida \u00fatil en el veh\u00edculo utilizando sistemas de envejecimiento acelerado. Las influencias y condiciones ambientales se simulan y prueban de forma m\u00e1s rigurosa mediante las siguientes tecnolog\u00edas:<\/p>\n<ul>\n<li>Carga t\u00e9rmica en horno<\/li>\n<li>Carga clim\u00e1tica en la c\u00e1mara clim\u00e1tica<\/li>\n<li>Cambio de temperatura en el armario de choque t\u00e9rmico<\/li>\n<li>Carga por vibraciones<\/li>\n<li>Prueba de gases t\u00f3xicos<\/li>\n<li>Simulaci\u00f3n de luz solar<\/li>\n<li>Pruebas de hermeticidad IPX9K<\/li>\n<\/ul>\n\t\t\n<style>\n#text-212786171 {\n  text-align: left;\n}\n<\/style>\n\t<\/div>\n\t\n\n\t\t<\/div>\n\t<\/div>\n\t\n\n<\/div>\n\n\t\t<\/div>\n\t\t\t\t\n<style>\n#col-2069926 > .col-inner {\n  padding: 30px 30px 30px 30px;\n}\n@media (min-width:550px) {\n  #col-2069926 > .col-inner {\n    padding: 60px 30px 60px 30px;\n  }\n}\n<\/style>\n\t<\/div>\n\n\t\n\n\t<div id=\"col-277332591\" class=\"col medium-3 small-12 large-3\"  >\n\t\t\t\t<div class=\"col-inner text-center\"  >\n\t\t\t\n\t\t\t\n\n\t<div class=\"img has-hover x md-x lg-x y md-y lg-y\" id=\"image_1578831154\">\n\t\t\t\t\t\t\t\t<div class=\"img-inner dark\" >\n\t\t\t<img decoding=\"async\" width=\"600\" height=\"450\" src=\"https:\/\/www.md-elektronik.com\/wp-content\/uploads\/2021\/07\/MP.png\" class=\"attachment-large size-large\" alt=\"\" srcset=\"https:\/\/www.md-elektronik.com\/wp-content\/uploads\/2021\/07\/MP.png 600w, https:\/\/www.md-elektronik.com\/wp-content\/uploads\/2021\/07\/MP-300x225.png 300w\" sizes=\"(max-width: 600px) 100vw, 600px\" \/>\t\t\t\t\t\t\n\t\t\t\t\t<\/div>\n\t\t\t\t\t\t\t\t\n<style>\n#image_1578831154 {\n  width: 30%;\n}\n<\/style>\n\t<\/div>\n\t\n\n\t<div id=\"text-4284368829\" class=\"text\">\n\t\t\n\n<h3>Verificaciones mec\u00e1nicas<\/h3>\n<p>\u00bfNecesita informaci\u00f3n sobre la resistencia a la tracci\u00f3n de sus cables, la resistencia mec\u00e1nica o la resistencia a las altas aceleraciones?<\/p>\n\t\t\n<style>\n#text-4284368829 {\n  text-align: center;\n}\n<\/style>\n\t<\/div>\n\t\n<div class=\"accordion lab-accordion\">\n\n\t<div id=\"accordion-2714475717\" class=\"accordion-item\">\n\t\t<a id=\"accordion-2714475717-label\" class=\"accordion-title plain\" href=\"#accordion-item-m\u00e1s-informaci\u00f3n\" aria-expanded=\"false\" aria-controls=\"accordion-2714475717-content\" >\n\t\t\t<button class=\"toggle\" aria-label=\"Toggle\"><i class=\"icon-angle-down\"><\/i><\/button>\n\t\t\t<span>M\u00e1s informaci\u00f3n<\/span>\n\t\t<\/a>\n\t\t<div id=\"accordion-2714475717-content\" class=\"accordion-inner\" aria-labelledby=\"accordion-2714475717-label\" >\n\t\t\t\n\n\t<div id=\"text-4209755358\" class=\"text\">\n\t\t\n\n<p>Probamos la resistencia mec\u00e1nica de sus componentes y productos. Las pruebas se realizan con las siguientes tecnolog\u00edas:<\/p>\n<ul>\n<li>Prueba de materiales<\/li>\n<li>Ensayos de tracci\u00f3n y presi\u00f3n<\/li>\n<li>Simulaci\u00f3n de ciclos de conexi\u00f3n<\/li>\n<li>Prueba de tracci\u00f3n din\u00e1mica<\/li>\n<li>Prueba de cambio al doblado<\/li>\n<li>Ensayo de flexi\u00f3n a c\u00e1mara lenta<\/li>\n<li>Prueba de vibraci\u00f3n<\/li>\n<li>Verificaci\u00f3n de corrosi\u00f3n por abrasi\u00f3n<\/li>\n<\/ul>\n\t\t\n<style>\n#text-4209755358 {\n  text-align: left;\n}\n<\/style>\n\t<\/div>\n\t\n\n\t\t<\/div>\n\t<\/div>\n\t\n\n<\/div>\n\n\t\t<\/div>\n\t\t\t\t\n<style>\n#col-277332591 > .col-inner {\n  padding: 30px 30px 30px 30px;\n}\n@media (min-width:550px) {\n  #col-277332591 > .col-inner {\n    padding: 60px 30px 60px 30px;\n  }\n}\n<\/style>\n\t<\/div>\n\n\t\n\n\n<style>\n#row-1934665481 > .col > .col-inner {\n  background-color: rgb(255, 255, 255);\n}\n<\/style>\n<\/div>\n<div class=\"row row-collapse row-full-width align-equal align-center\"  id=\"row-1311741838\">\n\n\n\t<div id=\"col-168585170\" class=\"col medium-3 small-12 large-3\"  >\n\t\t\t\t<div class=\"col-inner text-center\"  >\n\t\t\t\n\t\t\t\n\n\t<div class=\"img has-hover x md-x lg-x y md-y lg-y\" id=\"image_2062001234\">\n\t\t\t\t\t\t\t\t<div class=\"img-inner dark\" >\n\t\t\t<img decoding=\"async\" width=\"600\" height=\"450\" src=\"https:\/\/www.md-elektronik.com\/wp-content\/uploads\/2021\/07\/OAMT.png\" class=\"attachment-large size-large\" alt=\"\" srcset=\"https:\/\/www.md-elektronik.com\/wp-content\/uploads\/2021\/07\/OAMT.png 600w, https:\/\/www.md-elektronik.com\/wp-content\/uploads\/2021\/07\/OAMT-300x225.png 300w\" sizes=\"(max-width: 600px) 100vw, 600px\" \/>\t\t\t\t\t\t\n\t\t\t\t\t<\/div>\n\t\t\t\t\t\t\t\t\n<style>\n#image_2062001234 {\n  width: 30%;\n}\n<\/style>\n\t<\/div>\n\t\n\n\t<div id=\"text-3092095576\" class=\"text\">\n\t\t\n\n<h3>An\u00e1lisis \u00f3ptica y t\u00e9cnica de medici\u00f3n<\/h3>\n<p>\u00bfNecesita an\u00e1lisis de muestras de materiales, mediciones de componentes o una tomograf\u00eda por ordenador con Rayos X?&nbsp;<\/p>\n\t\t\n<style>\n#text-3092095576 {\n  text-align: center;\n}\n<\/style>\n\t<\/div>\n\t\n<div class=\"accordion lab-accordion\">\n\n\t<div id=\"accordion-837284748\" class=\"accordion-item\">\n\t\t<a id=\"accordion-837284748-label\" class=\"accordion-title plain\" href=\"#accordion-item-m\u00e1s-informaci\u00f3n\" aria-expanded=\"false\" aria-controls=\"accordion-837284748-content\" >\n\t\t\t<button class=\"toggle\" aria-label=\"Toggle\"><i class=\"icon-angle-down\"><\/i><\/button>\n\t\t\t<span>M\u00e1s informaci\u00f3n<\/span>\n\t\t<\/a>\n\t\t<div id=\"accordion-837284748-content\" class=\"accordion-inner\" aria-labelledby=\"accordion-837284748-label\" >\n\t\t\t\n\n\t<div id=\"text-3141477955\" class=\"text\">\n\t\t\n\n<p>Analizamos sus componentes mediante m\u00e9todos de imagen. Para esto, nos basamos en las siguientes tecnolog\u00edas:<\/p>\n<ul>\n<li>Microscopio digital<\/li>\n<li>Sistemas de medici\u00f3n por coordenadas 3D<\/li>\n<li>Tomograf\u00eda por ordenador con Rayos X (determinaci\u00f3n de medidas ocultas)<\/li>\n<li>Microscopio de escaneo l\u00e1ser<\/li>\n<li>C\u00e1mara de alta velocidad (desarrollo del movimiento)<\/li>\n<li>Detecci\u00f3n de superficies<\/li>\n<\/ul>\n\t\t\n<style>\n#text-3141477955 {\n  text-align: left;\n}\n<\/style>\n\t<\/div>\n\t\n\n\t\t<\/div>\n\t<\/div>\n\t\n\n<\/div>\n\n\t\t<\/div>\n\t\t\t\t\n<style>\n#col-168585170 > .col-inner {\n  padding: 30px 30px 30px 30px;\n}\n@media (min-width:550px) {\n  #col-168585170 > .col-inner {\n    padding: 60px 30px 60px 30px;\n  }\n}\n<\/style>\n\t<\/div>\n\n\t\n\n\t<div id=\"col-2061574009\" class=\"col medium-3 small-12 large-3\"  >\n\t\t\t\t<div class=\"col-inner text-center\"  >\n\t\t\t\n\t\t\t\n\n\t<div class=\"img has-hover x md-x lg-x y md-y lg-y\" id=\"image_2015034075\">\n\t\t\t\t\t\t\t\t<div class=\"img-inner dark\" >\n\t\t\t<img decoding=\"async\" width=\"600\" height=\"450\" src=\"https:\/\/www.md-elektronik.com\/wp-content\/uploads\/2021\/07\/MA.png\" class=\"attachment-large size-large\" alt=\"\" srcset=\"https:\/\/www.md-elektronik.com\/wp-content\/uploads\/2021\/07\/MA.png 600w, https:\/\/www.md-elektronik.com\/wp-content\/uploads\/2021\/07\/MA-300x225.png 300w\" sizes=\"(max-width: 600px) 100vw, 600px\" \/>\t\t\t\t\t\t\n\t\t\t\t\t<\/div>\n\t\t\t\t\t\t\t\t\n<style>\n#image_2015034075 {\n  width: 30%;\n}\n<\/style>\n\t<\/div>\n\t\n\n\t<div id=\"text-303866514\" class=\"text\">\n\t\t\n\n<h3>An\u00e1lisis de material<\/h3>\n<p>\u00bfNecesita an\u00e1lisis de las propiedades t\u00e9rmicas y la composici\u00f3n de sus materiales o la detecci\u00f3n de impurezas?<\/p>\n\t\t\n<style>\n#text-303866514 {\n  text-align: center;\n}\n<\/style>\n\t<\/div>\n\t\n<div class=\"accordion lab-accordion\">\n\n\t<div id=\"accordion-2831257155\" class=\"accordion-item\">\n\t\t<a id=\"accordion-2831257155-label\" class=\"accordion-title plain\" href=\"#accordion-item-m\u00e1s-informaci\u00f3n\" aria-expanded=\"false\" aria-controls=\"accordion-2831257155-content\" >\n\t\t\t<button class=\"toggle\" aria-label=\"Toggle\"><i class=\"icon-angle-down\"><\/i><\/button>\n\t\t\t<span>M\u00e1s informaci\u00f3n<\/span>\n\t\t<\/a>\n\t\t<div id=\"accordion-2831257155-content\" class=\"accordion-inner\" aria-labelledby=\"accordion-2831257155-label\" >\n\t\t\t\n\n\t<div id=\"text-240481401\" class=\"text\">\n\t\t\n\n<p>Analizamos las propiedades de sus materiales mediante diversos m\u00e9todos de an\u00e1lisis t\u00e9rmico y espectroscopia. Aqu\u00ed podemos determinar las temperaturas de transformaci\u00f3n de los procesos de fusi\u00f3n y las descomposiciones pirol\u00edticas, as\u00ed como los cambios en la capacidad calor\u00edfica espec\u00edfica en funci\u00f3n de la temperatura. Para esto, nos basamos en las siguientes tecnolog\u00edas:<\/p>\n<ul>\n<li>Calorimetr\u00eda diferencial<\/li>\n<li>Espectroscopia infrarroja<\/li>\n<li>Espectroscopia acoplada<\/li>\n<li>Microscop\u00eda infrarroja<\/li>\n<li>Ensayos de dureza<\/li>\n<li>Metalograf\u00eda<\/li>\n<\/ul>\n<p>&nbsp;<\/p>\n\t\t\n<style>\n#text-240481401 {\n  text-align: left;\n}\n<\/style>\n\t<\/div>\n\t\n\n\t\t<\/div>\n\t<\/div>\n\t\n\n<\/div>\n\n\t\t<\/div>\n\t\t\t\t\n<style>\n#col-2061574009 > .col-inner {\n  padding: 30px 30px 30px 30px;\n}\n@media (min-width:550px) {\n  #col-2061574009 > .col-inner {\n    padding: 60px 30px 60px 30px;\n  }\n}\n<\/style>\n\t<\/div>\n\n\t\n\n\n<style>\n#row-1311741838 > .col > .col-inner {\n  background-color: rgb(255, 255, 255);\n}\n<\/style>\n<\/div>\n\n\t\t<\/div>\n\n\t\t\n<style>\n#section_551688340 {\n  padding-top: 0px;\n  padding-bottom: 0px;\n  background-color: rgb(255,255,255);\n}\n<\/style>\n\t<\/section>\n\t\n\n\t<section class=\"section mb-20\" id=\"section_1882321240\">\n\t\t<div class=\"section-bg fill\" >\n\t\t\t\t\t\t\t\t\t\n\t\t\t\n\n\t\t<\/div>\n\n\t\t\n\n\t\t<div class=\"section-content relative\">\n\t\t\t\n\n<div class=\"row\"  id=\"row-1979577614\">\n\n\n\t<div id=\"col-1088048458\" class=\"col small-12 large-12\"  >\n\t\t\t\t<div class=\"col-inner text-center\"  >\n\t\t\t\n\t\t\t\n\n<p><strong><span style=\"font-size: 110%;\">\u00bfNecesita alguna prueba o asesoramiento?<\/span> <\/strong><\/p>\n\n\t\t<\/div>\n\t\t\t\t\n<style>\n#col-1088048458 > .col-inner {\n  padding: 30px 30px 30px 30px;\n}\n@media (min-width:550px) {\n  #col-1088048458 > .col-inner {\n    padding: 60px 60px 0px 60px;\n  }\n}\n<\/style>\n\t<\/div>\n\n\t\n\n<\/div>\n<div class=\"row\"  id=\"row-1504391361\">\n\n\n\t<div id=\"col-1488401291\" class=\"col small-12 large-12\"  >\n\t\t\t\t<div class=\"col-inner text-center\"  >\n\t\t\t\n\t\t\t\n\n<a href=\"mailto:testlab@md-elektronik.de\" class=\"button primary is-outline\"  style=\"border-radius:99px;\">\n\t\t<span>\u00a1P\u00f3ngase en contacto con nosotros!<\/span>\n\t<i class=\"icon-angle-right\" aria-hidden=\"true\" ><\/i><\/a>\n\n\n\n\t\t<\/div>\n\t\t\t\t\n<style>\n#col-1488401291 > .col-inner {\n  padding: 0px 0px 0px 0px;\n}\n<\/style>\n\t<\/div>\n\n\t\n\n<\/div>\n\n\t\t<\/div>\n\n\t\t\n<style>\n#section_1882321240 {\n  padding-top: 0px;\n  padding-bottom: 0px;\n}\n<\/style>\n\t<\/section>\n\t\n\n","protected":false},"excerpt":{"rendered":"","protected":false},"author":1,"featured_media":0,"parent":0,"menu_order":300,"comment_status":"closed","ping_status":"closed","template":"page-blank.php","meta":{"footnotes":""},"class_list":["post-7237","page","type-page","status-publish","hentry"],"_links":{"self":[{"href":"https:\/\/www.md-elektronik.com\/es\/wp-json\/wp\/v2\/pages\/7237","targetHints":{"allow":["GET"]}}],"collection":[{"href":"https:\/\/www.md-elektronik.com\/es\/wp-json\/wp\/v2\/pages"}],"about":[{"href":"https:\/\/www.md-elektronik.com\/es\/wp-json\/wp\/v2\/types\/page"}],"author":[{"embeddable":true,"href":"https:\/\/www.md-elektronik.com\/es\/wp-json\/wp\/v2\/users\/1"}],"replies":[{"embeddable":true,"href":"https:\/\/www.md-elektronik.com\/es\/wp-json\/wp\/v2\/comments?post=7237"}],"version-history":[{"count":19,"href":"https:\/\/www.md-elektronik.com\/es\/wp-json\/wp\/v2\/pages\/7237\/revisions"}],"predecessor-version":[{"id":15531,"href":"https:\/\/www.md-elektronik.com\/es\/wp-json\/wp\/v2\/pages\/7237\/revisions\/15531"}],"wp:attachment":[{"href":"https:\/\/www.md-elektronik.com\/es\/wp-json\/wp\/v2\/media?parent=7237"}],"curies":[{"name":"wp","href":"https:\/\/api.w.org\/{rel}","templated":true}]}}