{"id":21243,"date":"2024-02-14T08:20:56","date_gmt":"2024-02-14T07:20:56","guid":{"rendered":"https:\/\/www.md-elektronik.com\/%e5%85%b3%e4%ba%8e%e6%88%91%e4%bb%ac\/certificates\/"},"modified":"2026-03-24T09:57:00","modified_gmt":"2026-03-24T08:57:00","slug":"%e8%af%81%e4%b9%a6","status":"publish","type":"page","link":"https:\/\/www.md-elektronik.com\/zh-hans\/%e5%85%b3%e4%ba%8e%e6%88%91%e4%bb%ac\/%e8%af%81%e4%b9%a6\/","title":{"rendered":"\u8bc1\u4e66"},"content":{"rendered":"\n<div class=\"row\"  id=\"row-1368658511\">\n\n\n\t<div id=\"col-861813206\" class=\"col medium-4 small-12 large-4\"  >\n\t\t\t\t<div class=\"col-inner\"  >\n\t\t\t\n\t\t\t\n\n<h2>\u8d28\u91cf<\/h2>\n<p><strong>MD ELEKTRONIK <\/strong><strong>\u2013<\/strong> <strong>\u5fb7\u56fd<\/strong> <strong>\u2013<\/strong><strong> ISO 9001<\/strong><\/p>\n<ul>\n<li><a href=\"https:\/\/www.md-elektronik.com\/wp-content\/uploads\/2024\/07\/16739ms_de.pdf\">\u5fb7\u6587\u7248<\/a><\/li>\n<li><a href=\"https:\/\/www.md-elektronik.com\/wp-content\/uploads\/2024\/07\/16739ms_en.pdf\">\u82f1\u6587\u7248<\/a><\/li>\n<\/ul>\n<p><strong>MD ELEKTRONIK <\/strong><strong>\u2013<\/strong> <strong>\u6377\u514b\u5171\u548c\u56fd<\/strong> <strong>\u2013<\/strong><strong> IATF 16949<\/strong><\/p>\n<ul>\n<li><a href=\"https:\/\/www.md-elektronik.com\/wp-content\/uploads\/2025\/08\/16739msIATF_ts02.pdf\">\u6377\u514b\u8bed\u7248<\/a><\/li>\n<li><a href=\"https:\/\/www.md-elektronik.com\/wp-content\/uploads\/2025\/08\/16739msIATF_en02.pdf\">\u82f1\u6587\u7248<\/a><\/li>\n<\/ul>\n<p><strong>MD ELECTRONICS <\/strong><strong>\u2013<\/strong> <strong>\u4e2d\u56fd<\/strong><strong>\uff08<\/strong><strong>\u5317\u4eac<\/strong><strong>\uff09<\/strong> <strong>\u2013<\/strong><strong> IATF 16949<\/strong><\/p>\n<ul>\n<li><a href=\"https:\/\/www.md-elektronik.com\/wp-content\/uploads\/2023\/12\/16739msIATF_chi03.pdf\">\u4e2d\u6587\u7248<\/a><\/li>\n<li><a href=\"https:\/\/www.md-elektronik.com\/wp-content\/uploads\/2023\/12\/16739msIATF_en03.pdf\">\u82f1\u6587\u7248<\/a><\/li>\n<\/ul>\n<p><strong>MD ELECTRONICS <\/strong><strong>\u2013<\/strong> <strong>\u4e2d\u56fd<\/strong><strong>\uff08<\/strong><strong>\u5e38\u5dde<\/strong><strong>\uff09<\/strong> <strong>\u2013<\/strong><strong> IATF 16949<\/strong><\/p>\n<ul>\n<li><a href=\"https:\/\/www.md-elektronik.com\/wp-content\/uploads\/2024\/11\/16739msIATF_chi06.pdf\">\u4e2d\u6587\u7248<\/a><\/li>\n<li><a href=\"https:\/\/www.md-elektronik.com\/wp-content\/uploads\/2024\/11\/16739msIATF_en06.pdf\">\u82f1\u6587\u7248<\/a><\/li>\n<\/ul>\n<p><strong>MD ELEKTRONIK <\/strong><strong>\u2013<\/strong> <strong>\u58a8\u897f\u54e5<\/strong> <strong>\u2013<\/strong><strong>\u00a0 IATF 16949<\/strong><\/p>\n<ul>\n<li><a href=\"https:\/\/www.md-elektronik.com\/wp-content\/uploads\/2024\/07\/16739msIATF_sp05.pdf\">\u897f\u73ed\u7259\u8bed\u7248<\/a><\/li>\n<li><a href=\"https:\/\/www.md-elektronik.com\/wp-content\/uploads\/2024\/07\/16739msIATF_en05.pdf\">\u82f1\u6587\u7248<\/a><\/li>\n<\/ul>\n<p><strong>MD ELEKTRONIK <\/strong><strong>\u2013<\/strong> <strong>\u4fdd\u52a0\u5229\u4e9a<\/strong> <strong>\u2013<\/strong><strong>\u00a0 IATF 16949<\/strong><\/p>\n<ul>\n<li><a href=\"https:\/\/www.md-elektronik.com\/wp-content\/uploads\/2024\/11\/16739msIATF_bul07.pdf\">\u4fdd\u52a0\u5229\u4e9a\u8bed\u7248<\/a><\/li>\n<li><a href=\"https:\/\/www.md-elektronik.com\/wp-content\/uploads\/2024\/11\/16739msIATF_en07.pdf\">\u82f1\u6587\u7248<\/a><\/li>\n<\/ul>\n\n\t\t<\/div>\n\t\t\t\t\t<\/div>\n\n\t\n\n\t<div id=\"col-1844146110\" class=\"col medium-4 small-12 large-4\"  >\n\t\t\t\t<div class=\"col-inner\"  >\n\t\t\t\n\t\t\t\n\n<h2>\u73af\u5883, \u52b3\u52a8\u4e0e\u5065\u5eb7\u4fdd\u62a4<\/h2>\n<p><strong>MD ELEKTRONIK <\/strong><strong>\u2013<\/strong> \u5168\u7403\u00a0<strong>\u2013<\/strong><strong> ISO 14001<\/strong><strong><span lang=\"de\" data-ogsc=\"rgb(31, 73, 125)\">\/ ISO 45001<\/span><br \/><\/strong><\/p>\n<ul>\n<li><a href=\"https:\/\/www.md-elektronik.com\/wp-content\/uploads\/2024\/11\/Hauptzertifikat_14001_45001_DE.pd\">\u4e3b\u8bc1\u4e66\uff08\u5fb7\u6587\u7248\uff09<\/a><\/li>\n<li><a href=\"https:\/\/www.md-elektronik.com\/wp-content\/uploads\/2024\/11\/Hauptzertifikat_14001_45001_EN.pdf\">\u4e3b\u8bc1\u4e66\uff08\u82f1\u6587\u7248\uff09<\/a><\/li>\n<\/ul>\n<p><strong>MD ELEKTRONIK <\/strong><strong>\u2013<\/strong> <strong>\u5fb7\u56fd<\/strong> <strong>\u2013<\/strong><strong> ISO 14001<\/strong><strong><span lang=\"de\" data-ogsc=\"rgb(31, 73, 125)\">\/ ISO 45001<\/span><br \/><\/strong><\/p>\n<ul>\n<li><a href=\"https:\/\/www.md-elektronik.com\/wp-content\/uploads\/2024\/02\/14001_45001_Waldkraiburg_20240214_de.pdf\">\u5fb7\u6587\u7248<\/a><\/li>\n<li><a href=\"https:\/\/www.md-elektronik.com\/wp-content\/uploads\/2024\/02\/14001_45001_Waldkraiburg_20240214_en.pdf\">\u82f1\u6587\u7248<\/a><\/li>\n<\/ul>\n<p><strong>MD ELEKTRONIK \u2013 \u6377\u514b\u5171\u548c\u56fd (Chot\u011b\u0161ov) &#8211; ISO 14001<span lang=\"de\" data-ogsc=\"rgb(31, 73, 125)\">\/ ISO 45001<\/span><\/strong><\/p>\n<ul>\n<li><a href=\"https:\/\/www.md-elektronik.com\/wp-content\/uploads\/2024\/03\/14001_45001_CZ-Chotesov_20240803_v2_cs.pdf\">\u6377\u514b\u8bed\u7248<\/a><\/li>\n<li><a href=\"https:\/\/www.md-elektronik.com\/wp-content\/uploads\/2024\/03\/14001_45001_CZ-Chotesov_20240803_en.pdf\">\u82f1\u6587\u7248<\/a><\/li>\n<\/ul>\n<p><strong>MD ELEKTRONIK \u2013 \u6377\u514b\u5171\u548c\u56fd (Pilsen, \u00dan\u011b\u0161ovsk\u00e1) &#8211; ISO 14001<span lang=\"de\" data-ogsc=\"rgb(31, 73, 125)\">\/ ISO 45001<\/span><\/strong><\/p>\n<ul>\n<li><a href=\"https:\/\/www.md-elektronik.com\/wp-content\/uploads\/2024\/03\/14001_45001_CZ-Plzen_U_20240803_cs.pdf\">\u6377\u514b\u8bed\u7248<\/a><\/li>\n<li><a href=\"https:\/\/www.md-elektronik.com\/wp-content\/uploads\/2024\/03\/14001_45001_CZ-Plzen_U_20240803_en.pdf\">\u82f1\u6587\u7248<\/a><\/li>\n<\/ul>\n<p><strong>MD ELEKTRONIK \u2013 \u6377\u514b\u5171\u548c\u56fd (Pilsen, Obchodn\u00ed) &#8211; ISO 14001<span lang=\"de\" data-ogsc=\"rgb(31, 73, 125)\">\/ ISO 45001<\/span><\/strong><\/p>\n<ul>\n<li><a href=\"https:\/\/www.md-elektronik.com\/wp-content\/uploads\/2024\/03\/14001_45001_CZ-Plzen_O_20240803_cs.pdf\">\u6377\u514b\u8bed\u7248<\/a><\/li>\n<li><a href=\"https:\/\/www.md-elektronik.com\/wp-content\/uploads\/2024\/03\/14001_45001_CZ-Plzen_O_20240803_en.pdf\">\u82f1\u6587\u7248<\/a><\/li>\n<\/ul>\n<p><strong>MD ELECTRONICS \u2013 \u4e2d\u56fd\uff08\u5317\u4eac\uff09 &#8211; ISO 14001\/ ISO 45001<\/strong><\/p>\n<ul>\n<li><a href=\"https:\/\/www.md-elektronik.com\/wp-content\/uploads\/2024\/02\/14001_45001_CN-Beijing_20241502_cn.pdf\">\u4e2d\u6587\u7248<\/a><\/li>\n<li><a href=\"https:\/\/www.md-elektronik.com\/wp-content\/uploads\/2024\/02\/14001_45001_CN-Beijing_20241502_en.pdf\">\u82f1\u6587\u7248<\/a><\/li>\n<\/ul>\n<p><strong>MD ELECTRONICS \u2013 \u4e2d\u56fd\uff08\u5e38\u5dde\uff09 &#8211; \u00a0ISO 14001\/ ISO 45001<\/strong><\/p>\n<ul>\n<li><a href=\"https:\/\/www.md-elektronik.com\/wp-content\/uploads\/2024\/02\/14001_45001_CN-Changzhou_20240214_cn.pdf\">\u4e2d\u6587\u7248<\/a><\/li>\n<li><a href=\"https:\/\/www.md-elektronik.com\/wp-content\/uploads\/2024\/02\/14001_45001_CN-Changzhou_20240214_en.pdf\">\u82f1\u6587\u7248<\/a><\/li>\n<\/ul>\n<p><strong>MD ELEKTRONIK \u2013 \u58a8\u897f\u54e5 &#8211; ISO 14001<span lang=\"de\" data-ogsc=\"rgb(31, 73, 125)\">\/ ISO 45001<\/span><\/strong><\/p>\n<ul>\n<li><a href=\"https:\/\/www.md-elektronik.com\/wp-content\/uploads\/2024\/11\/Zertifikat-MDMX_ES_14001_45001.pdf\">\u897f\u73ed\u7259\u8bed\u7248<\/a><\/li>\n<li><a href=\"https:\/\/www.md-elektronik.com\/wp-content\/uploads\/2024\/11\/Zertifikat-MDMX_EN14001_45001-2.pdf\">\u82f1\u6587\u7248<\/a><\/li>\n<li><a href=\"https:\/\/www.md-elektronik.com\/wp-content\/uploads\/2024\/11\/Zertifikat-MDMX_DE_14001_45001.pdf\">\u5fb7\u6587\u7248<\/a><\/li>\n<\/ul>\n<p><strong>MD ELEKTRONIK \u2013 \u4fdd\u52a0\u5229\u4e9a &#8211; ISO 14001<span lang=\"de\" data-ogsc=\"rgb(31, 73, 125)\">\/ ISO 45001<\/span><\/strong><\/p>\n<ul>\n<li><a href=\"https:\/\/www.md-elektronik.com\/wp-content\/uploads\/2024\/02\/16739ms_08_EOOD_141_451_DIN_EN_ISO_14001_45001_bg.pdf\">\u4fdd\u52a0\u5229\u4e9a\u8bed\u7248<\/a><\/li>\n<li><a href=\"https:\/\/www.md-elektronik.com\/wp-content\/uploads\/2024\/02\/16739ms_08_EOOD_141_451_DIN_EN_ISO_14001_45001_en.pdf\">\u82f1\u6587\u7248<\/a><\/li>\n<\/ul>\n\n\t\t<\/div>\n\t\t\t\t\t<\/div>\n\n\t\n\n\t<div id=\"col-719014771\" class=\"col medium-4 small-12 large-4\"  >\n\t\t\t\t<div class=\"col-inner\"  >\n\t\t\t\n\t\t\t\n\n<h2>\u8ba4\u53ef\u5b9e\u9a8c\u5ba4<\/h2>\n<p><strong>MD ELEKTRONIK \u2013 \u5fb7\u56fd<\/strong><\/p>\n<ul>\n<li><a href=\"https:\/\/www.md-elektronik.com\/wp-content\/uploads\/2024\/03\/Akkreditierungsurkunde-DAkkS-D-PL-19548-01-01.pdf\"> \u5fb7\u56fd\u8ba4\u8bc1\u673a\u6784\uff08DAkkS\uff09\u7684\u8ba4\u8bc1 D-PL-19548-01-01 (\u5fb7\u8bed<\/a>)<\/li>\n<li><a href=\"https:\/\/www.md-elektronik.com\/wp-content\/uploads\/2024\/03\/Akkreditierungsurkunde-DAkkS-D-PL-19548-01-03.pdf\"> \u5fb7\u56fd\u8ba4\u8bc1\u673a\u6784\uff08DAkkS\uff09\u7684\u8ba4\u8bc1 D-PL-19548-01-03 (\u5fb7\u8bed)<\/a><\/li>\n<li><a href=\"https:\/\/www.md-elektronik.com\/wp-content\/uploads\/2026\/01\/C43615-DE-LALG-70098652-Liste-der-Verfahren-Standort-MDD.pdf\">\u7a0b\u5e8f\u5217\u8868\u2014\u5730\u70b9 MD(D)<\/a><\/li>\n<li><a href=\"https:\/\/www.md-elektronik.com\/wp-content\/uploads\/2025\/01\/MD-Test-Laboratory-decision-rules.pdf\">\u51b3\u7b56\u89c4\u5219 (\u82f1\u8bed)<\/a><\/li>\n<\/ul>\n<p><img decoding=\"async\" class=\"alignnone  wp-image-9025\" src=\"https:\/\/www.md-elektronik.com\/wp-content\/uploads\/2024\/07\/D-PL-19548-01-00_DAkkS_Symbol_ILAC_RGB_2.1-scaled.jpg\" alt=\"\" width=\"160\" height=\"61\" \/><\/p>\n<p><em><sub>\u8ba4\u8bc1\u5bf9\u6587\u4ef6\u9644\u4ef6 D-PL-22492-01-01 \u548c D-PL-22492-01-03 \u4e2d\u89c4\u5b9a\u7684\u8303\u56f4\u6709\u6548\u3002<br \/><\/sub><\/em><\/p>\n<p><strong>MD ELEKTRONIK <\/strong><strong>\u2013<\/strong> <strong>\u6377\u514b\u5171\u548c\u56fd<\/strong><\/p>\n<ul>\n<li><a href=\"https:\/\/www.md-elektronik.com\/wp-content\/uploads\/2025\/03\/Akkreditierungsurkunde-DAkkS-D-PL-19548-01-02.pdf\" target=\"_blank\" rel=\"noopener noreferrer\">\u5fb7\u56fd\u8ba4\u8bc1\u673a\u6784\uff08DAkkS)\u00a0 D-PL-19548-01-02 \u7684\u8ba4\u8bc1 (\u5fb7\u6587\u7248)<\/a><\/li>\n<li><a href=\"https:\/\/www.md-elektronik.com\/wp-content\/uploads\/2024\/10\/List-of-test-methods-location-MDCZ.pdf\">\u6d4b\u8bd5\u65b9\u6cd5\u6e05\u5355 &#8211; MD (CZ\uff09\u4f4d\u7f6e<\/a><\/li>\n<li><a href=\"https:\/\/www.md-elektronik.com\/wp-content\/uploads\/2025\/01\/MD-Test-Laboratory-decision-rules.pdf\">\u51b3\u7b56\u89c4\u5219 (\u82f1\u8bed)<\/a><\/li>\n<\/ul>\n<p><img decoding=\"async\" class=\"alignnone  wp-image-9019\" src=\"https:\/\/www.md-elektronik.com\/wp-content\/uploads\/2022\/02\/DAkkS_Symbol_ILAC_RGB_2.1_CZ_small-300x117.jpg\" alt=\"\" width=\"156\" height=\"61\" srcset=\"https:\/\/www.md-elektronik.com\/wp-content\/uploads\/2022\/02\/DAkkS_Symbol_ILAC_RGB_2.1_CZ_small-300x117.jpg 300w, https:\/\/www.md-elektronik.com\/wp-content\/uploads\/2022\/02\/DAkkS_Symbol_ILAC_RGB_2.1_CZ_small-1024x401.jpg 1024w, https:\/\/www.md-elektronik.com\/wp-content\/uploads\/2022\/02\/DAkkS_Symbol_ILAC_RGB_2.1_CZ_small-768x301.jpg 768w, https:\/\/www.md-elektronik.com\/wp-content\/uploads\/2022\/02\/DAkkS_Symbol_ILAC_RGB_2.1_CZ_small-1536x601.jpg 1536w, https:\/\/www.md-elektronik.com\/wp-content\/uploads\/2022\/02\/DAkkS_Symbol_ILAC_RGB_2.1_CZ_small-2048x802.jpg 2048w\" sizes=\"(max-width: 156px) 100vw, 156px\" \/><\/p>\n<p><em><sub>\u8ba4\u8bc1\u9002\u7528\u4e8e\u8bc1\u4e66\u9644\u4ef6 D-PL-19548-01-02 \u4e2d\u89c4\u5b9a\u7684\u8303\u56f4g<\/sub><\/em><\/p>\n<p>\u00a0<\/p>\n<p><strong>MD ELECTRONICS \u2013 \u4e2d\u56fd\uff08\u5e38\u5dde\uff09<\/strong><\/p>\n<ul>\n<li><a href=\"https:\/\/www.md-elektronik.com\/wp-content\/uploads\/2026\/03\/Accreditation-of-the-German-National-Accreditation-Body-DAkkS-D-PL-22492-01-00.pdf\" target=\"_blank\" rel=\"noopener noreferrer\">\u5fb7\u56fd\u8ba4\u8bc1\u673a\u6784 (DAkkS\uff09\u7684\u8ba4\u8bc1 D-PL-22492-01-00 (\u82f1\u6587\u7248)<\/a>\u00a0<\/li>\n<li><a href=\"https:\/\/www.md-elektronik.com\/wp-content\/uploads\/2025\/01\/List-of-Test-Methods-Location-MDCN.C.pdf\">\u6d4b\u8bd5\u65b9\u6cd5\u6e05\u5355 \u2013 MD(CN.C)\uff08\u82f1\u8bed)<\/a><\/li>\n<li><a href=\"https:\/\/www.md-elektronik.com\/wp-content\/uploads\/2025\/01\/MD-Test-Laboratory-decision-rules.pdf\">\u51b3\u7b56\u89c4\u5219 (\u82f1\u8bed)<\/a><\/li>\n<\/ul>\n<p><img decoding=\"async\" class=\"alignnone  wp-image-9019\" src=\"https:\/\/www.md-elektronik.com\/wp-content\/uploads\/2026\/03\/ILACDAKKS-RGB_D-PL-22492-01-00-scaled.jpg\" alt=\"\" width=\"160\" height=\"61\" \/><\/p>\n<p><em><sub>\u8ba4\u8bc1\u9002\u7528\u4e8e\u8bc1\u4e66\u9644\u4ef6 D-PL-22492-01-00 \u4e2d\u89c4\u5b9a\u7684\u8303\u56f4g<\/sub><\/em><\/p>\n<p>\u00a0<\/p>\n<h2>\u672a\u7ecf\u8ba4\u53ef\u7684\u5b9e\u9a8c\u5ba4<\/h2>\n<p><strong>MD ELEKTRONIK \u2013 \u58a8\u897f\u54e5<\/strong><\/p>\n<ul>\n<li><a href=\"https:\/\/www.md-elektronik.com\/wp-content\/uploads\/2025\/01\/MD-Test-Laboratory-decision-rules.pdf\">\u51b3\u7b56\u89c4\u5219<\/a><\/li>\n<li><a href=\"https:\/\/www.md-elektronik.com\/wp-content\/uploads\/2025\/02\/List-of-test-methods-location-MDMX.pdf\">\u6d4b\u8bd5\u65b9\u6cd5\u5217\u8868\u2014\u2014\u672c\u5730\u5316MD\uff08MX)<\/a><\/li>\n<\/ul>\n\n\t\t<\/div>\n\t\t\t\t\t<\/div>\n\n\t\n\n<\/div>\n\n","protected":false},"excerpt":{"rendered":"","protected":false},"author":2,"featured_media":0,"parent":5719,"menu_order":0,"comment_status":"closed","ping_status":"closed","template":"","meta":{"footnotes":""},"class_list":["post-21243","page","type-page","status-publish","hentry"],"_links":{"self":[{"href":"https:\/\/www.md-elektronik.com\/zh-hans\/wp-json\/wp\/v2\/pages\/21243","targetHints":{"allow":["GET"]}}],"collection":[{"href":"https:\/\/www.md-elektronik.com\/zh-hans\/wp-json\/wp\/v2\/pages"}],"about":[{"href":"https:\/\/www.md-elektronik.com\/zh-hans\/wp-json\/wp\/v2\/types\/page"}],"author":[{"embeddable":true,"href":"https:\/\/www.md-elektronik.com\/zh-hans\/wp-json\/wp\/v2\/users\/2"}],"replies":[{"embeddable":true,"href":"https:\/\/www.md-elektronik.com\/zh-hans\/wp-json\/wp\/v2\/comments?post=21243"}],"version-history":[{"count":60,"href":"https:\/\/www.md-elektronik.com\/zh-hans\/wp-json\/wp\/v2\/pages\/21243\/revisions"}],"predecessor-version":[{"id":31782,"href":"https:\/\/www.md-elektronik.com\/zh-hans\/wp-json\/wp\/v2\/pages\/21243\/revisions\/31782"}],"up":[{"embeddable":true,"href":"https:\/\/www.md-elektronik.com\/zh-hans\/wp-json\/wp\/v2\/pages\/5719"}],"wp:attachment":[{"href":"https:\/\/www.md-elektronik.com\/zh-hans\/wp-json\/wp\/v2\/media?parent=21243"}],"curies":[{"name":"wp","href":"https:\/\/api.w.org\/{rel}","templated":true}]}}